{"id":91,"date":"2020-05-04T10:18:11","date_gmt":"2020-05-04T13:18:11","guid":{"rendered":"http:\/\/maranghello.com.ar\/viajes\/?page_id=91"},"modified":"2023-05-13T16:03:55","modified_gmt":"2023-05-13T19:03:55","slug":"viajeros-temporada-1-4","status":"publish","type":"page","link":"https:\/\/maranghello.com.ar\/viajes\/index.php\/viajeros-temporada-1-4\/","title":{"rendered":"Viajeros, Temporada 1, Cap\u00edtulo 4"},"content":{"rendered":"\n<h2 class=\"wp-block-heading\">Cap\u00edtulo 4, La moto, el medio para cumplir la misi\u00f3n.<\/h2>\n\n\n\n<figure class=\"wp-block-audio\"><audio controls src=\"http:\/\/maranghello.com.ar\/viajes\/wp-content\/uploads\/2020\/05\/T1-Capitulo04.mp3\"><\/audio><\/figure>\n\n\n\n<p class=\"has-medium-font-size\">Volvimos a Buenos Aires y comenzamos a planear el viaje para Semana Santa. Pensando en que deber\u00edamos viajar los dos en el mismo veh\u00edculo y por razones de seguridad, en primera instancia orient\u00e9 mi b\u00fasqueda para dar con alg\u00fan servicio que alquilen cuatriciclos en Salta. A poco de buscar informaci\u00f3n, analizando los largos trayectos, la velocidad de desplazamiento y la autonom\u00eda, ca\u00ed en la cuenta que la soluci\u00f3n era volver a lo que hab\u00eda visto que funcionar\u00eda: una moto. Reorientada la b\u00fasqueda, di con un servicio de alquiler de motos en la ciudad de Salta,&nbsp;<a href=\"http:\/\/www.motoalquilersalta.com.ar\/\">Moto Alquiler Salta<\/a>. La \u00faltima vez que hab\u00eda estado sobre una moto hab\u00eda sido en el campo de mi primo, all\u00e1 por fines de los \u00b470. Nunca fue una opci\u00f3n para m\u00ed subir a una moto; siempre pensaba que se viajaba mejor en auto y de hecho, se viaja \u00a8mejor\u00a8. Adem\u00e1s, no contaba con licencia. Al comunicarme con Carlos, fui al grano y le cont\u00e9 con total honestidad lo que necesit\u00e1bamos hacer; mi falta de experiencia y licencia. Respecto a la licencia, me coment\u00f3 que no habr\u00eda mayores inconvenientes para el recorrido que quer\u00edamos hacer. En relaci\u00f3n a mi inexperiencia, confi\u00f3 en que podr\u00eda hacer el viaje; sinceramente no tengo manera de saber por qu\u00e9.<\/p>\n\n\n\n<p class=\"has-medium-font-size\">Finalmente elegimos el fin de semana extra largo, feriado puente del 1 de mayo de 2012. No ten\u00edamos ropa adecuada, ni la m\u00e1s m\u00ednima idea de lo que est\u00e1bamos por hacer, pero hacia all\u00e1 fuimos. Ese primer d\u00eda, bajamos del avi\u00f3n cerca de las ocho de la ma\u00f1ana; fuimos hacia el hotel. Dejamos la valija, y nos dirigimos a buscar la moto. Carlos, el due\u00f1o del servicio, me sugiri\u00f3 que diera una vuelta a la manzana antes que subamos los dos. Sinceramente me sent\u00ed bastante raro y algo temeroso en los primero metros. Al completar la vuelta, sub\u00ed a mi mujer y partimos. Una hora despu\u00e9s, &nbsp;est\u00e1bamos transitando la RN51 en una Yamaha XTZ250 rodeados de cerros, en un d\u00eda fr\u00edo pero totalmente soleado.<\/p>\n\n\n\n<figure class=\"wp-block-image\"><img decoding=\"async\" src=\"http:\/\/maranghello.com.ar\/piloto\/wp-content\/uploads\/2020\/04\/DSC_7031-1024x681.jpg\" alt=\"\" class=\"wp-image-290\"\/><\/figure>\n\n\n\n<p class=\"has-medium-font-size\">De a poco iba conociendo los movimientos que hac\u00edan m\u00e1s f\u00e1cil encarar las interminables curvas que tiene la ruta; el viento era intenso. Recuerdo que una r\u00e1faga que superaba f\u00e1cilmente los 60 km\/h, me tom\u00f3 de costado en plena curva y casi me saca del asfalto. Llegamos al desv\u00edo y tomamos el camino de ripio. A solo cien metros del la ruta, debimos cruzar el primer vado; pude tomarlo por el costado y no nos mojamos tanto. El ripio no me trajo mayores dificultades, aunque recuerdo en un cruce de v\u00edas del Tren a las Nubes, tuvimos un peque\u00f1o derrape ya que las v\u00edas cruzaban en forma oblicua el camino. Al llegar al cruce m\u00e1s complicado del r\u00edo, \u00e9ste ven\u00eda con mucho caudal, creando un escal\u00f3n de unos 40 cent\u00edmetros que hac\u00edan muy dif\u00edcil la entrada y la salida del mismo, sumando a la vez que el lecho del r\u00edo era de canto rodado de gran tama\u00f1o, por lo que consider\u00e9 que no podr\u00eda cruzar con mi mujer como acompa\u00f1ante. Mientras buscaba opciones r\u00edo arriba o r\u00edo abajo, mi mujer sugiri\u00f3 que crucemos por las v\u00edas del puente del ferrocarril. Volvimos hacia atr\u00e1s y all\u00ed encontramos huellas de autos que claramente estaban pasando por all\u00ed para cruzar el r\u00edo. Con mucha precauci\u00f3n, encaramos el cruce; la altura del puente era para asustar a cualquier peat\u00f3n y ah\u00ed est\u00e1bamos, cruz\u00e1ndolo en una moto en la que llev\u00e1bamos un bid\u00f3n con gasolina extra, una botella de agua y la mochila con la c\u00e1mara fotogr\u00e1fica de mi mujer . Vencido el obst\u00e1culo, retomamos el camino; el sol y el cielo azul iluminaban los cerros multicolores de la quebrada; hac\u00eda 5 horas que hab\u00edamos bajado de un avi\u00f3n proveniente de Buenos Aires. Mientras el camino se iba poniendo m\u00e1s rocoso, no sal\u00eda del \u00e9xtasis de estar en semejante aventura. La temperatura era agradable gracias al sol, pero el aire se notaba muy fr\u00edo, teniendo en cuenta que ya est\u00e1bamos a 3.000 metros sobre el nivel del mar. En un momento, veo salir un camino a la derecha y una peque\u00f1a flecha que se\u00f1alaba El Rosal. Tomamos ese camino; era m\u00e1s rocoso, por lo que mis brazos sent\u00edan el esfuerzo de llevar la moto. Nada importaba; ya pod\u00eda ver el pico nevado del otro coloso, el Nevado de Cha\u00f1i, 5.896 metros de altura. Transit\u00e1bamos por una quebrada y pronto se comenz\u00f3 a notar un valle a la izquierda, demarcado por un muro de pirca y a lo lejos not\u00e9 una construcci\u00f3n; mientras nos acerc\u00e1bamos, entend\u00ed que se trataba de la Capilla de El Rosal, nuestro destino.<\/p>\n\n\n\n<figure class=\"wp-block-image\"><img decoding=\"async\" src=\"http:\/\/maranghello.com.ar\/piloto\/wp-content\/uploads\/2020\/04\/DSC_7232-1024x681.jpg\" alt=\"\" class=\"wp-image-291\"\/><\/figure>\n\n\n\n<p class=\"has-medium-font-size\">Fue un momento de profunda emoci\u00f3n o mejor dicho, de una catarata de emociones; el esfuerzo, la aventura, la belleza del paisaje y la emoci\u00f3n de la llegada se mezclaron con la ausencia de nuestro amigo.<\/p>\n\n\n\n<p class=\"has-medium-font-size\">Algo ocurri\u00f3 que cort\u00f3 con ese nudo que ten\u00eda en la garganta. All\u00ed, en el medio de la nada, hab\u00edan dos j\u00f3venes ciclistas que hab\u00edan llegado con su mountain bike\u00b4s; ins\u00f3lito!. M\u00e1s ins\u00f3lito a\u00fan, estaban apoyadas sus bicicletas en la puerta principal de la capilla y ellos, sentados all\u00ed sin ning\u00fan \u00e1nimo de dejar el lugar y solo se limitaron a devolver sin mucho entusiasmo el saludo que ofrec\u00ed; se notaba la falta de inter\u00e9s por establecer cualquier relaci\u00f3n m\u00e1s que compartir involuntariamente el ox\u00edgeno del aire. Tal vez ellos pensaron lo mismo; \u00bfjusto llegan dos personas en moto?; sinceramente tampoco pareci\u00f3 que les interesara nuestra presencia; estaban en su mundo.<\/p>\n\n\n\n<p class=\"has-medium-font-size\">Aprovechamos el momento para comer algo que hab\u00edamos comprado en una estaci\u00f3n de servicio y reponernos un poco del viaje; unos 160 kil\u00f3metros, de los cuales 50 fueron fuera de ruta. El asiento de la XTZ no es apto para acompa\u00f1ante; no s\u00e9 como aguant\u00f3 mi mujer.<\/p>\n\n\n\n<p class=\"has-medium-font-size\">Luego de casi una hora de estar all\u00ed tomando fotos y admirando el paisaje, decid\u00ed que era hora de poner las cosas en su lugar y amablemente pedirles a los ciclistas que nos permitieran tomar una foto de la capilla sin sus bike\u00b4s y sobre todo sin su poca amistosa presencia. No reaccionaron muy bien; se tomaron su tiempo para prepararse y continuar su camino. No saludaron; solo se retiraron. Ahora que lo escribo, debo decir que fue una experiencia desagradable y poco entendible.<\/p>\n\n\n\n<figure class=\"wp-block-image\"><img decoding=\"async\" src=\"http:\/\/maranghello.com.ar\/piloto\/wp-content\/uploads\/2020\/04\/DSC_7041-1024x681.jpg\" alt=\"\" class=\"wp-image-292\"\/><\/figure>\n\n\n\n<p class=\"has-medium-font-size\">Finalmente nos acercamos a la capilla y luego de quitar un alambre que manten\u00eda la puerta cerrada, pudimos ingresar. El silencio y la vista hacia el Acay por medio de la cruz de vidrio, trajo nuevamente la fuerte emoci\u00f3n y me invadi\u00f3 una gran tristeza por la ausencia de nuestro amigo. Llor\u00e9. Luego elev\u00e9 algunas oraciones y agradec\u00ed por haber llegado all\u00ed. No soy un ferviente cat\u00f3lico, pero en ese momento sent\u00ed que deb\u00eda conectar de alguna manera con Dios.<\/p>\n\n\n\n<figure class=\"wp-block-image\"><img decoding=\"async\" src=\"http:\/\/maranghello.com.ar\/piloto\/wp-content\/uploads\/2020\/04\/DSC_7084-1024x681.jpg\" alt=\"\" class=\"wp-image-293\"\/><\/figure>\n\n\n\n<figure class=\"wp-block-image\"><img decoding=\"async\" src=\"http:\/\/maranghello.com.ar\/piloto\/wp-content\/uploads\/2020\/04\/DSC_7213-1024x681.jpg\" alt=\"\" class=\"wp-image-294\"\/><figcaption class=\"wp-element-caption\">Capilla El Rosal y vista al Nevado del Acay.<\/figcaption><\/figure>\n\n\n\n<p class=\"has-medium-font-size\">Lleg\u00f3 el momento del regreso. Eran ya las 16:40 horas. El sol se pon\u00eda detr\u00e1s de los cerros aunque hab\u00eda buena luz; sab\u00eda que nos quedaba un duro regreso pero no pensaba demasiado en eso. Montamos la moto y emprendimos el camino. Al llegar al desv\u00edo y notando que tendr\u00edamos luz solar por m\u00e1s tiempo, intentamos llegar al otro paraje, San Bernardo de las Zorras. Llegamos hasta la entrada al paraje pero para ingresar deb\u00edamos cruzar el caudaloso r\u00edo Toro; aunque mucho m\u00e1s estrecho all\u00ed, el caudal, las rocas del lecho y los cortes profundos, hicieron que decida que no val\u00eda la pena el riesgo y mucho menos, terminar mojados con agua helada o peor a\u00fan, lastimados.<\/p>\n\n\n\n<p class=\"has-medium-font-size\">Encaramos el regreso hacia Salta; volvimos a cruzar por el puente del Tren a las Nubes, aunque esta vez fue m\u00e1s complicado ya que por la tarde el viento sopla muy fuerte por la quebrada que hace las veces de un gran tubo.<\/p>\n\n\n\n<p class=\"has-medium-font-size\">Al llagar al asfalto de la pintoresca RN51, el viento estaba a nuestro favor. Observ\u00e9 el marcador de combustible que ya entraba en reserva. Hice el repostaje y continuamos viaje hacia la Ciudad de Salta. En pocos minutos comenz\u00f3 a oscurecer y el cielo empez\u00f3 a cerrarse con nubarrones negros. A unos 30 kil\u00f3metros de la ciudad y en la oscuridad del fin de la tarde, comenz\u00f3 a llover. Nuestra vestimenta constaba de un pantal\u00f3n de jean con un calz\u00f3n t\u00e9rmico debajo y una campera de ski. El fr\u00edo era insoportable; el dolor en mis brazos y los dedos de las manos congelados, hicieron que pensara que ya no estaba en condiciones de hacer ninguna maniobra que no fuera llevar la moto en l\u00ednea recta. Me encontraba totalmente r\u00edgido; presionar la maneta del embrague para pasar los cambios y frenar, era realmente una tortura. As\u00ed llegamos al hotel. La aventura hab\u00eda concluido. La misi\u00f3n estaba cumplida. La moto tambi\u00e9n hab\u00eda cumplido su misi\u00f3n; llevarnos y traernos de regreso; pero en ese momento era solo eso, un aparato para cumplir un objetivo.<\/p>\n\n\n\n<p class=\"has-medium-font-size\">Luego de darnos una ducha con agua bien caliente; ya repuestos, fuimos a cenar a una pe\u00f1a cercana. All\u00ed conversamos sobre lo vivido, pero no hicimos ning\u00fan plan para los dos d\u00edas que quedaban; est\u00e1bamos plenos y felices.<\/p>\n\n\n\n<p><a href=\"http:\/\/maranghello.com.ar\/viajes\/index.php\/viajeros-temporada-1-capitulo-5\/\">Cap\u00edtulo siguiente<\/a><\/p>\n","protected":false},"excerpt":{"rendered":"<p>Cap\u00edtulo 4, La moto, el medio para cumplir la misi\u00f3n. Volvimos a Buenos Aires y comenzamos a planear el viaje para Semana Santa. Pensando en que deber\u00edamos viajar los dos en el mismo veh\u00edculo y por razones de seguridad, en primera instancia orient\u00e9 mi b\u00fasqueda para dar con alg\u00fan servicio que alquilen cuatriciclos en Salta. &hellip; <\/p>\n<p class=\"link-more\"><a href=\"https:\/\/maranghello.com.ar\/viajes\/index.php\/viajeros-temporada-1-4\/\" class=\"more-link\">Segu\u00ed leyendo<span class=\"screen-reader-text\"> &#8220;Viajeros, Temporada 1, Cap\u00edtulo 4&#8221;<\/span><\/a><\/p>\n","protected":false},"author":1,"featured_media":0,"parent":0,"menu_order":0,"comment_status":"closed","ping_status":"closed","template":"","meta":{"footnotes":""},"class_list":["post-91","page","type-page","status-publish","hentry"],"_links":{"self":[{"href":"https:\/\/maranghello.com.ar\/viajes\/index.php\/wp-json\/wp\/v2\/pages\/91","targetHints":{"allow":["GET"]}}],"collection":[{"href":"https:\/\/maranghello.com.ar\/viajes\/index.php\/wp-json\/wp\/v2\/pages"}],"about":[{"href":"https:\/\/maranghello.com.ar\/viajes\/index.php\/wp-json\/wp\/v2\/types\/page"}],"author":[{"embeddable":true,"href":"https:\/\/maranghello.com.ar\/viajes\/index.php\/wp-json\/wp\/v2\/users\/1"}],"replies":[{"embeddable":true,"href":"https:\/\/maranghello.com.ar\/viajes\/index.php\/wp-json\/wp\/v2\/comments?post=91"}],"version-history":[{"count":6,"href":"https:\/\/maranghello.com.ar\/viajes\/index.php\/wp-json\/wp\/v2\/pages\/91\/revisions"}],"predecessor-version":[{"id":400,"href":"https:\/\/maranghello.com.ar\/viajes\/index.php\/wp-json\/wp\/v2\/pages\/91\/revisions\/400"}],"wp:attachment":[{"href":"https:\/\/maranghello.com.ar\/viajes\/index.php\/wp-json\/wp\/v2\/media?parent=91"}],"curies":[{"name":"wp","href":"https:\/\/api.w.org\/{rel}","templated":true}]}}