{"id":81,"date":"2020-05-04T10:12:19","date_gmt":"2020-05-04T13:12:19","guid":{"rendered":"http:\/\/maranghello.com.ar\/viajes\/?page_id=81"},"modified":"2023-05-13T15:57:02","modified_gmt":"2023-05-13T18:57:02","slug":"viajeros-temporada-1-3","status":"publish","type":"page","link":"https:\/\/maranghello.com.ar\/viajes\/index.php\/viajeros-temporada-1-3\/","title":{"rendered":"Viajeros, Temporada 1, Cap\u00edtulo 3"},"content":{"rendered":"\n<h2 class=\"wp-block-heading\">Cap\u00edtulo 3, Lo inesperado<\/h2>\n\n\n\n<figure class=\"wp-block-audio\"><audio controls src=\"http:\/\/maranghello.com.ar\/viajes\/wp-content\/uploads\/2020\/05\/T1-Capitulo03.mp3\"><\/audio><\/figure>\n\n\n\n<p class=\"has-medium-font-size\">Desde Buenos Aires nos comunic\u00e1bamos frecuentemente con Chifri v\u00eda email; en una oportunidad, a mediados de 2011, nos cont\u00f3 que hab\u00eda sufrido un nuevo accidente; caminado con los bastones, tropez\u00f3 con una roca y al caer, se fractur\u00f3 una pierna en muchas partes debido a lo d\u00e9bil de su m\u00e9dula \u00f3sea. Se encontraba en ese momento internado en un hospital de la ciudad de Rosario de Lerma, cabecera del departamento. En noviembre de ese a\u00f1o, sufri\u00f3 un infarto y falleci\u00f3. Ten\u00eda s\u00f3lo 46 a\u00f1os. Sabemos que estaba sufriendo much\u00edsimo por no poder volver a Alfarcito&nbsp; tras su accidente, pero una de las cosas que m\u00e1s lo ten\u00edan angustiado era que una de sus primeras alumnas egresadas de la secundaria, no recib\u00eda el apoyo de su familia para ir a la universidad. Su muerte moviliz\u00f3 a toda la provincia; sus restos descansan bajo el suelo de la capilla de Alfarcito.<\/p>\n\n\n\n<figure class=\"wp-block-embed is-type-video is-provider-youtube wp-block-embed-youtube wp-embed-aspect-16-9 wp-has-aspect-ratio\"><div class=\"wp-block-embed__wrapper\">\n<iframe loading=\"lazy\" title=\"Trasladaron los restos del Padre Chifri\" width=\"525\" height=\"295\" src=\"https:\/\/www.youtube.com\/embed\/euVvodvS_WY?feature=oembed\" frameborder=\"0\" allow=\"accelerometer; autoplay; clipboard-write; encrypted-media; gyroscope; picture-in-picture; web-share\" referrerpolicy=\"strict-origin-when-cross-origin\" allowfullscreen><\/iframe>\n<\/div><\/figure>\n\n\n\n<p class=\"has-medium-font-size\">Para recuperarnos de la triste noticia, lo primero que pensamos hacer con mi mujer fue ir a conocer El Rosal y la capilla que tanto amaba Chifri. Fue as\u00ed que en nuestras vacaciones de enero 2012, fuimos nuevamente a Salta con nuestro veh\u00edculo, un Alfa Romeo 156, no apto para los caminos de monta\u00f1a que deb\u00edamos recorrer. El \u00faltimo d\u00eda decidimos alquilar en Salta una Ford EcoEsport para tratar de llegar a El Rosal. El verano es el peor momento para hacer esos caminos, ya que en la Cordillera de los Andes es la \u00e9poca de lluvias. Salimos de la RN51 para tomar el camino que conduce a El Rosal; son unos cuarenta kil\u00f3metros dur\u00edsimos. Luego de hacer los primeros diez kil\u00f3metros, el camino estaba cortado por las lluvias recientes. En ese punto se encontraban lugare\u00f1os realizando trueques; as\u00ed como lo relato. Con mucha precauci\u00f3n, logr\u00e9 pasar por una hondonada pensando que s\u00f3lo se trataba de ese obst\u00e1culo; continuamos unos tres kil\u00f3metros m\u00e1s; cruzamos las v\u00edas del Tren a las Nubes y luego un caudaloso y ancho r\u00edo. A pocos metros, el camino estaba cortado por un derrumbe; volvimos atr\u00e1s e intent\u00e9 desplazarme por el costado del r\u00edo pero pronto llegamos a un punto por el que resultaba imposible pasar. Baj\u00e9 de la camioneta para revisar el lugar, pero con gran resignaci\u00f3n me dispuse a regresar a la camioneta. En ese momento, vi salir entre la vegetaci\u00f3n y las rocas a un lugare\u00f1o que ven\u00eda empujando su moto; una moto china tipo enduro de baja cilindrada; calculo que era de no m\u00e1s de 125 cc. Sorprendido, le pregunt\u00e9 de d\u00f3nde ven\u00eda; dijo que ven\u00eda de San Bernardo de las Zorras, un paraje cercano a El Rosal y que luego de pasar este corte, el resto del camino se encontraba en buenas condiciones. Volv\u00ed a la camioneta y le dije a mi mujer; la pr\u00f3xima vez alquilamos una moto. Nuestras vacaciones finalizaban al d\u00eda siguiente por lo que dejamos la aventura para m\u00e1s adelante.<\/p>\n\n\n\n<p><a href=\"http:\/\/maranghello.com.ar\/viajes\/index.php\/viajeros-temporada-1-4\/\">Cap\u00edtulo siguiente<\/a><\/p>\n","protected":false},"excerpt":{"rendered":"<p>Cap\u00edtulo 3, Lo inesperado Desde Buenos Aires nos comunic\u00e1bamos frecuentemente con Chifri v\u00eda email; en una oportunidad, a mediados de 2011, nos cont\u00f3 que hab\u00eda sufrido un nuevo accidente; caminado con los bastones, tropez\u00f3 con una roca y al caer, se fractur\u00f3 una pierna en muchas partes debido a lo d\u00e9bil de su m\u00e9dula \u00f3sea. &hellip; <\/p>\n<p class=\"link-more\"><a href=\"https:\/\/maranghello.com.ar\/viajes\/index.php\/viajeros-temporada-1-3\/\" class=\"more-link\">Segu\u00ed leyendo<span class=\"screen-reader-text\"> &#8220;Viajeros, Temporada 1, Cap\u00edtulo 3&#8221;<\/span><\/a><\/p>\n","protected":false},"author":1,"featured_media":0,"parent":0,"menu_order":0,"comment_status":"closed","ping_status":"closed","template":"","meta":{"footnotes":""},"class_list":["post-81","page","type-page","status-publish","hentry"],"_links":{"self":[{"href":"https:\/\/maranghello.com.ar\/viajes\/index.php\/wp-json\/wp\/v2\/pages\/81","targetHints":{"allow":["GET"]}}],"collection":[{"href":"https:\/\/maranghello.com.ar\/viajes\/index.php\/wp-json\/wp\/v2\/pages"}],"about":[{"href":"https:\/\/maranghello.com.ar\/viajes\/index.php\/wp-json\/wp\/v2\/types\/page"}],"author":[{"embeddable":true,"href":"https:\/\/maranghello.com.ar\/viajes\/index.php\/wp-json\/wp\/v2\/users\/1"}],"replies":[{"embeddable":true,"href":"https:\/\/maranghello.com.ar\/viajes\/index.php\/wp-json\/wp\/v2\/comments?post=81"}],"version-history":[{"count":8,"href":"https:\/\/maranghello.com.ar\/viajes\/index.php\/wp-json\/wp\/v2\/pages\/81\/revisions"}],"predecessor-version":[{"id":398,"href":"https:\/\/maranghello.com.ar\/viajes\/index.php\/wp-json\/wp\/v2\/pages\/81\/revisions\/398"}],"wp:attachment":[{"href":"https:\/\/maranghello.com.ar\/viajes\/index.php\/wp-json\/wp\/v2\/media?parent=81"}],"curies":[{"name":"wp","href":"https:\/\/api.w.org\/{rel}","templated":true}]}}