{"id":8,"date":"2020-05-02T16:42:12","date_gmt":"2020-05-02T19:42:12","guid":{"rendered":"http:\/\/maranghello.com.ar\/viajes\/?page_id=8"},"modified":"2020-05-04T11:45:40","modified_gmt":"2020-05-04T14:45:40","slug":"inicio","status":"publish","type":"page","link":"https:\/\/maranghello.com.ar\/viajes\/","title":{"rendered":"Inicio"},"content":{"rendered":"\n<p>\u00a1Bienvenido a nuestro sitio de viajes! Aqu\u00ed encontrar\u00e1s <a href=\"http:\/\/maranghello.com.ar\/viajes\/index.php\/inicio\/viajeros\/\">relatos de nuestros viajes<\/a> por la Rep\u00fablica Argentina.<\/p>\n","protected":false},"excerpt":{"rendered":"<p>\u00a1Bienvenido a nuestro sitio de viajes! Aqu\u00ed encontrar\u00e1s relatos de nuestros viajes por la Rep\u00fablica Argentina.<\/p>\n","protected":false},"author":1,"featured_media":0,"parent":0,"menu_order":0,"comment_status":"closed","ping_status":"closed","template":"","meta":{"footnotes":""},"class_list":["post-8","page","type-page","status-publish","hentry"],"_links":{"self":[{"href":"https:\/\/maranghello.com.ar\/viajes\/index.php\/wp-json\/wp\/v2\/pages\/8","targetHints":{"allow":["GET"]}}],"collection":[{"href":"https:\/\/maranghello.com.ar\/viajes\/index.php\/wp-json\/wp\/v2\/pages"}],"about":[{"href":"https:\/\/maranghello.com.ar\/viajes\/index.php\/wp-json\/wp\/v2\/types\/page"}],"author":[{"embeddable":true,"href":"https:\/\/maranghello.com.ar\/viajes\/index.php\/wp-json\/wp\/v2\/users\/1"}],"replies":[{"embeddable":true,"href":"https:\/\/maranghello.com.ar\/viajes\/index.php\/wp-json\/wp\/v2\/comments?post=8"}],"version-history":[{"count":4,"href":"https:\/\/maranghello.com.ar\/viajes\/index.php\/wp-json\/wp\/v2\/pages\/8\/revisions"}],"predecessor-version":[{"id":421,"href":"https:\/\/maranghello.com.ar\/viajes\/index.php\/wp-json\/wp\/v2\/pages\/8\/revisions\/421"}],"wp:attachment":[{"href":"https:\/\/maranghello.com.ar\/viajes\/index.php\/wp-json\/wp\/v2\/media?parent=8"}],"curies":[{"name":"wp","href":"https:\/\/api.w.org\/{rel}","templated":true}]}}