{"id":70,"date":"2020-05-04T10:03:22","date_gmt":"2020-05-04T13:03:22","guid":{"rendered":"http:\/\/maranghello.com.ar\/viajes\/?page_id=70"},"modified":"2023-05-13T15:56:09","modified_gmt":"2023-05-13T18:56:09","slug":"viajeros-temporada-1-2","status":"publish","type":"page","link":"https:\/\/maranghello.com.ar\/viajes\/index.php\/viajeros-temporada-1-2\/","title":{"rendered":"Viajeros, Temporada 1, Cap\u00edtulo 2"},"content":{"rendered":"\n<h2 class=\"wp-block-heading\">Cap\u00edtulo 2, Educaci\u00f3n<\/h2>\n\n\n\n<figure class=\"wp-block-audio\"><audio controls src=\"http:\/\/maranghello.com.ar\/viajes\/wp-content\/uploads\/2020\/05\/T1-Capitulo02.mp3\"><\/audio><\/figure>\n\n\n\n<p class=\"has-medium-font-size\">Chifri nos contaba que en los recreos, los ni\u00f1os aprenden y juegan ajedrez; aprenden ingl\u00e9s y franc\u00e9s y atienden a los turistas extranjeros que paran a comprar artesan\u00edas que confeccionan los lugare\u00f1os y exhiben en un \u00a8show room\u00a8 que construy\u00f3 Chifri para ellos. En un momento de la conversaci\u00f3n y mientras nos contaba lo que hac\u00edan los chicos, dijo: \u00a8y si quieren lo religioso, tambi\u00e9n lo tienen\u00a8. Toda una definici\u00f3n; su preocupaci\u00f3n era la educaci\u00f3n; la religi\u00f3n un accesorio.<\/p>\n\n\n\n<p class=\"has-medium-font-size\">Nos fuimos de Alfarcito con un tsunami en nuestras mentes. Antes de partir le preguntamos c\u00f3mo pod\u00edamos ayudar a la obra; Chifri le dijo a mi mujer que le servir\u00edan v\u00eddeos para que los chicos puedan conocer el pa\u00eds. Apenas regresamos a casa, mi mujer arm\u00f3 varias clases y se las enviamos por correo. Seis meses m\u00e1s tarde volvimos a visitarlo; el colegio estaba a pleno funcionando y m\u00e1s obras en ejecuci\u00f3n; un play\u00f3n deportivo; la huerta; el galp\u00f3n para almacenar la papa andina y tantos otros proyectos en marcha. Trabamos una gran amistad con Chifri. A esa altura conoc\u00edamos su vida y c\u00f3mo se hab\u00eda accidentado. Para llegar a los diferentes parajes, inicialmente se mov\u00eda a lomo de burro; luego comenz\u00f3 a volar en Parapente porque pod\u00eda llegar m\u00e1s r\u00e1pido a esos lugares escondidos entre los cerros. En una oportunidad, un cambio repentino del viento, algo com\u00fan en zonas de monta\u00f1as y alturas como esas, Chifri cay\u00f3 desde 40 metros de altura; salv\u00f3 su vida de milagro pero sufri\u00f3 un da\u00f1o irreversible en su columna vertebral, perdiendo la movilidad de sus miembros inferiores. Los m\u00e9dicos lo condenaron a una silla de ruedas; pero su pasado de deportista y su inquebrantable voluntad, hicieron que pudiera desplazarse con bastones canadienses a fuerza de ejercicios que jam\u00e1s dej\u00f3 de hacer regularmente todos los d\u00edas. Sus amigos de Buenos Aires, le donaron un cuatriciclo y con \u00e9l segu\u00eda recorriendo los parajes perdidos por los cerros.<\/p>\n\n\n<div class=\"wp-block-image\">\n<figure class=\"aligncenter\"><img decoding=\"async\" src=\"https:\/\/media.jujuyalmomento.com\/adjuntos\/260\/imagenes\/000\/029\/0000029102.jpg\" alt=\"Salta est\u00e1 de luto por la muerte del Padre Chifri | Nacionales\"\/><\/figure><\/div>\n\n\n<p class=\"has-medium-font-size\">Recomiendo la lectura del libro DESPU\u00c9S DEL ABISMO; lo escribi\u00f3 para contar su experiencia sobre el accidente y recuperaci\u00f3n. La \u00faltima oportunidad que estuvimos con \u00e9l, pasamos unas tres horas conversando. Nos cont\u00f3 la historia de un paraje llamado El Rosal, ubicado a unos 15 kil\u00f3metros en l\u00ednea recta desde Alfarcito, pero significan unos 80 kil\u00f3metros en veh\u00edculo todo terreno por dur\u00edsimos caminos de ripio y piedra; unas 2 o 3 horas para un experto. Los lugare\u00f1os de El Rosal le ped\u00edan insistentemente la construcci\u00f3n de una peque\u00f1a capilla para poder reunirse all\u00ed. Fiel a su estilo, Chifri les propuso que si quer\u00edan una capilla, deber\u00edan construirla ellos con materiales del lugar, con su ayuda, claro. Uno de sus asistentes, dise\u00f1\u00f3 una capilla muy sencilla pero con una particularidad: detr\u00e1s del altar, una gran cruz de vidrio desde la cual se puede ver el pico del Nevado del Acay; uno de los colosos de la zona, que alcanza los cinco mil setecientos cincuenta metros de altura. Realizada en ladrillos de adobe y paja, con techos en madera de card\u00f3n cubiertos con adobe; los asientos cubiertos con cuero de ovejas y detalles \u00fanicos, la convirti\u00f3 seg\u00fan \u00e9l, en la capilla m\u00e1s hermosa que hubiera visto en toda su vida; tal fue el impacto, que fue inaugurada por el obispo de la ciudad de Salta. Estar con nuestro ya amigo Chifri, se hab\u00eda convertido en lo m\u00e1s esperado de nuestros viajes.<\/p>\n\n\n\n<p><a href=\"http:\/\/maranghello.com.ar\/viajes\/index.php\/viajeros-temporada-1-3\/\">Cap\u00edtulo siguiente<\/a><\/p>\n","protected":false},"excerpt":{"rendered":"<p>Cap\u00edtulo 2, Educaci\u00f3n Chifri nos contaba que en los recreos, los ni\u00f1os aprenden y juegan ajedrez; aprenden ingl\u00e9s y franc\u00e9s y atienden a los turistas extranjeros que paran a comprar artesan\u00edas que confeccionan los lugare\u00f1os y exhiben en un \u00a8show room\u00a8 que construy\u00f3 Chifri para ellos. En un momento de la conversaci\u00f3n y mientras nos &hellip; <\/p>\n<p class=\"link-more\"><a href=\"https:\/\/maranghello.com.ar\/viajes\/index.php\/viajeros-temporada-1-2\/\" class=\"more-link\">Segu\u00ed leyendo<span class=\"screen-reader-text\"> &#8220;Viajeros, Temporada 1, Cap\u00edtulo 2&#8221;<\/span><\/a><\/p>\n","protected":false},"author":1,"featured_media":0,"parent":0,"menu_order":0,"comment_status":"closed","ping_status":"closed","template":"","meta":{"footnotes":""},"class_list":["post-70","page","type-page","status-publish","hentry"],"_links":{"self":[{"href":"https:\/\/maranghello.com.ar\/viajes\/index.php\/wp-json\/wp\/v2\/pages\/70","targetHints":{"allow":["GET"]}}],"collection":[{"href":"https:\/\/maranghello.com.ar\/viajes\/index.php\/wp-json\/wp\/v2\/pages"}],"about":[{"href":"https:\/\/maranghello.com.ar\/viajes\/index.php\/wp-json\/wp\/v2\/types\/page"}],"author":[{"embeddable":true,"href":"https:\/\/maranghello.com.ar\/viajes\/index.php\/wp-json\/wp\/v2\/users\/1"}],"replies":[{"embeddable":true,"href":"https:\/\/maranghello.com.ar\/viajes\/index.php\/wp-json\/wp\/v2\/comments?post=70"}],"version-history":[{"count":5,"href":"https:\/\/maranghello.com.ar\/viajes\/index.php\/wp-json\/wp\/v2\/pages\/70\/revisions"}],"predecessor-version":[{"id":397,"href":"https:\/\/maranghello.com.ar\/viajes\/index.php\/wp-json\/wp\/v2\/pages\/70\/revisions\/397"}],"wp:attachment":[{"href":"https:\/\/maranghello.com.ar\/viajes\/index.php\/wp-json\/wp\/v2\/media?parent=70"}],"curies":[{"name":"wp","href":"https:\/\/api.w.org\/{rel}","templated":true}]}}