{"id":65,"date":"2020-05-04T09:53:53","date_gmt":"2020-05-04T12:53:53","guid":{"rendered":"http:\/\/maranghello.com.ar\/viajes\/?page_id=65"},"modified":"2023-05-13T15:54:00","modified_gmt":"2023-05-13T18:54:00","slug":"viajeros-temporada-1","status":"publish","type":"page","link":"https:\/\/maranghello.com.ar\/viajes\/index.php\/viajeros-temporada-1\/","title":{"rendered":"Viajeros. Temporada 1, Cap\u00edtulo 1"},"content":{"rendered":"\n<h1 class=\"wp-block-heading\">Cap\u00edtulo 1, Viajeros.<\/h1>\n\n\n\n<figure class=\"wp-block-audio\"><audio controls src=\"http:\/\/maranghello.com.ar\/viajes\/wp-content\/uploads\/2020\/05\/T1-Capitulo01.mp3\"><\/audio><\/figure>\n\n\n\n<p class=\"has-medium-font-size\">Con mi mujer hemos recorrido gran parte de nuestro extenso pa\u00eds, teniendo especial preferencia por el noroeste (NOA) y la Cordillera de los Andes. En uno de nuestros viajes, enero de 2010, recorriendo la RN51 en la Provincia de Salta rumbo oeste y en los comienzos de la Puna, paramos en un peque\u00f1o puesto denominado Alfarcito. Una peque\u00f1a capilla y una obra en construcci\u00f3n como ampliaci\u00f3n de un peque\u00f1o colegio. All\u00ed y por casualidad, conocimos a un hombre extraordinario, el Padre Sigfrido Moroder, el Padre Chifri, como lo llaman los lugare\u00f1os. Un hombre algo m\u00e1s joven que yo, quien se desplazaba en esos momentos con bastones canadienses por haber sufrido una lesi\u00f3n en la columna vertebral tras un accidente sufrido con su parapente, quien se prest\u00f3 a conversar con nosotros y a contarnos sobre la obra que estaba realizando en ese remoto lugar. Se trataba del primer colegio secundario albergue destinado a los adolescentes que viven en puestos y parajes remotos, con el objeto que no deban viajar a las grandes ciudades para tener acceso a la educaci\u00f3n secundaria. Tal vez sea dif\u00edcil entender la importancia de esta obra; para darle contexto, en los cerros del NOA existen puestos y parajes donde sus habitantes cr\u00edan ovejas, cabras, llamas y vicu\u00f1as. Los ni\u00f1os ya de chicos, se convierten en pastores, colaborando con sus familias en arrear el ganado; al llegar la \u00e9poca escolar, deben trasladarse a las grandes ciudades, lo que significa perder contacto con sus familias, pero sobre todo, perder su h\u00e1bitat para vivir una experiencia generalmente traum\u00e1tica.<\/p>\n\n\n\n<p class=\"has-medium-font-size\">Chifri, oriundo de Buenos Aires, formado en las filas del otrora Cardenal Jorge Bergoglio, actual Papa Francisco, hizo sus primeras armas con \u00e9ste en las villas (asentamientos precarios) cercanas a la ciudad de Buenos Aires, donde se dedic\u00f3 a estudiar la problem\u00e1tica de los ni\u00f1os que llegaban juntos a sus padres provenientes del interior del pa\u00eds en busca de un mejor futuro. El desarraigo y el fuerte contraste con las grandes ciudades, contaba Chifri, hac\u00eda que los ni\u00f1os terminen en \u00a8malas juntas\u00a8, pierdan el rumbo y caigan en drogas o delincuencia, o ambas cosas. En oportunidad de ser trasladado, eligi\u00f3 la Provincia de Salta y as\u00ed termin\u00f3 en Alfarcito.<\/p>\n\n\n\n<p class=\"has-medium-font-size\">\u00a8Quiero que los ni\u00f1os reciban la mejor educaci\u00f3n\u00a8, nos comentaba y continu\u00f3, \u00a8quiero que sea la mejor educaci\u00f3n de Argentina\u00a8. Para llegar a la escuela, los ni\u00f1os deben viajar a lomo de burro 10, 12 horas y hasta un d\u00eda para atravesar quebradas, r\u00edos, cerros. En la escuela, pasan la semana entera, donde reciben alimentos y todos los cuidados que muchas veces, superan ampliamente lo que conocen en sus precarias casas. La construcci\u00f3n de la escuela, que se inaugur\u00f3 con la primera camada en febrero de 2010, fue realizada con materiales del lugar, entre los que se encuentran el adobe, paja, ca\u00f1a y madera de card\u00f3n. Los vidrios fueron donados por una empresa multinacional de telecomunicaciones ya que por un error de c\u00e1lculo, les resultaron inadecuados para un edificio que estaban construyendo; el acceso al agua lo pudieron materializar gracias a una donaci\u00f3n de la empresa Coca Cola.<\/p>\n\n\n\n<figure class=\"wp-block-embed is-type-video is-provider-youtube wp-block-embed-youtube wp-embed-aspect-4-3 wp-has-aspect-ratio\"><div class=\"wp-block-embed__wrapper\">\n<iframe loading=\"lazy\" title=\"padre Chifri\" width=\"525\" height=\"394\" src=\"https:\/\/www.youtube.com\/embed\/aYRESoaGEuE?feature=oembed\" frameborder=\"0\" allow=\"accelerometer; autoplay; clipboard-write; encrypted-media; gyroscope; picture-in-picture; web-share\" referrerpolicy=\"strict-origin-when-cross-origin\" allowfullscreen><\/iframe>\n<\/div><\/figure>\n\n\n\n<p class=\"has-medium-font-size\">Los profesionales que trabajaron en la obra, son arquitectos e ingenieros amigos de la infancia de Chifri, todos ad-honorem. Las paredes de la escuela son dobles con un pulm\u00f3n interno para conservar la temperatura; los techos de las habitaciones y aulas son m\u00e1s bajos que lo normal; se adapt\u00f3 un sistema de muros negros detr\u00e1s de las ventanas de vidrio para absorber la radiaci\u00f3n solar que se encuentra presente todos los d\u00edas del a\u00f1o y as\u00ed poder soportar las bajas temperaturas que azotan al lugar durante las noches, las que est\u00e1n por debajo de los -10\u00b0 a -15\u00b0 cent\u00edgrados; hablamos de un lugar que se encuentra a 2.800 metros sobre el nivel del mar, Quebrada del Toro, una de las m\u00e1s bellas de Argentina. Con \u00e9sta construcci\u00f3n y la presencia de los alumnos, se logran temperaturas cercanas a los 18\u00b0 dentro de las aulas sin calefacci\u00f3n.<\/p>\n\n\n\n<p><a href=\"http:\/\/maranghello.com.ar\/viajes\/index.php\/viajeros-temporada-1-2\/\" data-type=\"URL\" data-id=\"http:\/\/maranghello.com.ar\/viajes\/index.php\/viajeros-temporada-1-2\/\">Cap\u00edtulo siguiente<\/a><\/p>\n","protected":false},"excerpt":{"rendered":"<p>Cap\u00edtulo 1, Viajeros. Con mi mujer hemos recorrido gran parte de nuestro extenso pa\u00eds, teniendo especial preferencia por el noroeste (NOA) y la Cordillera de los Andes. En uno de nuestros viajes, enero de 2010, recorriendo la RN51 en la Provincia de Salta rumbo oeste y en los comienzos de la Puna, paramos en un &hellip; <\/p>\n<p class=\"link-more\"><a href=\"https:\/\/maranghello.com.ar\/viajes\/index.php\/viajeros-temporada-1\/\" class=\"more-link\">Segu\u00ed leyendo<span class=\"screen-reader-text\"> &#8220;Viajeros. Temporada 1, Cap\u00edtulo 1&#8221;<\/span><\/a><\/p>\n","protected":false},"author":1,"featured_media":0,"parent":0,"menu_order":0,"comment_status":"closed","ping_status":"closed","template":"","meta":{"footnotes":""},"class_list":["post-65","page","type-page","status-publish","hentry"],"_links":{"self":[{"href":"https:\/\/maranghello.com.ar\/viajes\/index.php\/wp-json\/wp\/v2\/pages\/65","targetHints":{"allow":["GET"]}}],"collection":[{"href":"https:\/\/maranghello.com.ar\/viajes\/index.php\/wp-json\/wp\/v2\/pages"}],"about":[{"href":"https:\/\/maranghello.com.ar\/viajes\/index.php\/wp-json\/wp\/v2\/types\/page"}],"author":[{"embeddable":true,"href":"https:\/\/maranghello.com.ar\/viajes\/index.php\/wp-json\/wp\/v2\/users\/1"}],"replies":[{"embeddable":true,"href":"https:\/\/maranghello.com.ar\/viajes\/index.php\/wp-json\/wp\/v2\/comments?post=65"}],"version-history":[{"count":4,"href":"https:\/\/maranghello.com.ar\/viajes\/index.php\/wp-json\/wp\/v2\/pages\/65\/revisions"}],"predecessor-version":[{"id":395,"href":"https:\/\/maranghello.com.ar\/viajes\/index.php\/wp-json\/wp\/v2\/pages\/65\/revisions\/395"}],"wp:attachment":[{"href":"https:\/\/maranghello.com.ar\/viajes\/index.php\/wp-json\/wp\/v2\/media?parent=65"}],"curies":[{"name":"wp","href":"https:\/\/api.w.org\/{rel}","templated":true}]}}