{"id":52,"date":"2020-05-04T09:24:35","date_gmt":"2020-05-04T12:24:35","guid":{"rendered":"http:\/\/maranghello.com.ar\/viajes\/?page_id=52"},"modified":"2020-07-26T19:06:29","modified_gmt":"2020-07-26T22:06:29","slug":"viajeros","status":"publish","type":"page","link":"https:\/\/maranghello.com.ar\/viajes\/index.php\/inicio\/viajeros\/","title":{"rendered":"Relatos de Viajeros"},"content":{"rendered":"\n<h1 class=\"wp-block-heading\"><strong>Temporada 1<\/strong><\/h1>\n\n\n\n<ul class=\"wp-block-list\"><li><a href=\"http:\/\/maranghello.com.ar\/viajes\/index.php\/viajeros-temporada-1\/\">Cap\u00edtulo 1, Viajeros<\/a><\/li><li><a href=\"http:\/\/maranghello.com.ar\/viajes\/index.php\/viajeros-temporada-1-2\/\">Cap\u00edtulo 2, Educaci\u00f3n<\/a><\/li><li><a href=\"http:\/\/maranghello.com.ar\/viajes\/index.php\/viajeros-temporada-1-3\/\">Cap\u00edtulo 3, Lo Inesperado<\/a><\/li><li><a href=\"http:\/\/maranghello.com.ar\/viajes\/index.php\/viajeros-temporada-1-4\/\">Cap\u00edtulo 4, La moto, el medio para cumplir la misi\u00f3n.<\/a><\/li><li><a href=\"http:\/\/maranghello.com.ar\/viajes\/index.php\/viajeros-temporada-1-capitulo-5\/\">Cap\u00edtulo 5, Ya que estamos, sigamos.<\/a><\/li><li><a href=\"http:\/\/maranghello.com.ar\/viajes\/index.php\/viajeros-temporada-1-5\/\">Cap\u00edtulo 6, Cachi<\/a><\/li><li><a href=\"http:\/\/maranghello.com.ar\/viajes\/index.php\/viajeros-temporada-1-6\/\">Cap\u00edtulo 7, El Click<\/a><\/li><\/ul>\n\n\n\n<p><\/p>\n\n\n\n<h1 class=\"wp-block-heading\"><strong>Temporada 2<\/strong><\/h1>\n\n\n\n<ul class=\"wp-block-list\"><li><a href=\"http:\/\/maranghello.com.ar\/viajes\/index.php\/viajeros-temporada-2\/\">Cap\u00edtulo 1, Viajemos en moto.<\/a> <\/li><li><a href=\"http:\/\/maranghello.com.ar\/viajes\/index.php\/viajeros-temporada-2-2\/\">Cap\u00edtulo 2, En Marcha<\/a><\/li><li><a href=\"http:\/\/maranghello.com.ar\/viajes\/index.php\/viajeros-temporada-2-3\/\">Cap\u00edtulo 3, Frustrado con suerte<\/a><\/li><li><a href=\"http:\/\/maranghello.com.ar\/viajes\/index.php\/viajeros-temporada-2-4\/\">Cap\u00edtulo 4, Iruya<\/a><\/li><li><a href=\"http:\/\/maranghello.com.ar\/viajes\/index.php\/viajeos-temporada-2\/\">Cap\u00edtulo 5, Los Secretos de Humahuaca<\/a><\/li><li><a href=\"http:\/\/maranghello.com.ar\/viajes\/index.php\/viajeros-temporada-2-5\/\">Cap\u00edtulo 6, La Ca\u00edda<\/a>  <\/li><li><a href=\"http:\/\/maranghello.com.ar\/viajes\/index.php\/viajeros-temporada-2-6\/\">Cap\u00edtulo 7, Llueve<\/a> <\/li><li><a href=\"http:\/\/maranghello.com.ar\/viajes\/index.php\/viajeros-temporada-2-7\/\">Cap\u00edtulo 8, Entrada Triunfal<\/a><\/li><li><a href=\"http:\/\/maranghello.com.ar\/viajes\/index.php\/viajeros-temporada-2-8\/\">Cap\u00edtulo 9, De Regreso<\/a> <\/li><\/ul>\n\n\n\n<h1 class=\"wp-block-heading\"><strong>Temporada 3<\/strong><\/h1>\n\n\n\n<ul class=\"wp-block-list\"><li><a href=\"http:\/\/maranghello.com.ar\/viajes\/index.php\/viajeros-temporada-3-capitulo-1\/\">Cap\u00edtulo 1, La Chata<\/a><\/li><li><a href=\"http:\/\/maranghello.com.ar\/viajes\/index.php\/capitulo-2-juanita\/\">Cap\u00edtulo 2, Juanita<\/a><\/li><\/ul>\n\n\n\n<p><\/p>\n","protected":false},"excerpt":{"rendered":"<p>Temporada 1 Cap\u00edtulo 1, Viajeros Cap\u00edtulo 2, Educaci\u00f3n Cap\u00edtulo 3, Lo Inesperado Cap\u00edtulo 4, La moto, el medio para cumplir la misi\u00f3n. Cap\u00edtulo 5, Ya que estamos, sigamos. Cap\u00edtulo 6, Cachi Cap\u00edtulo 7, El Click Temporada 2 Cap\u00edtulo 1, Viajemos en moto. Cap\u00edtulo 2, En Marcha Cap\u00edtulo 3, Frustrado con suerte Cap\u00edtulo 4, Iruya Cap\u00edtulo &hellip; <\/p>\n<p class=\"link-more\"><a href=\"https:\/\/maranghello.com.ar\/viajes\/index.php\/inicio\/viajeros\/\" class=\"more-link\">Segu\u00ed leyendo<span class=\"screen-reader-text\"> &#8220;Relatos de Viajeros&#8221;<\/span><\/a><\/p>\n","protected":false},"author":1,"featured_media":34,"parent":8,"menu_order":1,"comment_status":"closed","ping_status":"closed","template":"","meta":{"footnotes":""},"class_list":["post-52","page","type-page","status-publish","has-post-thumbnail","hentry"],"_links":{"self":[{"href":"https:\/\/maranghello.com.ar\/viajes\/index.php\/wp-json\/wp\/v2\/pages\/52","targetHints":{"allow":["GET"]}}],"collection":[{"href":"https:\/\/maranghello.com.ar\/viajes\/index.php\/wp-json\/wp\/v2\/pages"}],"about":[{"href":"https:\/\/maranghello.com.ar\/viajes\/index.php\/wp-json\/wp\/v2\/types\/page"}],"author":[{"embeddable":true,"href":"https:\/\/maranghello.com.ar\/viajes\/index.php\/wp-json\/wp\/v2\/users\/1"}],"replies":[{"embeddable":true,"href":"https:\/\/maranghello.com.ar\/viajes\/index.php\/wp-json\/wp\/v2\/comments?post=52"}],"version-history":[{"count":25,"href":"https:\/\/maranghello.com.ar\/viajes\/index.php\/wp-json\/wp\/v2\/pages\/52\/revisions"}],"predecessor-version":[{"id":341,"href":"https:\/\/maranghello.com.ar\/viajes\/index.php\/wp-json\/wp\/v2\/pages\/52\/revisions\/341"}],"up":[{"embeddable":true,"href":"https:\/\/maranghello.com.ar\/viajes\/index.php\/wp-json\/wp\/v2\/pages\/8"}],"wp:featuredmedia":[{"embeddable":true,"href":"https:\/\/maranghello.com.ar\/viajes\/index.php\/wp-json\/wp\/v2\/media\/34"}],"wp:attachment":[{"href":"https:\/\/maranghello.com.ar\/viajes\/index.php\/wp-json\/wp\/v2\/media?parent=52"}],"curies":[{"name":"wp","href":"https:\/\/api.w.org\/{rel}","templated":true}]}}