{"id":324,"date":"2020-07-26T19:04:49","date_gmt":"2020-07-26T22:04:49","guid":{"rendered":"http:\/\/maranghello.com.ar\/viajes\/?page_id=324"},"modified":"2023-05-13T16:35:42","modified_gmt":"2023-05-13T19:35:42","slug":"capitulo-2-juanita","status":"publish","type":"page","link":"https:\/\/maranghello.com.ar\/viajes\/index.php\/capitulo-2-juanita\/","title":{"rendered":"Viajeros, Temporada 3, Cap\u00edtulo 2, Juanita."},"content":{"rendered":"\n<figure class=\"wp-block-audio\"><audio controls src=\"http:\/\/maranghello.com.ar\/viajes\/wp-content\/uploads\/2020\/07\/T3-Capitulo02.mp3\"><\/audio><\/figure>\n\n\n\n<p class=\"has-medium-font-size\">Tolar Grande est\u00e1 ubicado a 355 kil\u00f3metros al sudoeste de la Ciudad de Salta, dentro del Parque Provincial de Fauna Los Andes, a 3.500 metros sobre el nivel del mar, en plena Puna Salte\u00f1a. Cuando digo Puna, hablo de ese clima tan particular que no es para cualquiera. La falta de ox\u00edgeno se hace sentir y esta vez nos hab\u00eda pegado fuerte. La noche de nuestra llegada, no pudimos cenar, solo un caldo; la sensaci\u00f3n es bastante fea, se pierde el apetito y en algunos casos, el dolor de cabeza suele ser tremendo. El hotel de la secretar\u00eda de Turismo era pr\u00e1cticamente nuevo. \u00c9ramos los \u00fanicos hu\u00e9spedes y nos dejaron la llave de la puerta principal para que podamos cerrar y salir por la ma\u00f1ana. La temperatura por la noche era tremenda. Hab\u00edamos dejado una botella de agua mineral en la camioneta y por la ma\u00f1ana se encontraba congelada.<\/p>\n\n\n\n<p class=\"has-medium-font-size\">Para entrar y recorrer los distintos atractivos tur\u00edsticos, es obligatorio contratar un gu\u00eda tur\u00edstico. La poblaci\u00f3n estable est\u00e1 por debajo de los 200 habitantes. El Intendente vive en la Ciudad de Salta, una verdadera verg\u00fcenza aunque se trate de una mala pr\u00e1ctica aceptada por la pol\u00edtica salte\u00f1a.<\/p>\n\n\n\n<p class=\"has-medium-font-size\">La secretar\u00eda de turismo ha capacitado a lugare\u00f1os para que atiendan a los turistas y act\u00faen como gu\u00edas tur\u00edsticos para los distintos recorridos que pueden realizarse en el lugar. Luego de presentarnos la ma\u00f1ana siguiente en la Secretar\u00eda de Turismo, la directora nos present\u00f3 a nuestra gu\u00eda: Juanita.<\/p>\n\n\n\n<p class=\"has-medium-font-size\">Luego de conversar un poco, subimos los tres a la camioneta y partimos por el mismo camino que hab\u00edamos llegado para visitar Ojos de Mar, a solo 5 o seis kil\u00f3metros del pueblo.<\/p>\n\n\n\n<p class=\"has-medium-font-size\">Al llegar, Juanita descendi\u00f3 de la camioneta y nos esper\u00f3 en la entrada marcada con un arco realizado con troncos. Al acercarnos, tom\u00f3 su postura de gu\u00eda y dijo: Hola, bienvenidos al Parque Provincial Fauna de los Andes, soy Juanita y voy a ser su gu\u00eda.<\/p>\n\n\n\n<figure class=\"wp-block-image size-large\"><img loading=\"lazy\" decoding=\"async\" width=\"777\" height=\"533\" src=\"http:\/\/maranghello.com.ar\/viajes\/wp-content\/uploads\/2020\/07\/image-6.png\" alt=\"\" class=\"wp-image-326\" srcset=\"https:\/\/maranghello.com.ar\/viajes\/wp-content\/uploads\/2020\/07\/image-6.png 777w, https:\/\/maranghello.com.ar\/viajes\/wp-content\/uploads\/2020\/07\/image-6-300x206.png 300w, https:\/\/maranghello.com.ar\/viajes\/wp-content\/uploads\/2020\/07\/image-6-768x527.png 768w\" sizes=\"auto, (max-width: 706px) 89vw, (max-width: 767px) 82vw, 740px\" \/><\/figure>\n\n\n\n<p class=\"has-medium-font-size\">Luego comenz\u00f3 a contarnos sobre los Ojos de Mar, unas lagunas de agua transparente, emplazadas en un peque\u00f1o salar, que contienen bacterias y minerales llamados estromatolitos que tienen que ver con el inicio de la vida humana. Dejando la cuesti\u00f3n t\u00e9cnica y cient\u00edfica de lado, siendo que no es esto lo importante del relato, el paisaje y los colores de los Ojos de Mar, sumado a la amabilidad de Juanita, fueron los protagonistas del momento.<\/p>\n\n\n\n<figure class=\"wp-block-image size-large\"><img loading=\"lazy\" decoding=\"async\" width=\"789\" height=\"515\" src=\"http:\/\/maranghello.com.ar\/viajes\/wp-content\/uploads\/2020\/07\/image-7.png\" alt=\"\" class=\"wp-image-327\" srcset=\"https:\/\/maranghello.com.ar\/viajes\/wp-content\/uploads\/2020\/07\/image-7.png 789w, https:\/\/maranghello.com.ar\/viajes\/wp-content\/uploads\/2020\/07\/image-7-300x196.png 300w, https:\/\/maranghello.com.ar\/viajes\/wp-content\/uploads\/2020\/07\/image-7-768x501.png 768w\" sizes=\"auto, (max-width: 706px) 89vw, (max-width: 767px) 82vw, 740px\" \/><figcaption class=\"wp-element-caption\">Ojos de Mar<\/figcaption><\/figure>\n\n\n\n<p class=\"has-medium-font-size\">Desde ese lugar, puede verse la cima del Llullallaco y a los fines fotogr\u00e1ficos, es como llevar a un ni\u00f1o a una jugueter\u00eda. La foto t\u00edpica, es caminar alrededor de las lagunas y tomar fotos reflejadas en los espejos de agua.<\/p>\n\n\n\n<figure class=\"wp-block-image size-large\"><img loading=\"lazy\" decoding=\"async\" width=\"781\" height=\"577\" src=\"http:\/\/maranghello.com.ar\/viajes\/wp-content\/uploads\/2020\/07\/image-9.png\" alt=\"\" class=\"wp-image-329\" srcset=\"https:\/\/maranghello.com.ar\/viajes\/wp-content\/uploads\/2020\/07\/image-9.png 781w, https:\/\/maranghello.com.ar\/viajes\/wp-content\/uploads\/2020\/07\/image-9-300x222.png 300w, https:\/\/maranghello.com.ar\/viajes\/wp-content\/uploads\/2020\/07\/image-9-768x567.png 768w\" sizes=\"auto, (max-width: 706px) 89vw, (max-width: 767px) 82vw, 740px\" \/><figcaption class=\"wp-element-caption\">El pico del Lullallaco<\/figcaption><\/figure>\n\n\n\n<figure class=\"wp-block-image size-large\"><img loading=\"lazy\" decoding=\"async\" width=\"785\" height=\"514\" src=\"http:\/\/maranghello.com.ar\/viajes\/wp-content\/uploads\/2020\/07\/image-8.png\" alt=\"\" class=\"wp-image-328\" srcset=\"https:\/\/maranghello.com.ar\/viajes\/wp-content\/uploads\/2020\/07\/image-8.png 785w, https:\/\/maranghello.com.ar\/viajes\/wp-content\/uploads\/2020\/07\/image-8-300x196.png 300w, https:\/\/maranghello.com.ar\/viajes\/wp-content\/uploads\/2020\/07\/image-8-768x503.png 768w\" sizes=\"auto, (max-width: 706px) 89vw, (max-width: 767px) 82vw, 740px\" \/><figcaption class=\"wp-element-caption\">Ojos de Mar<\/figcaption><\/figure>\n\n\n\n<p class=\"has-medium-font-size\">Result\u00f3 particularmente inusual la presentaci\u00f3n de Juanita, ya que ven\u00edamos desde el pueblo conversando, pero entendimos que deb\u00eda realizar su presentaci\u00f3n formal.<\/p>\n\n\n\n<p class=\"has-medium-font-size\">La c\u00e1mara de mi mujer es una Nikon Reflex, tremenda bestia que hasta a m\u00ed me resulta un tanto compleja a la hora de tomar una foto. En este caso, la que se ofreci\u00f3 a retratarnos fue la mism\u00edsima Juanita. Claro que no le result\u00f3 nada f\u00e1cil encuadrar, pero puso toda su buena voluntad.<\/p>\n\n\n\n<figure class=\"wp-block-image size-large\"><img loading=\"lazy\" decoding=\"async\" width=\"1024\" height=\"679\" src=\"http:\/\/maranghello.com.ar\/viajes\/wp-content\/uploads\/2020\/07\/image-10-1024x679.png\" alt=\"\" class=\"wp-image-330\" srcset=\"https:\/\/maranghello.com.ar\/viajes\/wp-content\/uploads\/2020\/07\/image-10-1024x679.png 1024w, https:\/\/maranghello.com.ar\/viajes\/wp-content\/uploads\/2020\/07\/image-10-300x199.png 300w, https:\/\/maranghello.com.ar\/viajes\/wp-content\/uploads\/2020\/07\/image-10-768x509.png 768w, https:\/\/maranghello.com.ar\/viajes\/wp-content\/uploads\/2020\/07\/image-10.png 1056w\" sizes=\"auto, (max-width: 706px) 89vw, (max-width: 767px) 82vw, 740px\" \/><figcaption class=\"wp-element-caption\">El Encuadre<\/figcaption><\/figure>\n\n\n\n<p class=\"has-medium-font-size\">Finalizada la sesi\u00f3n fotogr\u00e1fica, subimos a la camioneta para dirigirnos al Salar de Arizaro y ver el majestuoso Cono de Arita. El viaje consisti\u00f3 en retomar hacia el pueblo y continuar por la RP27 unos kil\u00f3metros para luego desviar por un camino precario y hacer unos setenta kil\u00f3metros, despu\u00e9s de atravesar el Salar de Arizaro, llegar a su extremo sur donde se encuentra el Cono de Arita, cerca de la Mina Arita.<\/p>\n\n\n\n<figure class=\"wp-block-image size-large\"><img loading=\"lazy\" decoding=\"async\" width=\"1024\" height=\"1010\" src=\"http:\/\/maranghello.com.ar\/viajes\/wp-content\/uploads\/2020\/07\/image-11-1024x1010.png\" alt=\"\" class=\"wp-image-331\" srcset=\"https:\/\/maranghello.com.ar\/viajes\/wp-content\/uploads\/2020\/07\/image-11-1024x1010.png 1024w, https:\/\/maranghello.com.ar\/viajes\/wp-content\/uploads\/2020\/07\/image-11-300x296.png 300w, https:\/\/maranghello.com.ar\/viajes\/wp-content\/uploads\/2020\/07\/image-11-768x758.png 768w, https:\/\/maranghello.com.ar\/viajes\/wp-content\/uploads\/2020\/07\/image-11-100x100.png 100w, https:\/\/maranghello.com.ar\/viajes\/wp-content\/uploads\/2020\/07\/image-11.png 1193w\" sizes=\"auto, (max-width: 706px) 89vw, (max-width: 767px) 82vw, 740px\" \/><\/figure>\n\n\n\n<p class=\"has-medium-font-size\">Como es de imaginar, en estos lugares reina la paz y los sonidos son los naturales, el viento, alg\u00fan p\u00e1jaro solitario y no mucho m\u00e1s. En esta parte del relato, debo retroceder a la noche anterior, la de nuestra llegada y nuestro malestar general por el apunamiento. En Tolar, all\u00e1 por 2013, s\u00f3lo hab\u00eda un comedor en el pueblo. Se ubica a unas tres cuadras del hotel donde nos alojamos. Fuimos caminando, soportando las tremendas temperaturas bajo cero, pero que por nuestro estado, no nos ven\u00edan nada mal. Al llegar al comedor, encontramos una pareja cenando, tambi\u00e9n turistas. Nos sentamos y de pronto apareci\u00f3 un contingente de turistas compuesto por mujeres, en su mayor\u00eda mayores de 40 a\u00f1os, acompa\u00f1adas por dos gu\u00edas de sexo masculino. Entraron cual barras bravas a un estadio. No pod\u00edamos creer tener tan mala suerte. Se sentaron a la mesa; una mesa larga preparada especialmente. Desde que pusieron sus culos en las sillas hasta que nos retiramos, no pararon de hablar todas a la vez, a los gritos; parec\u00edan estar todas alzadas, tratando de disputarse la escasa carne masculina que ten\u00edan para las quince o veinte desaforadas.<\/p>\n\n\n\n<p class=\"has-medium-font-size\">Bebimos un caldo y nos retiramos; a esa altura, era peor el malestar por estas desubicadas que por el apunamiento.<\/p>\n\n\n\n<p class=\"has-medium-font-size\">Volviendo al Salar de Arizaro y el Cono de Arita, Juanita sugiri\u00f3 no detenernos en el cono, sino continuar unos pocos kil\u00f3metros m\u00e1s hasta una cuesta en asenso para poder apreciar el indescriptible paisaje desde lo alto. Descendimos de la camioneta y nos dispusimos a observar lo que tratar\u00e9 de describir: una meseta donde s\u00f3lo hay tierra y sal y en medio, un cono casi perfecto que se eleva solitario en la inmensidad. Esa era la foto que busc\u00e1bamos; hab\u00edamos visto este paisaje en fotograf\u00edas en la red, pero estar all\u00ed no puede explicarse.<\/p>\n\n\n\n<figure class=\"wp-block-image size-large\"><img loading=\"lazy\" decoding=\"async\" width=\"1024\" height=\"733\" src=\"http:\/\/maranghello.com.ar\/viajes\/wp-content\/uploads\/2020\/07\/image-12-1024x733.png\" alt=\"\" class=\"wp-image-332\" srcset=\"https:\/\/maranghello.com.ar\/viajes\/wp-content\/uploads\/2020\/07\/image-12-1024x733.png 1024w, https:\/\/maranghello.com.ar\/viajes\/wp-content\/uploads\/2020\/07\/image-12-300x215.png 300w, https:\/\/maranghello.com.ar\/viajes\/wp-content\/uploads\/2020\/07\/image-12-768x550.png 768w, https:\/\/maranghello.com.ar\/viajes\/wp-content\/uploads\/2020\/07\/image-12.png 1139w\" sizes=\"auto, (max-width: 706px) 89vw, (max-width: 767px) 82vw, 740px\" \/><figcaption class=\"wp-element-caption\">Cono de Arita<\/figcaption><\/figure>\n\n\n\n<p class=\"has-medium-font-size\">Pero claro, no todo es belleza. All\u00ed estaba la manada de mujeres hambrientas con sus dos gu\u00edas, rompiendo el silencio; contamin\u00e1ndonos con sus cigarrillos y lo que es peor rompi\u00e9ndonos las pelotas. Por supuesto que uno trata de poner la mejor onda para concentrarse en lo importante, pero demostrando nuestro nulo inter\u00e9s en relacionarnos con gente que claramente no respeta a nadie e impone su modo de vivir a terceros. Juanita, ciertamente se encontraba muy inc\u00f3moda y no emit\u00eda palabra. Fue entonces que le dije, otra vez las hurracas y ech\u00f3 a re\u00edr con complicidad.<\/p>\n\n\n\n<p class=\"has-medium-font-size\">Subimos a la camioneta y volvimos para parar frente al Cono. Descendimos de la camioneta; juanita se alej\u00f3, tom\u00f3 su postura y volvi\u00f3 a decir: hola, buenas tardes, estamos en el Cono de Arita, mi nombre es Juanita y ser\u00e9 su gu\u00eda.<\/p>\n\n\n\n<p class=\"has-medium-font-size\">Como buenas personas, la saludamos y escuchamos atentamente su explicaci\u00f3n. Nos sugiri\u00f3 las fotos t\u00edpicas que no hay que perderse de tomar all\u00ed y eso hicimos. Nos quedamos un buen rato, disfrutando del lugar y los sonidos de la naturaleza y la compa\u00f1\u00eda de nuestra amable y simp\u00e1tica gu\u00eda. Fue un momento inolvidable.<\/p>\n\n\n\n<figure class=\"wp-block-image size-large\"><img loading=\"lazy\" decoding=\"async\" width=\"1024\" height=\"819\" src=\"http:\/\/maranghello.com.ar\/viajes\/wp-content\/uploads\/2020\/07\/image-14-1024x819.png\" alt=\"\" class=\"wp-image-334\" srcset=\"https:\/\/maranghello.com.ar\/viajes\/wp-content\/uploads\/2020\/07\/image-14-1024x819.png 1024w, https:\/\/maranghello.com.ar\/viajes\/wp-content\/uploads\/2020\/07\/image-14-300x240.png 300w, https:\/\/maranghello.com.ar\/viajes\/wp-content\/uploads\/2020\/07\/image-14-768x614.png 768w, https:\/\/maranghello.com.ar\/viajes\/wp-content\/uploads\/2020\/07\/image-14.png 1297w\" sizes=\"auto, (max-width: 706px) 89vw, (max-width: 767px) 82vw, 740px\" \/><\/figure>\n\n\n\n<figure class=\"wp-block-image size-large\"><img loading=\"lazy\" decoding=\"async\" width=\"1024\" height=\"693\" src=\"http:\/\/maranghello.com.ar\/viajes\/wp-content\/uploads\/2020\/07\/image-15-1024x693.png\" alt=\"\" class=\"wp-image-335\" srcset=\"https:\/\/maranghello.com.ar\/viajes\/wp-content\/uploads\/2020\/07\/image-15-1024x693.png 1024w, https:\/\/maranghello.com.ar\/viajes\/wp-content\/uploads\/2020\/07\/image-15-300x203.png 300w, https:\/\/maranghello.com.ar\/viajes\/wp-content\/uploads\/2020\/07\/image-15-768x520.png 768w, https:\/\/maranghello.com.ar\/viajes\/wp-content\/uploads\/2020\/07\/image-15.png 1453w\" sizes=\"auto, (max-width: 706px) 89vw, (max-width: 767px) 82vw, 740px\" \/><\/figure>\n\n\n\n<p class=\"has-medium-font-size\">Emprendimos el regreso con la tarde cayendo. Mientras manejaba, iba apreciando a mi derecha la vista al pico del majestuoso Llullallaco. En un momento me detuve para tomar una foto con mi celular sin bajarme; cuando retom\u00e9 la marcha, mi mujer y juanita, estaban dormidas. &nbsp;<\/p>\n\n\n\n<figure class=\"wp-block-image size-large\"><img loading=\"lazy\" decoding=\"async\" width=\"843\" height=\"645\" src=\"http:\/\/maranghello.com.ar\/viajes\/wp-content\/uploads\/2020\/07\/image-16.png\" alt=\"\" class=\"wp-image-336\" srcset=\"https:\/\/maranghello.com.ar\/viajes\/wp-content\/uploads\/2020\/07\/image-16.png 843w, https:\/\/maranghello.com.ar\/viajes\/wp-content\/uploads\/2020\/07\/image-16-300x230.png 300w, https:\/\/maranghello.com.ar\/viajes\/wp-content\/uploads\/2020\/07\/image-16-768x588.png 768w\" sizes=\"auto, (max-width: 706px) 89vw, (max-width: 767px) 82vw, 740px\" \/><figcaption class=\"wp-element-caption\">El Llullalliaco desde el Salar de Arizaro (Fotos de Celular con zoom, mal\u00edsima)<\/figcaption><\/figure>\n\n\n\n<p class=\"has-medium-font-size\">Llegamos a Tolar, dejamos a Juanita en su casa y nos dirigimos al hotel. Por la noche, volvimos al comedor para repetir la situaci\u00f3n de la noche anterior. Cuando llegamos, Juanita sali\u00f3 de la cocina y vino a saludarnos, y dijo, est\u00e1n otra vez las hurracas! Re\u00edmos con complicidad.<\/p>\n\n\n\n<p class=\"has-medium-font-size\">Nuevamente bebimos caldo, a\u00fan no pod\u00edamos recuperarnos del apunamiento, aunque solo se trataba del malestar estomacal y falta de apetito, pero no nos imped\u00eda disfrutar el d\u00eda.<\/p>\n\n\n\n<p class=\"has-medium-font-size\">En un momento, las hurracas trataron de integrarnos a su ruidosa forma de cenar; no recuerdo exactamente qu\u00e9 nos dijeron; la otra pareja tambi\u00e9n estaba esa noche e igual de inc\u00f3modos que nosotros. Se hizo un silencio y les dije: anoche y hasta ahora, nos obligaron a pasarla como ustedes acostumbran; les propongo que ahora la pasemos como queremos nosotros, conversando en voz baja sin molestar a los dem\u00e1s. Nos quedamos unos minutos m\u00e1s, y luego nos retiramos.<\/p>\n\n\n\n<p class=\"has-medium-font-size\">Fuimos a dar una vuelta por el pueblo. La temperatura que marcaba la camioneta era de 11 grados bajo cero. Paramos en un lugar, descendimos de la camioneta como para sentir el fr\u00edo. Al pasar unos 15 segundos, sentimos que comenz\u00e1bamos a congelarnos; las piernas dol\u00edan y se comenzaban a poner r\u00edgidas, por lo que corrimos a la camioneta para recuperarnos. Dimos una vuelta m\u00e1s por el pueblo; no son m\u00e1s de 200 metros para un lado y para el otro y regresamos al hotel para descansar.<\/p>\n\n\n\n<figure class=\"wp-block-image size-large\"><img loading=\"lazy\" decoding=\"async\" width=\"1024\" height=\"679\" src=\"http:\/\/maranghello.com.ar\/viajes\/wp-content\/uploads\/2020\/07\/image-17-1024x679.png\" alt=\"\" class=\"wp-image-337\" srcset=\"https:\/\/maranghello.com.ar\/viajes\/wp-content\/uploads\/2020\/07\/image-17-1024x679.png 1024w, https:\/\/maranghello.com.ar\/viajes\/wp-content\/uploads\/2020\/07\/image-17-300x199.png 300w, https:\/\/maranghello.com.ar\/viajes\/wp-content\/uploads\/2020\/07\/image-17-768x509.png 768w, https:\/\/maranghello.com.ar\/viajes\/wp-content\/uploads\/2020\/07\/image-17.png 1056w\" sizes=\"auto, (max-width: 706px) 89vw, (max-width: 767px) 82vw, 740px\" \/><\/figure>\n\n\n\n<p>Hasta aqu\u00ed llegamos con los relatos.<\/p>\n\n\n\n<p>Pronto seguir\u00e9 escribiendo.<\/p>\n\n\n\n<p>Seguinos en <a href=\"https:\/\/www.instagram.com\/motografosarg\/\" target=\"_blank\" rel=\"noreferrer noopener\">Instagram <\/a><\/p>\n","protected":false},"excerpt":{"rendered":"<p>Tolar Grande est\u00e1 ubicado a 355 kil\u00f3metros al sudoeste de la Ciudad de Salta, dentro del Parque Provincial de Fauna Los Andes, a 3.500 metros sobre el nivel del mar, en plena Puna Salte\u00f1a. Cuando digo Puna, hablo de ese clima tan particular que no es para cualquiera. La falta de ox\u00edgeno se hace sentir &hellip; <\/p>\n<p class=\"link-more\"><a href=\"https:\/\/maranghello.com.ar\/viajes\/index.php\/capitulo-2-juanita\/\" class=\"more-link\">Segu\u00ed leyendo<span class=\"screen-reader-text\"> &#8220;Viajeros, Temporada 3, Cap\u00edtulo 2, Juanita.&#8221;<\/span><\/a><\/p>\n","protected":false},"author":1,"featured_media":0,"parent":0,"menu_order":0,"comment_status":"closed","ping_status":"closed","template":"","meta":{"footnotes":""},"class_list":["post-324","page","type-page","status-publish","hentry"],"_links":{"self":[{"href":"https:\/\/maranghello.com.ar\/viajes\/index.php\/wp-json\/wp\/v2\/pages\/324","targetHints":{"allow":["GET"]}}],"collection":[{"href":"https:\/\/maranghello.com.ar\/viajes\/index.php\/wp-json\/wp\/v2\/pages"}],"about":[{"href":"https:\/\/maranghello.com.ar\/viajes\/index.php\/wp-json\/wp\/v2\/types\/page"}],"author":[{"embeddable":true,"href":"https:\/\/maranghello.com.ar\/viajes\/index.php\/wp-json\/wp\/v2\/users\/1"}],"replies":[{"embeddable":true,"href":"https:\/\/maranghello.com.ar\/viajes\/index.php\/wp-json\/wp\/v2\/comments?post=324"}],"version-history":[{"count":5,"href":"https:\/\/maranghello.com.ar\/viajes\/index.php\/wp-json\/wp\/v2\/pages\/324\/revisions"}],"predecessor-version":[{"id":417,"href":"https:\/\/maranghello.com.ar\/viajes\/index.php\/wp-json\/wp\/v2\/pages\/324\/revisions\/417"}],"wp:attachment":[{"href":"https:\/\/maranghello.com.ar\/viajes\/index.php\/wp-json\/wp\/v2\/media?parent=324"}],"curies":[{"name":"wp","href":"https:\/\/api.w.org\/{rel}","templated":true}]}}