{"id":309,"date":"2020-07-25T17:19:57","date_gmt":"2020-07-25T20:19:57","guid":{"rendered":"http:\/\/maranghello.com.ar\/viajes\/?page_id=309"},"modified":"2023-05-13T16:33:31","modified_gmt":"2023-05-13T19:33:31","slug":"viajeros-temporada-3-capitulo-1","status":"publish","type":"page","link":"https:\/\/maranghello.com.ar\/viajes\/index.php\/viajeros-temporada-3-capitulo-1\/","title":{"rendered":"Viajeros, Temporada 3, Cap\u00edtulo 1"},"content":{"rendered":"\n<h2 class=\"wp-block-heading\">Cap\u00edtulo 1, La Chata<\/h2>\n\n\n\n<figure class=\"wp-block-audio\"><audio controls src=\"http:\/\/maranghello.com.ar\/viajes\/wp-content\/uploads\/2020\/07\/T3-Capitulo01.mp3\"><\/audio><\/figure>\n\n\n\n<p class=\"has-medium-font-size\">Pasados unos tres meses desde enero, tras haber padecido las inclementes lluvias y algunas neviscas de verano en el NOA y teniendo en cuenta que el asiento de la Yamaja XTZ250 no hab\u00eda resultado nada placentero para mi mujer, comenzamos a planear las vacaciones de invierno. La l\u00f3gica indicaba que era la mejor \u00e9poca para completar el recorrido por la Puna que hab\u00eda quedado inconcluso.<\/p>\n\n\n\n<p class=\"has-medium-font-size\">\u00c9sta vez pensamos que ser\u00eda m\u00e1s adecuado alquilar una camioneta 4 por 4 en Salta para viajar confortables en lugar de una moto. Adem\u00e1s no ten\u00edamos la ropa adecuada como para lanzarnos a una nueva aventura en moto; pens\u00e1bamos que la 4 por 4 nos dar\u00eda la posibilidad de atravesar caminos complicados con calefacci\u00f3n y m\u00e1s seguridad.<\/p>\n\n\n\n<p class=\"has-medium-font-size\">Esta vez saldr\u00edamos acompa\u00f1ados de mi hermana, su marido y mi ahijada, ellos en su auto y nosotros en nuestro Alfa 156. Salimos un viernes a \u00faltima hora con destino a Rafaela, para hacer noche y continuar al d\u00eda siguiente a Salta. Para ellos ser\u00eda su primer viaje al NOA por lo que har\u00edan recorridos ya conocidos por nosotros. La primera noche, los llevamos a La Casona del Molino y al d\u00eda siguiente tomar\u00edamos nuestra camioneta alquilada para dirigirnos a Tolar Grande, mientras que ellos har\u00edan su recorrido por la ciudad de Salta. La idea era encontrarnos unos d\u00edas m\u00e1s adelante en Humahuaca.<\/p>\n\n\n\n<p class=\"has-medium-font-size\">A la ma\u00f1ana siguiente fuimos por la Amarok. Luego partimos a un barrio privado del due\u00f1o de la agencia para dejar nuestro auto guardado hasta nuestro regreso. Una vez en la chata, compramos algo para el viaje y partimos hacia San Antonio de los Cobres.<\/p>\n\n\n\n<p class=\"has-medium-font-size\">Ya en la RN51, el d\u00eda se presentaba helado pero totalmente despejado. Luego de pasar Ingeniero Maur\u00ed, entramos en la zona de ripio, actualmente asfaltada. Mientras disfrutaba de la chata y el paisaje, \u00edbamos escuchando, Aqu\u00ed llega el Sol de Los Beatles en la versi\u00f3n remasterizada, un placer indescriptible.<\/p>\n\n\n\n<figure class=\"wp-block-video\"><video controls src=\"http:\/\/maranghello.com.ar\/viajes\/wp-content\/uploads\/2020\/07\/Here-Comes-the-Sun.mp4\"><\/video><figcaption class=\"wp-element-caption\">Por la RN51 al ritmo de Here Comes The Sun<\/figcaption><\/figure>\n\n\n\n<p class=\"has-medium-font-size\">Llegamos a San Antonio de los Cobres y paramos a comer algo en un comedor t\u00edpico de viajeros. Est\u00e1bamos solos; nos sentamos y una se\u00f1orita nos vino a atender. Luego de tomar el pedido, encendi\u00f3 la TV y la puso a alt\u00edsimo volumen. Esta es una costumbre que tienen para los camioneros y viajantes que suelen parar all\u00ed, pero para nosotros era algo muy desagradable, por lo que me dispuse a bajar el volumen.<\/p>\n\n\n\n<p class=\"has-medium-font-size\">Luego de almorzar, retomamos viaje hacia nuestro primer destino, Tolar Grande. A poco de andar, la Puna nos dio la bienvenida. A pesar de no ser nuestra primera vez en este lugar, haber llegado de Buenos Aires el d\u00eda anterior y subir tan r\u00e1pido a los 4.000 metros sobre el nivel del mar, nos produjo un leve malestar, t\u00edpico de apunamiento. Hab\u00edamos tomado la precauci\u00f3n de ir tomando t\u00e9 de coca durante el viaje, pero no fue suficiente. A mi mujer le peg\u00f3 m\u00e1s fuerte que a m\u00ed y la estaba pasando un poco mal.<\/p>\n\n\n\n<p class=\"has-medium-font-size\">Pasamos por el paraje Pastos Amarillos pero no paramos a tomar fotos por ese malestar; luego en el paraje Olacapato, giramos a la izquierda en la RP27. El sol rajaba la tierra y el cielo no pod\u00eda ser m\u00e1s azul. A unos 30 kil\u00f3metros entramos en el Salar de Pocitos y luego al paraje del mismo nombre donde tomamos conciencia de lo duro que suele ser recorrer estos caminos: una camioneta 4 por 4 estaba al costado del camino calzada sobre tacos y sin dos de sus ruedas por haber roto los neum\u00e1ticos, los que se encontraban tirados a un costado, totalmente destruidos con la banda de rodamiento hecha flecos.<\/p>\n\n\n\n<p class=\"has-medium-font-size\">Continuamos viajando; en ese tramo el camino va sobre el salar y es bastante f\u00e1cil tener alguna rotura con las filosas rocas sueltas o en alg\u00fan descuido, con alguna salida de pista. Es necesario tomarlo con la debida precauci\u00f3n para no arruinar las vacaciones. M\u00e1s adelante paramos en el cruce del camino con las v\u00edas del Tren a las Nubes para hacer fotos; el malestar parec\u00eda haber aflojado un poco. Armamos el tr\u00edpode para hacer unas cuantas fotos a la vez que nos \u00edbamos aclimatando a la dura Puna.<\/p>\n\n\n\n<figure class=\"wp-block-image size-large\"><img loading=\"lazy\" decoding=\"async\" width=\"1024\" height=\"677\" src=\"http:\/\/maranghello.com.ar\/viajes\/wp-content\/uploads\/2020\/07\/image-1024x677.png\" alt=\"\" class=\"wp-image-311\" srcset=\"https:\/\/maranghello.com.ar\/viajes\/wp-content\/uploads\/2020\/07\/image-1024x677.png 1024w, https:\/\/maranghello.com.ar\/viajes\/wp-content\/uploads\/2020\/07\/image-300x198.png 300w, https:\/\/maranghello.com.ar\/viajes\/wp-content\/uploads\/2020\/07\/image-768x508.png 768w, https:\/\/maranghello.com.ar\/viajes\/wp-content\/uploads\/2020\/07\/image.png 1096w\" sizes=\"auto, (max-width: 706px) 89vw, (max-width: 767px) 82vw, 740px\" \/><figcaption class=\"wp-element-caption\">Salar de Pocitos<\/figcaption><\/figure>\n\n\n\n<figure class=\"wp-block-image size-large\"><img loading=\"lazy\" decoding=\"async\" width=\"1024\" height=\"677\" src=\"http:\/\/maranghello.com.ar\/viajes\/wp-content\/uploads\/2020\/07\/image-1-1024x677.png\" alt=\"\" class=\"wp-image-312\" srcset=\"https:\/\/maranghello.com.ar\/viajes\/wp-content\/uploads\/2020\/07\/image-1-1024x677.png 1024w, https:\/\/maranghello.com.ar\/viajes\/wp-content\/uploads\/2020\/07\/image-1-300x198.png 300w, https:\/\/maranghello.com.ar\/viajes\/wp-content\/uploads\/2020\/07\/image-1-768x508.png 768w, https:\/\/maranghello.com.ar\/viajes\/wp-content\/uploads\/2020\/07\/image-1.png 1096w\" sizes=\"auto, (max-width: 706px) 89vw, (max-width: 767px) 82vw, 740px\" \/><\/figure>\n\n\n\n<figure class=\"wp-block-image size-large\"><img loading=\"lazy\" decoding=\"async\" width=\"1024\" height=\"673\" src=\"http:\/\/maranghello.com.ar\/viajes\/wp-content\/uploads\/2020\/07\/image-2-1024x673.png\" alt=\"\" class=\"wp-image-313\" srcset=\"https:\/\/maranghello.com.ar\/viajes\/wp-content\/uploads\/2020\/07\/image-2-1024x673.png 1024w, https:\/\/maranghello.com.ar\/viajes\/wp-content\/uploads\/2020\/07\/image-2-300x197.png 300w, https:\/\/maranghello.com.ar\/viajes\/wp-content\/uploads\/2020\/07\/image-2-768x505.png 768w, https:\/\/maranghello.com.ar\/viajes\/wp-content\/uploads\/2020\/07\/image-2.png 1103w\" sizes=\"auto, (max-width: 706px) 89vw, (max-width: 767px) 82vw, 740px\" \/><\/figure>\n\n\n\n<p class=\"has-medium-font-size\">Continuamos viaje; una larga recta de unos 13 o 14 kil\u00f3metros, nos alej\u00f3 del salar para colocarnos en una zona sinuosa y muy pintoresca, totalmente de tierra de un color marr\u00f3n tirando al rojo. M\u00e1s adelante pasamos el paraje Siete Curvas y luego llegamos al m\u00edtico Desierto del Diablo, donde volvimos a parar para fotografiar el incre\u00edble paisaje.<\/p>\n\n\n\n<figure class=\"wp-block-image size-large\"><img loading=\"lazy\" decoding=\"async\" width=\"1024\" height=\"684\" src=\"http:\/\/maranghello.com.ar\/viajes\/wp-content\/uploads\/2020\/07\/image-3-1024x684.png\" alt=\"\" class=\"wp-image-314\" srcset=\"https:\/\/maranghello.com.ar\/viajes\/wp-content\/uploads\/2020\/07\/image-3-1024x684.png 1024w, https:\/\/maranghello.com.ar\/viajes\/wp-content\/uploads\/2020\/07\/image-3-300x200.png 300w, https:\/\/maranghello.com.ar\/viajes\/wp-content\/uploads\/2020\/07\/image-3-768x513.png 768w, https:\/\/maranghello.com.ar\/viajes\/wp-content\/uploads\/2020\/07\/image-3.png 1095w\" sizes=\"auto, (max-width: 706px) 89vw, (max-width: 767px) 82vw, 740px\" \/><\/figure>\n\n\n\n<figure class=\"wp-block-image size-large\"><img loading=\"lazy\" decoding=\"async\" width=\"1024\" height=\"680\" src=\"http:\/\/maranghello.com.ar\/viajes\/wp-content\/uploads\/2020\/07\/image-4-1024x680.png\" alt=\"\" class=\"wp-image-315\" srcset=\"https:\/\/maranghello.com.ar\/viajes\/wp-content\/uploads\/2020\/07\/image-4-1024x680.png 1024w, https:\/\/maranghello.com.ar\/viajes\/wp-content\/uploads\/2020\/07\/image-4-300x199.png 300w, https:\/\/maranghello.com.ar\/viajes\/wp-content\/uploads\/2020\/07\/image-4-768x510.png 768w, https:\/\/maranghello.com.ar\/viajes\/wp-content\/uploads\/2020\/07\/image-4.png 1097w\" sizes=\"auto, (max-width: 706px) 89vw, (max-width: 767px) 82vw, 740px\" \/><\/figure>\n\n\n\n<p class=\"has-medium-font-size\">En un punto una curva de 180\u00b0 nos pone en medio de una especie de ca\u00f1ad\u00f3n por donde debemos circular; todos es del mismo color marr\u00f3n rojizo; no se puede describir la belleza. El camino contin\u00faa sinuoso con peque\u00f1as bardas a ambos lados. Pronto vamos girando lentamente hacia el oeste para bordear un cord\u00f3n monta\u00f1oso y luego en sentido norte, dejando el cerro Mac\u00f3n a nuestra izquierda. De a poco van apareciendo pastizales y las cl\u00e1sicas tolas &nbsp;(Baccharis incarum) que dan nombre a Tolar Grande. Llegamos al arco de bienvenida, donde paramos para hacer fotograf\u00edas; desde all\u00ed se puede divisar el pueblo; es emocionante la inmensidad de la Puna, con los grandes cordones monta\u00f1osos a lo lejos, entre ellos el Volc\u00e1n Llullaillaco con su cima nevada, lugar donde fueron halladas los ni\u00f1os del Llullaillaco que se exhiben en el Museo de Alta Monta\u00f1a de Salta.<\/p>\n\n\n\n<p class=\"has-medium-font-size\">Llegamos a nuestro destino. El frio es tremendo y el sol ya estaba bajando, para mostrarnos una postal que quedar\u00eda grabada para siempre en nuestras retinas.<\/p>\n\n\n\n<figure class=\"wp-block-image size-large\"><img loading=\"lazy\" decoding=\"async\" width=\"1024\" height=\"688\" src=\"http:\/\/maranghello.com.ar\/viajes\/wp-content\/uploads\/2020\/07\/image-5-1024x688.png\" alt=\"\" class=\"wp-image-316\" srcset=\"https:\/\/maranghello.com.ar\/viajes\/wp-content\/uploads\/2020\/07\/image-5-1024x688.png 1024w, https:\/\/maranghello.com.ar\/viajes\/wp-content\/uploads\/2020\/07\/image-5-300x201.png 300w, https:\/\/maranghello.com.ar\/viajes\/wp-content\/uploads\/2020\/07\/image-5-768x516.png 768w, https:\/\/maranghello.com.ar\/viajes\/wp-content\/uploads\/2020\/07\/image-5.png 1093w\" sizes=\"auto, (max-width: 706px) 89vw, (max-width: 767px) 82vw, 740px\" \/><figcaption class=\"wp-element-caption\">Atardecer en Tolar Grande. De fondo, el Mac\u00f3n.<\/figcaption><\/figure>\n\n\n\n<p><a href=\"http:\/\/maranghello.com.ar\/viajes\/index.php\/capitulo-2-juanita\/\">Cap\u00edtulo siguiente<\/a><\/p>\n","protected":false},"excerpt":{"rendered":"<p>Cap\u00edtulo 1, La Chata Pasados unos tres meses desde enero, tras haber padecido las inclementes lluvias y algunas neviscas de verano en el NOA y teniendo en cuenta que el asiento de la Yamaja XTZ250 no hab\u00eda resultado nada placentero para mi mujer, comenzamos a planear las vacaciones de invierno. La l\u00f3gica indicaba que era &hellip; <\/p>\n<p class=\"link-more\"><a href=\"https:\/\/maranghello.com.ar\/viajes\/index.php\/viajeros-temporada-3-capitulo-1\/\" class=\"more-link\">Segu\u00ed leyendo<span class=\"screen-reader-text\"> &#8220;Viajeros, Temporada 3, Cap\u00edtulo 1&#8221;<\/span><\/a><\/p>\n","protected":false},"author":1,"featured_media":0,"parent":0,"menu_order":0,"comment_status":"closed","ping_status":"closed","template":"","meta":{"footnotes":""},"class_list":["post-309","page","type-page","status-publish","hentry"],"_links":{"self":[{"href":"https:\/\/maranghello.com.ar\/viajes\/index.php\/wp-json\/wp\/v2\/pages\/309","targetHints":{"allow":["GET"]}}],"collection":[{"href":"https:\/\/maranghello.com.ar\/viajes\/index.php\/wp-json\/wp\/v2\/pages"}],"about":[{"href":"https:\/\/maranghello.com.ar\/viajes\/index.php\/wp-json\/wp\/v2\/types\/page"}],"author":[{"embeddable":true,"href":"https:\/\/maranghello.com.ar\/viajes\/index.php\/wp-json\/wp\/v2\/users\/1"}],"replies":[{"embeddable":true,"href":"https:\/\/maranghello.com.ar\/viajes\/index.php\/wp-json\/wp\/v2\/comments?post=309"}],"version-history":[{"count":3,"href":"https:\/\/maranghello.com.ar\/viajes\/index.php\/wp-json\/wp\/v2\/pages\/309\/revisions"}],"predecessor-version":[{"id":415,"href":"https:\/\/maranghello.com.ar\/viajes\/index.php\/wp-json\/wp\/v2\/pages\/309\/revisions\/415"}],"wp:attachment":[{"href":"https:\/\/maranghello.com.ar\/viajes\/index.php\/wp-json\/wp\/v2\/media?parent=309"}],"curies":[{"name":"wp","href":"https:\/\/api.w.org\/{rel}","templated":true}]}}