{"id":242,"date":"2020-05-08T12:46:03","date_gmt":"2020-05-08T15:46:03","guid":{"rendered":"http:\/\/maranghello.com.ar\/viajes\/?page_id=242"},"modified":"2023-05-13T16:31:18","modified_gmt":"2023-05-13T19:31:18","slug":"viajeros-temporada-2-7","status":"publish","type":"page","link":"https:\/\/maranghello.com.ar\/viajes\/index.php\/viajeros-temporada-2-7\/","title":{"rendered":"Viajeros, Temporada 2. Cap\u00edtulo 8"},"content":{"rendered":"\n<h2 class=\"wp-block-heading\">Cap\u00edtulo 8. Entrada triunfal.<\/h2>\n\n\n\n<figure class=\"wp-block-audio\"><audio controls src=\"http:\/\/maranghello.com.ar\/viajes\/wp-content\/uploads\/2020\/05\/T2-Capitulo08.mp3\"><\/audio><\/figure>\n\n\n\n<p class=\"has-medium-font-size\">Por primera vez desde que salimos de Salta, nos encontr\u00e1bamos en un hotel de Lujo. La recepcionista nos tuvo mucha compasi\u00f3n y nos permiti\u00f3 dejar la moto en la entrada principal bajo techo. Era el d\u00eda de la partida y costaba salir de un ambiente seco, confortable y con muy buena comida y atenci\u00f3n. Nuestro viaje deb\u00eda continuar, nuevamente con rumbo oeste para ingresar a la Puna y ver si pod\u00edamos concretar la parte final de nuestro viaje. Deb\u00edamos llegar a la tarde a San Antonio de los Cobres, hacer noche all\u00ed y salir a la ma\u00f1ana siguiente rumbo a Tolar Grande.<\/p>\n\n\n\n<p class=\"has-medium-font-size\">Cost\u00f3 mucho dejar la zona de confort, pero \u00e9sta vez le har\u00edamos frente a las lluvias con los ponchos que hab\u00edamos fabricado con las bolsas y nuestras botas de goma que nos proteger\u00edan los pies. Nuestro aspecto no era de motociclistas experimentados; claro, tampoco lo \u00e9ramos; m\u00e1s bien pod\u00edamos ser confundidos con lugare\u00f1os. No nos interesaba en lo m\u00e1s m\u00ednimo c\u00f3mo nos ver\u00edamos, solo quer\u00edamos continuar viaje y as\u00ed partimos por la RN52. Primera parada, Salinas Grandes por la pintoresca cuesta de Lipan.<\/p>\n\n\n\n<p class=\"has-medium-font-size\">Salimos de Purmamarca con el cielo cubierto y una leve llovizna intermitente. Ning\u00fan problema, todo el equipo improvisado cumpl\u00eda con su funci\u00f3n. El paisaje ya era conocido de viajes anteriores, pero en moto es otra cosa, a pesar de la falta de sol y el fr\u00edo.<\/p>\n\n\n\n<p class=\"has-medium-font-size\">A medida que \u00edbamos ganando altura, el fr\u00edo se hac\u00eda sentir un poco m\u00e1s en mis manos; el resto del cuerpo y sobre todo, los pies, sin problemas. Sigue la intermitente llovizna, pero al llegar a la zona del Abra a los cuatro mil doscientos metros sobre el nivel del mar, la llovizna se transform\u00f3 en aguanieve. A esa altura el viento se hizo presente con r\u00e1fagas de mucha intensidad. Las peque\u00f1as gotas congeladas se sent\u00edan como agujas en las partes del cuello y cara que quedaban expuestas; deb\u00ed transitar sin el visor del casco porque se congelaba con el vapor de la respiraci\u00f3n; ese tramo fue duro, muy duro.<\/p>\n\n\n\n<p class=\"has-medium-font-size\">Una vez comenzado el descenso hacia las Salinas Grandes, el viento calm\u00f3 y la llovizna y agua nieve quedaron del lado este de los cerros. Hac\u00eda fr\u00edo, mucho fr\u00edo y mis guantes mojados me hab\u00edan congelado las manos. Transitamos los veinte kil\u00f3metros hasta las Salinas a no m\u00e1s de 70 y 80 kil\u00f3metros por hora y as\u00ed llegamos al lago. Si, al lago. No hab\u00eda salinas. Todo era un gran lago de unos treinta o cuarenta cent\u00edmetros de profundidad. De todos modos, tomamos unas fotos; descansamos un poco y continuamos camino.<\/p>\n\n\n\n<figure class=\"wp-block-image size-large\"><img loading=\"lazy\" decoding=\"async\" width=\"1024\" height=\"681\" src=\"http:\/\/maranghello.com.ar\/viajes\/wp-content\/uploads\/2020\/05\/DSC_5474-1024x681.jpg\" alt=\"\" class=\"wp-image-243\" srcset=\"https:\/\/maranghello.com.ar\/viajes\/wp-content\/uploads\/2020\/05\/DSC_5474-1024x681.jpg 1024w, https:\/\/maranghello.com.ar\/viajes\/wp-content\/uploads\/2020\/05\/DSC_5474-300x199.jpg 300w, https:\/\/maranghello.com.ar\/viajes\/wp-content\/uploads\/2020\/05\/DSC_5474-768x511.jpg 768w, https:\/\/maranghello.com.ar\/viajes\/wp-content\/uploads\/2020\/05\/DSC_5474-1536x1021.jpg 1536w, https:\/\/maranghello.com.ar\/viajes\/wp-content\/uploads\/2020\/05\/DSC_5474-2048x1362.jpg 2048w\" sizes=\"auto, (max-width: 706px) 89vw, (max-width: 767px) 82vw, 740px\" \/><figcaption class=\"wp-element-caption\">Salinas Grandes, un lago.<\/figcaption><\/figure>\n\n\n\n<p class=\"has-medium-font-size\">Retrocedimos unos cuatro kil\u00f3metros por la RN52 hasta tomar la antigua RN40 hacia el sur para llegar a San Antonio de los Cobres, unos noventa y cinco kil\u00f3metros duros por ripio con mucho serrucho; al menos, as\u00ed lo recordaba.<\/p>\n\n\n\n<p class=\"has-medium-font-size\">El camino estaba bastante bueno con los serruchos que ya conoc\u00edamos; el cielo totalmente cubierto pero sin lluvias ni vientos molestos. Al oeste se ve\u00edan las salinas y al fondo los picos nevados. Pasamos el paraje Tres Morros sin problemas. Luego un curso de agua, pasaba por sobre el camino; nada que alarme. Mientras avanz\u00e1bamos ve\u00eda las salinas al oeste como un espejo de agua y tambi\u00e9n comenc\u00e9 a ver otro espejo de agua a lo lejos en el mismo sentido que circul\u00e1bamos. Pens\u00e9 que ser\u00eda alguna curva y que ser\u00eda parte de las salinas; pero a medida que nos acerc\u00e1bamos, not\u00e9 que se trataba de agua sobre el camino.<\/p>\n\n\n\n<figure class=\"wp-block-image size-large\"><img loading=\"lazy\" decoding=\"async\" width=\"1024\" height=\"681\" src=\"http:\/\/maranghello.com.ar\/viajes\/wp-content\/uploads\/2020\/05\/DSC_5484-1024x681.jpg\" alt=\"\" class=\"wp-image-244\" srcset=\"https:\/\/maranghello.com.ar\/viajes\/wp-content\/uploads\/2020\/05\/DSC_5484-1024x681.jpg 1024w, https:\/\/maranghello.com.ar\/viajes\/wp-content\/uploads\/2020\/05\/DSC_5484-300x199.jpg 300w, https:\/\/maranghello.com.ar\/viajes\/wp-content\/uploads\/2020\/05\/DSC_5484-768x511.jpg 768w, https:\/\/maranghello.com.ar\/viajes\/wp-content\/uploads\/2020\/05\/DSC_5484-1536x1021.jpg 1536w, https:\/\/maranghello.com.ar\/viajes\/wp-content\/uploads\/2020\/05\/DSC_5484-2048x1362.jpg 2048w\" sizes=\"auto, (max-width: 706px) 89vw, (max-width: 767px) 82vw, 740px\" \/><figcaption class=\"wp-element-caption\">Tres Morros.<\/figcaption><\/figure>\n\n\n\n<figure class=\"wp-block-image size-large\"><img loading=\"lazy\" decoding=\"async\" width=\"1024\" height=\"681\" src=\"http:\/\/maranghello.com.ar\/viajes\/wp-content\/uploads\/2020\/05\/DSC_5475-1024x681.jpg\" alt=\"\" class=\"wp-image-246\" srcset=\"https:\/\/maranghello.com.ar\/viajes\/wp-content\/uploads\/2020\/05\/DSC_5475-1024x681.jpg 1024w, https:\/\/maranghello.com.ar\/viajes\/wp-content\/uploads\/2020\/05\/DSC_5475-300x199.jpg 300w, https:\/\/maranghello.com.ar\/viajes\/wp-content\/uploads\/2020\/05\/DSC_5475-768x511.jpg 768w, https:\/\/maranghello.com.ar\/viajes\/wp-content\/uploads\/2020\/05\/DSC_5475-1536x1021.jpg 1536w, https:\/\/maranghello.com.ar\/viajes\/wp-content\/uploads\/2020\/05\/DSC_5475-2048x1362.jpg 2048w\" sizes=\"auto, (max-width: 706px) 89vw, (max-width: 767px) 82vw, 740px\" \/><figcaption class=\"wp-element-caption\">Cementerio de Tres Morros.<\/figcaption><\/figure>\n\n\n\n<figure class=\"wp-block-image size-large\"><img loading=\"lazy\" decoding=\"async\" width=\"1024\" height=\"681\" src=\"http:\/\/maranghello.com.ar\/viajes\/wp-content\/uploads\/2020\/05\/DSC_5480-1024x681.jpg\" alt=\"\" class=\"wp-image-245\" srcset=\"https:\/\/maranghello.com.ar\/viajes\/wp-content\/uploads\/2020\/05\/DSC_5480-1024x681.jpg 1024w, https:\/\/maranghello.com.ar\/viajes\/wp-content\/uploads\/2020\/05\/DSC_5480-300x199.jpg 300w, https:\/\/maranghello.com.ar\/viajes\/wp-content\/uploads\/2020\/05\/DSC_5480-768x511.jpg 768w, https:\/\/maranghello.com.ar\/viajes\/wp-content\/uploads\/2020\/05\/DSC_5480-1536x1021.jpg 1536w, https:\/\/maranghello.com.ar\/viajes\/wp-content\/uploads\/2020\/05\/DSC_5480-2048x1362.jpg 2048w\" sizes=\"auto, (max-width: 706px) 89vw, (max-width: 767px) 82vw, 740px\" \/><figcaption class=\"wp-element-caption\">Cementerio de Tres Morros<\/figcaption><\/figure>\n\n\n\n<p class=\"has-medium-font-size\">Al llegar al punto de encuentro, se trataba de agua que ven\u00eda corriendo hacia nosotros y escurr\u00eda hacia el este para seguir escurriendo por el medio de la planicie. Las banquinas elevadas hab\u00edan transformado el camino en un canal de agua de unos diez a quince&nbsp; cent\u00edmetros, con corriente en contra nuestra. No par\u00e9, solo baj\u00e9 la velocidad y trat\u00e9 de ir por la misma huella que ven\u00edamos, aunque no ve\u00eda d\u00f3nde est\u00e1bamos pisando. El suelo era firme, segu\u00eda siendo un camino de ripio, pero ahora con agua.<\/p>\n\n\n\n<p class=\"has-medium-font-size\">Hicimos varios kil\u00f3metros en esta condici\u00f3n, pensando que en alg\u00fan punto dejar\u00edamos el agua atr\u00e1s; pero no fue as\u00ed. El agua ven\u00eda del lago en que se hab\u00edan convertido las salinas, por lo que resultaron unos treinta kil\u00f3metros en esta condici\u00f3n. Sinceramente, m\u00e1s que ir levantando agua, no generaba otros problemas; s\u00ed, algunos pozos o rocas que nos llev\u00e1bamos puestos por no ver d\u00f3nde estaba pisando la moto; no la estaba pasando nada bien y menos mi mujer que se encontraba aterrorizada.<\/p>\n\n\n\n<p class=\"has-medium-font-size\">Al llegar a la zona de Cangrejillos, el camino hace una curva muy larga hacia el oeste para luego cerrarse abruptamente hacia el este en forma de u. En ese sector, dejamos el agua atr\u00e1s. Recuperamos el aliento y continuamos avanzando. Calculo que hab\u00edan pasado unas dos horas largas para hacer ese tramo.<\/p>\n\n\n\n<p class=\"has-medium-font-size\">M\u00e1s adelante, otro curso de agua no muy ancho cruzaba la ruta. Lo pasamos sin dificultad. Justo saliendo del agua, un veh\u00edculo ven\u00eda de frente; nos hicieron luces y saludaron con gran entusiasmo; calculo que se sorprendieron de vernos. Levant\u00e9 mi mano y salud\u00e9, pero terminamos desparramados en el piso. Nos sorprendi\u00f3 un manch\u00f3n de barro al frente y con una sola mano, no pude contener el manillar. No hubo consecuencias, m\u00e1s que quedar un poco m\u00e1s sucios de lo que ya est\u00e1bamos.<\/p>\n\n\n\n<p class=\"has-medium-font-size\">Subimos a la moto y seguimos. Se ensuci\u00f3 un poco el almohad\u00f3n del Hombre Ara\u00f1a, el que estaba cumpliendo muy bien su funci\u00f3n, d\u00e1ndole algo de confort a mi mujer.<\/p>\n\n\n\n<p class=\"has-medium-font-size\">Iba cayendo la tarde; reci\u00e9n hab\u00edamos superado algo m\u00e1s de la mitad del camino y nuevamente, la ruta se transform\u00f3 en un canal de agua. En este punto sab\u00eda que ten\u00edamos por delante una largu\u00edsima recta y lo \u00fanico que ve\u00eda adelante era agua y al fondo los primeros cerros bajos del cord\u00f3n que termina en San Antonio de los Cobres.<\/p>\n\n\n\n<p class=\"has-medium-font-size\">La velocidad de desplazamiento no llegaba a veinte kil\u00f3metros por hora, un suplicio.<\/p>\n\n\n\n<p class=\"has-medium-font-size\">En un corte de banquina nos detuvimos. Le ped\u00ed a mi mujer que bajara e intent\u00e9 sacar la moto del camino y subir a la planicie que estaba seca y a mayor altura. Me cost\u00f3 bastante pasar el mont\u00edculo de piedras y arena, pero lo logr\u00e9. Subi\u00f3 mi mujer y continuamos por el costado del camino. Pero no fue algo muy pr\u00e1ctico ya que deb\u00eda esquivar peque\u00f1os arbustos, rocas y plantas con espinas. Avanzamos un poco por all\u00ed pero decid\u00ed volver a la ruta y continuar por el agua.<\/p>\n\n\n\n<p class=\"has-medium-font-size\">M\u00e1s adelante, salimos del agua; otras dos horas de trayecto. A pocos kil\u00f3metros encontramos un cementerio a la derecha. Nos detuvimos a hidratarnos, descansar y a tomar unas fotos.<\/p>\n\n\n\n<figure class=\"wp-block-image size-large\"><img loading=\"lazy\" decoding=\"async\" width=\"1024\" height=\"681\" src=\"http:\/\/maranghello.com.ar\/viajes\/wp-content\/uploads\/2020\/05\/DSC_5505-1024x681.jpg\" alt=\"\" class=\"wp-image-248\" srcset=\"https:\/\/maranghello.com.ar\/viajes\/wp-content\/uploads\/2020\/05\/DSC_5505-1024x681.jpg 1024w, https:\/\/maranghello.com.ar\/viajes\/wp-content\/uploads\/2020\/05\/DSC_5505-300x199.jpg 300w, https:\/\/maranghello.com.ar\/viajes\/wp-content\/uploads\/2020\/05\/DSC_5505-768x511.jpg 768w, https:\/\/maranghello.com.ar\/viajes\/wp-content\/uploads\/2020\/05\/DSC_5505-1536x1021.jpg 1536w, https:\/\/maranghello.com.ar\/viajes\/wp-content\/uploads\/2020\/05\/DSC_5505-2048x1362.jpg 2048w\" sizes=\"auto, (max-width: 706px) 89vw, (max-width: 767px) 82vw, 740px\" \/><figcaption class=\"wp-element-caption\">Parada en el Cementerio. N\u00f3tese el almohad\u00f3n; el pobre Hombre Ara\u00f1a, boca abajo.   <\/figcaption><\/figure>\n\n\n\n<figure class=\"wp-block-image size-large\"><img loading=\"lazy\" decoding=\"async\" width=\"1024\" height=\"681\" src=\"http:\/\/maranghello.com.ar\/viajes\/wp-content\/uploads\/2020\/05\/DSC_5490-1024x681.jpg\" alt=\"\" class=\"wp-image-247\" srcset=\"https:\/\/maranghello.com.ar\/viajes\/wp-content\/uploads\/2020\/05\/DSC_5490-1024x681.jpg 1024w, https:\/\/maranghello.com.ar\/viajes\/wp-content\/uploads\/2020\/05\/DSC_5490-300x199.jpg 300w, https:\/\/maranghello.com.ar\/viajes\/wp-content\/uploads\/2020\/05\/DSC_5490-768x511.jpg 768w, https:\/\/maranghello.com.ar\/viajes\/wp-content\/uploads\/2020\/05\/DSC_5490-1536x1021.jpg 1536w, https:\/\/maranghello.com.ar\/viajes\/wp-content\/uploads\/2020\/05\/DSC_5490-2048x1362.jpg 2048w\" sizes=\"auto, (max-width: 706px) 89vw, (max-width: 767px) 82vw, 740px\" \/><figcaption class=\"wp-element-caption\">Cementerio.<\/figcaption><\/figure>\n\n\n\n<figure class=\"wp-block-image size-large\"><img loading=\"lazy\" decoding=\"async\" width=\"1024\" height=\"681\" src=\"http:\/\/maranghello.com.ar\/viajes\/wp-content\/uploads\/2020\/05\/DSC_5496-1024x681.jpg\" alt=\"\" class=\"wp-image-249\" srcset=\"https:\/\/maranghello.com.ar\/viajes\/wp-content\/uploads\/2020\/05\/DSC_5496-1024x681.jpg 1024w, https:\/\/maranghello.com.ar\/viajes\/wp-content\/uploads\/2020\/05\/DSC_5496-300x199.jpg 300w, https:\/\/maranghello.com.ar\/viajes\/wp-content\/uploads\/2020\/05\/DSC_5496-768x511.jpg 768w, https:\/\/maranghello.com.ar\/viajes\/wp-content\/uploads\/2020\/05\/DSC_5496-1536x1021.jpg 1536w, https:\/\/maranghello.com.ar\/viajes\/wp-content\/uploads\/2020\/05\/DSC_5496-2048x1362.jpg 2048w\" sizes=\"auto, (max-width: 706px) 89vw, (max-width: 767px) 82vw, 740px\" \/><figcaption class=\"wp-element-caption\">Las t\u00edpicas flores de papel. <\/figcaption><\/figure>\n\n\n\n<p class=\"has-medium-font-size\">Retomamos la marcha. Ya est\u00e1bamos acerc\u00e1ndonos al R\u00edo San Antonio de los Cobres que a esa altura se iba acercando y empezaba a correr paralelo a la ruta. Al llegar a divisar el cruce del r\u00edo, a unos mil metros delante nuestro, vimos una camioneta blanca que ven\u00eda de frente y a gran velocidad cruz\u00f3 por las furiosas aguas que ven\u00edan de sur a norte, es decir, en contra del sentido de circulaci\u00f3n.&nbsp; Mientras nos acerc\u00e1bamos al cruce, notamos que la camioneta gir\u00f3 en U, para volver a encarar el cruce del r\u00edo en el mismo sentido que deb\u00edamos hacer nosotros. Not\u00e9 que el agua les llegaba a la altura de las puertas y que al pasar el r\u00edo, patinaban en un tramo de barro de unos treinta metros y luego cruzaban otros dos brazos del r\u00edo menos profundos. Nos detuvimos para observar. La camioneta sigui\u00f3 rumbo a San Antonio de los Cobres y se detuvo a unos mil metros.<\/p>\n\n\n\n<p class=\"has-medium-font-size\">Ten\u00edamos por delante una encrucijada. Intentar el cruce y as\u00ed tratar de llegar a destino, o volver hacia Purmamarca, para llegar a la noche, sabiendo que, m\u00e1s all\u00e1 de las dificultades pasadas, podr\u00edamos llegar.<\/p>\n\n\n\n<p class=\"has-medium-font-size\">El r\u00edo ven\u00eda con gran fuerza, arrastrando todo lo que encontraba a su paso. La altura, parec\u00eda superar los cuarenta o cincuenta cent\u00edmetros y el lecho, teniendo en cuenta los movimientos de la camioneta que hab\u00edamos visto pasar, era bastante complicado.<\/p>\n\n\n\n<p class=\"has-medium-font-size\">No le di tiempo de reaccionar a mi mujer y le ped\u00ed que se agarrara fuerte. Decid\u00ed cruzar el r\u00edo en diagonal en contra de la corriente. Pens\u00e9 que si lo hac\u00eda en forma perpendicular o en una diagonal a favor de la misma, la corriente nos podr\u00eda arrastrar y todo terminar\u00eda muy mal.<\/p>\n\n\n\n<p class=\"has-medium-font-size\">Aceler\u00e9 la moto en primera marcha y entramos al agua con buena velocidad y fuerza de empuje; as\u00ed salimos del otro lado del primer brazo del r\u00edo, no hice tiempo a frenar, terminado con la rueda delantera fuera del camino por haber pasado por encima de un mont\u00edculo de piedras, de unos cuarenta cent\u00edmetros de altura; hice equilibrio con la punta de los pies para no caernos. Le ped\u00ed a mi mujer que bajada, para poder traer la moto nuevamente al camino. Una vez que baj\u00f3, con gran esfuerzo tir\u00e9 hac\u00eda atr\u00e1s y pude bajar la rueda delantera.<\/p>\n\n\n\n<p class=\"has-medium-font-size\">En ese momento, vi que la camioneta de vialidad retorn\u00f3 hasta llegar a nuestro lado. Nos preguntaron a d\u00f3nde \u00edbamos. Ellos se encontraban haciendo un relevamiento del camino; de hecho, para ellos, el camino no estaba en condiciones de ser transitado y lo que restaba hasta el pueblo, mejoraba a unos kil\u00f3metros del r\u00edo. Ning\u00fan veh\u00edculo hab\u00eda llegado a San Antonio de los Cobres por esta ni por otra ruta.<\/p>\n\n\n\n<p class=\"has-medium-font-size\">Sin consultarle, a mi mujer, le pregunt\u00e9 al chofer si podr\u00edan llevarla hasta San Antonio de los Cobres. Ella no estuvo muy de acuerdo en primera instancia, en subir a una camioneta con tres hombres, pero yo sab\u00eda que estar\u00eda m\u00e1s segura all\u00ed, que conmigo en la moto. Cruc\u00e9 los dos brazos del r\u00edo que faltaban; ellos marchaban delante y se iban alejando. Del otro lado del r\u00edo, el camino ya no era de ripio sino de barro.<\/p>\n\n\n\n<p class=\"has-medium-font-size\">Fui a marcha lenta; era un perfecto inexperto; no sab\u00eda que deb\u00eda pararme en los pedalines para circular en un terreno como ese. Fui patinando en un tramo, pero sin caerme. En un momento, sal\u00ed del camino y fui por el costado, pero a poco de andar, me iba alejando del camino por los arbustos, piedras y distintos cortes por peque\u00f1os cursos de agua que ven\u00edan bajando de los cerros.<\/p>\n\n\n\n<p class=\"has-medium-font-size\">Pronto, volv\u00ed a la ruta. A unos dos kil\u00f3metros, el camino se volv\u00eda nuevamente te ripio. All\u00ed estaba la camioneta detenida, esperando mi llegada y mi mujer esperando.<\/p>\n\n\n\n<p class=\"has-medium-font-size\">Agradecimos la ayuda y continuamos viaje. Si bien estaba h\u00famedo, en ese tramo se pod\u00eda transitar con normalidad. Se hicieron cortos los 20 kil\u00f3metros, ahora a velocidades normales y as\u00ed, ya ten\u00edamos por delante la vista al pueblo.<\/p>\n\n\n\n<p class=\"has-medium-font-size\">A lo lejos vimos sobre nuestra derecha, una multitud. A medida que nos acerc\u00e1bamos, entendimos que era una cancha de f\u00fatbol y todo el pueblo estaba all\u00ed mirando el partido. Claramente, no era un buen partido y al notar nuestra llegada, casi todos los espectadores se dispusieron a ver a dos locos turistas que llegaban en moto; los \u00fanicos que pudieron llegar ese d\u00eda.<\/p>\n\n\n\n<p class=\"has-medium-font-size\">Fue nuestra entrada triunfal. Levantaban sus manos para saludarnos y al devolver el saludo, nuevamente entr\u00e9 a un sector con barro y terminamos desparramados en el piso! Esa s\u00ed que fue una entrada triunfal!, una verg\u00fcenza!.<\/p>\n\n\n\n<p class=\"has-medium-font-size\">Calladitos y conteniendo la risa; felices por haber llegado, subimos a la moto y fuimos al hotel. Dejamos el equipaje y fuimos a Gendarmer\u00eda para averiguar sobre el estado del camino hacia Tolar Grande. El gendarme nos dijo que estaba cortado por barro y prohibida la circulaci\u00f3n. Nos pregunt\u00f3 c\u00f3mo y cu\u00e1ndo hab\u00edamos llegado ya que Vialidad hab\u00eda informado que estaban cortadas todas las rutas. Se sorprendi\u00f3.<\/p>\n\n\n\n<figure class=\"wp-block-image size-large\"><img loading=\"lazy\" decoding=\"async\" width=\"1024\" height=\"681\" src=\"http:\/\/maranghello.com.ar\/viajes\/wp-content\/uploads\/2020\/05\/DSC_5529-1024x681.jpg\" alt=\"\" class=\"wp-image-252\" srcset=\"https:\/\/maranghello.com.ar\/viajes\/wp-content\/uploads\/2020\/05\/DSC_5529-1024x681.jpg 1024w, https:\/\/maranghello.com.ar\/viajes\/wp-content\/uploads\/2020\/05\/DSC_5529-300x199.jpg 300w, https:\/\/maranghello.com.ar\/viajes\/wp-content\/uploads\/2020\/05\/DSC_5529-768x511.jpg 768w, https:\/\/maranghello.com.ar\/viajes\/wp-content\/uploads\/2020\/05\/DSC_5529-1536x1021.jpg 1536w, https:\/\/maranghello.com.ar\/viajes\/wp-content\/uploads\/2020\/05\/DSC_5529-2048x1362.jpg 2048w\" sizes=\"auto, (max-width: 706px) 89vw, (max-width: 767px) 82vw, 740px\" \/><figcaption class=\"wp-element-caption\">San Antonio de los Cobres.<\/figcaption><\/figure>\n\n\n\n<figure class=\"wp-block-image size-large\"><img loading=\"lazy\" decoding=\"async\" width=\"1024\" height=\"681\" src=\"http:\/\/maranghello.com.ar\/viajes\/wp-content\/uploads\/2020\/05\/DSC_5510-2-1024x681.jpg\" alt=\"\" class=\"wp-image-251\" srcset=\"https:\/\/maranghello.com.ar\/viajes\/wp-content\/uploads\/2020\/05\/DSC_5510-2-1024x681.jpg 1024w, https:\/\/maranghello.com.ar\/viajes\/wp-content\/uploads\/2020\/05\/DSC_5510-2-300x199.jpg 300w, https:\/\/maranghello.com.ar\/viajes\/wp-content\/uploads\/2020\/05\/DSC_5510-2-768x511.jpg 768w, https:\/\/maranghello.com.ar\/viajes\/wp-content\/uploads\/2020\/05\/DSC_5510-2-1536x1021.jpg 1536w, https:\/\/maranghello.com.ar\/viajes\/wp-content\/uploads\/2020\/05\/DSC_5510-2-2048x1362.jpg 2048w\" sizes=\"auto, (max-width: 706px) 89vw, (max-width: 767px) 82vw, 740px\" \/><figcaption class=\"wp-element-caption\">Cae la noche y llueve en San Antonio de los Cobres.<\/figcaption><\/figure>\n\n\n\n<p class=\"has-medium-font-size\">Retornamos al hotel. Una buena ducha caliente y a disfrutar de una exquisita cena para cerrar el d\u00eda. Afuera, diluviaba. Ma\u00f1ana ser\u00eda otro d\u00eda.<\/p>\n\n\n\n<figure class=\"wp-block-image size-large is-resized\"><img loading=\"lazy\" decoding=\"async\" src=\"http:\/\/maranghello.com.ar\/viajes\/wp-content\/uploads\/2020\/05\/image-1024x550.png\" alt=\"\" class=\"wp-image-250\" width=\"674\" height=\"362\" srcset=\"https:\/\/maranghello.com.ar\/viajes\/wp-content\/uploads\/2020\/05\/image-1024x550.png 1024w, https:\/\/maranghello.com.ar\/viajes\/wp-content\/uploads\/2020\/05\/image-300x161.png 300w, https:\/\/maranghello.com.ar\/viajes\/wp-content\/uploads\/2020\/05\/image-768x412.png 768w, https:\/\/maranghello.com.ar\/viajes\/wp-content\/uploads\/2020\/05\/image-1536x825.png 1536w, https:\/\/maranghello.com.ar\/viajes\/wp-content\/uploads\/2020\/05\/image-2048x1100.png 2048w\" sizes=\"auto, (max-width: 674px) 100vw, 674px\" \/><figcaption class=\"wp-element-caption\">Solos en el comedor del Hotel de Las Nubes; afuera, diluvia.<\/figcaption><\/figure>\n\n\n\n<p><a href=\"http:\/\/maranghello.com.ar\/viajes\/index.php\/viajeros-temporada-2-8\/\">Cap\u00edtulo siguiente<\/a><\/p>\n","protected":false},"excerpt":{"rendered":"<p>Cap\u00edtulo 8. Entrada triunfal. Por primera vez desde que salimos de Salta, nos encontr\u00e1bamos en un hotel de Lujo. La recepcionista nos tuvo mucha compasi\u00f3n y nos permiti\u00f3 dejar la moto en la entrada principal bajo techo. Era el d\u00eda de la partida y costaba salir de un ambiente seco, confortable y con muy buena &hellip; <\/p>\n<p class=\"link-more\"><a href=\"https:\/\/maranghello.com.ar\/viajes\/index.php\/viajeros-temporada-2-7\/\" class=\"more-link\">Segu\u00ed leyendo<span class=\"screen-reader-text\"> &#8220;Viajeros, Temporada 2. Cap\u00edtulo 8&#8221;<\/span><\/a><\/p>\n","protected":false},"author":1,"featured_media":0,"parent":0,"menu_order":0,"comment_status":"closed","ping_status":"closed","template":"","meta":{"footnotes":""},"class_list":["post-242","page","type-page","status-publish","hentry"],"_links":{"self":[{"href":"https:\/\/maranghello.com.ar\/viajes\/index.php\/wp-json\/wp\/v2\/pages\/242","targetHints":{"allow":["GET"]}}],"collection":[{"href":"https:\/\/maranghello.com.ar\/viajes\/index.php\/wp-json\/wp\/v2\/pages"}],"about":[{"href":"https:\/\/maranghello.com.ar\/viajes\/index.php\/wp-json\/wp\/v2\/types\/page"}],"author":[{"embeddable":true,"href":"https:\/\/maranghello.com.ar\/viajes\/index.php\/wp-json\/wp\/v2\/users\/1"}],"replies":[{"embeddable":true,"href":"https:\/\/maranghello.com.ar\/viajes\/index.php\/wp-json\/wp\/v2\/comments?post=242"}],"version-history":[{"count":13,"href":"https:\/\/maranghello.com.ar\/viajes\/index.php\/wp-json\/wp\/v2\/pages\/242\/revisions"}],"predecessor-version":[{"id":413,"href":"https:\/\/maranghello.com.ar\/viajes\/index.php\/wp-json\/wp\/v2\/pages\/242\/revisions\/413"}],"wp:attachment":[{"href":"https:\/\/maranghello.com.ar\/viajes\/index.php\/wp-json\/wp\/v2\/media?parent=242"}],"curies":[{"name":"wp","href":"https:\/\/api.w.org\/{rel}","templated":true}]}}