{"id":207,"date":"2020-05-06T17:29:45","date_gmt":"2020-05-06T20:29:45","guid":{"rendered":"http:\/\/maranghello.com.ar\/viajes\/?page_id=207"},"modified":"2023-05-13T16:26:38","modified_gmt":"2023-05-13T19:26:38","slug":"viajeros-temporada-2-5","status":"publish","type":"page","link":"https:\/\/maranghello.com.ar\/viajes\/index.php\/viajeros-temporada-2-5\/","title":{"rendered":"Viajeros, Temporada 2, Cap\u00edtulo 6"},"content":{"rendered":"\n<h2 class=\"wp-block-heading\">Cap\u00edtulo 6, La ca\u00edda.<\/h2>\n\n\n\n<figure class=\"wp-block-audio\"><audio controls src=\"http:\/\/maranghello.com.ar\/viajes\/wp-content\/uploads\/2020\/05\/T2-Capitulo06.mp3\"><\/audio><\/figure>\n\n\n\n<p class=\"has-medium-font-size\">Cuesta arrancar un nuevo cap\u00edtulo diciendo lo mismo; pero ten\u00edamos otro d\u00eda de lluvia por delante. Ahora deb\u00edamos dejar el hotel de Humahuaca para internarnos en La Puna. Ten\u00edamos reservado un hotel en Abra Pampa; cabe aclarar que en el planteo original, la visita a Iruya debi\u00f3 ser el \u00faltimo paseo; ya no regresar\u00edamos a Humahuaca sino que ir\u00edamos hacia Abra Pampa para llegar a \u00faltima hora del d\u00eda. En este nuevo escenario, llegar\u00edamos cerca del mediod\u00eda y tendr\u00edamos tiempo para hacer alg\u00fan paseo.<\/p>\n\n\n\n<p class=\"has-medium-font-size\">Salimos de Humahuaca, apenas una llovizna. Tomamos la RN9 hacia el norte. Ya hicimos este camino dos d\u00edas antes; pero no se hace mon\u00f3tono, uno no se cansa de andar en moto y menos por la Quebrada de Humahuaca. Ten\u00edamos algo m\u00e1s de ochenta kil\u00f3metros por delante, aunque no es un trayecto de mucha velocidad; la mayor parte es en subida; entrar\u00edamos en el extremo este de La Puna.<\/p>\n\n\n\n<p class=\"has-medium-font-size\">El paisaje va cambiando; dejamos atr\u00e1s la Quebrada de Humahuaca y las zonas sinuosas; aparece el ca\u00f1ad\u00f3n del R\u00edo Tres Cruces al oeste y ya no vemos el R\u00edo Grande de la quebrada al este. Luego la planicie y los cerros del Espinazo del Diablo. Pasamos la entrada del Pueblo de Tres Cruces; dejamos atr\u00e1s la parte m\u00e1s alta que supera los 3700 metros sobre el nivel del mar y la ruta iba descendiendo levemente hasta llegar a los 3500 metros en Abra Pampa, nuestro destino.<\/p>\n\n\n\n<p class=\"has-medium-font-size\">El tiempo se present\u00f3 frio pero agradable; sol y algunas nubes; el azul del cielo es especial en esa zona. Se notaba que tambi\u00e9n hab\u00eda llovido all\u00ed; de hecho, al salir del asfalto para entrar al pueblo y buscar nuestro hotel, hab\u00eda un gran charco de agua y barro. Trat\u00e9 de pasar por el costado pero sin esperarlo, aparecimos sentados de traste en el suelo, nuestra primera ca\u00edda.<\/p>\n\n\n\n<p class=\"has-medium-font-size\">Me dio mucha bronca, pero mi mujer estaba muerta de risa. Trat\u00e9 de pasar por el borde del charco, pero el barro hizo que la moto patinara como chancho en las baldosas y as\u00ed debutamos. Hay un dicho que dice, entre los motociclistas hay dos grandes grupos: los que ya se cayeron y los que se est\u00e1n por caer.<\/p>\n\n\n\n<p class=\"has-medium-font-size\">Ya m\u00e1s canchero, levant\u00e9 la moto, nos limpiamos un poco y seguimos hacia el hotel. Sinceramente no nos gust\u00f3 ni la ubicaci\u00f3n ni el aspecto del mismo. Tal es as\u00ed, que ni nos bajamos de la moto. Recalculando.<\/p>\n\n\n\n<p class=\"has-medium-font-size\">Volvimos a la ruta y cargamos combustible. Luego continuamos hacia el norte hasta pasar el pueblo y llegar al cruce de las tres rutas que conducen al oeste. Doblamos a la izquierda. La primera parte era de ripio pero se notaba que hac\u00eda muy poco que hab\u00eda dejado de llover.<\/p>\n\n\n\n<p class=\"has-medium-font-size\">A solo dos kil\u00f3metros y medio, la ruta se divide en tres: a la izquierda sale la RP11 que conduce a Casabindo; al medio, la RP71 que conduce a Cochinoca y Mina Pan de Az\u00facar y a la derecha, la RP7 que conduce a Rinconada y empalma la RN40 en Liviara; desde all\u00ed y hacia el norte, Cus\u00ed Cus\u00ed, donde se encuentra el Valle de la Luna, nuestro destino.<\/p>\n\n\n\n<p class=\"has-medium-font-size\">Doblamos a la derecha por la RP7. Mal comienzo. Hab\u00eda m\u00e1s barro que ripio. Con mucha precauci\u00f3n, fui avanzando por el costado; ve\u00eda que a pocos metros hab\u00eda una curva bastante pronunciada; ten\u00eda la esperanza que al girar el camino se encontrara m\u00e1s seco. No fue as\u00ed; en el centro el camino ten\u00eda grande huellones; no quer\u00eda rendirme. A marcha lenta, segu\u00ed avanzando; cada tanto cambiaba de huella, patinando en cada intento. Hacia adelante se ve\u00eda una larga recta con el mismo panorama. Seguimos unos minutos avanzando; ve\u00eda venir a un cami\u00f3n hacia nosotros. Al encontrarlo, le pregunt\u00e9 al chofer como estaba el resto del camino; respondi\u00f3 que se pod\u00eda pasar; esa no era la respuesta esperada. No ten\u00eda sentido seguir. Tardar\u00edamos una eternidad en llegar y no solo eso; seguramente tendr\u00edamos varias ca\u00eddas y adem\u00e1s tendr\u00edamos que regresar por el mismo lugar.<\/p>\n\n\n\n<p class=\"has-medium-font-size\">Decidimos regresar e intentar la RP11 para llegar a Casabindo. Volvimos al cruce; vale recordar que no ten\u00eda experiencia alguna en andar en un terreno semejante y menos con equipaje y acompa\u00f1ante.<\/p>\n\n\n\n<p class=\"has-medium-font-size\">Al tomar la RP11, el primer tramo estaba en bastante buen estado. Nos entusiasmamos. Las pocas nubes fueron dispers\u00e1ndose y dejaron el cielo pr\u00e1cticamente despejado; se sent\u00eda el aire fr\u00edo pero el sol compensaba. Luego de unos quince minutos, un curso de agua, cruzaba la ruta. Mi mujer sugiri\u00f3 regresar. En mi caso, no quer\u00eda dejar de intentar pasar y eso hicimos; no ca\u00edmos. M\u00e1s adelante, mismo escenario y el camino con m\u00e1s barro. Est\u00e1bamos a unos 35 kil\u00f3metros de Casabindo, pero hab\u00edamos consumido como dos horas para hacer 15 kil\u00f3metros. No val\u00eda la pena. Volvimos hacia Abra Pampa.<\/p>\n\n\n\n<p class=\"has-medium-font-size\">Una bendici\u00f3n estar nuevamente en el asfalto. Avanzamos un poco y me tir\u00e9 a la banquina para conversar con mi mujer. Al bajar del asfalto, entro en un terreno de arena suelta; grit\u00e9 caemos! De pronto, miro por el espejo y vi a mi mujer lanzarse de la moto para quedar parada al costado; por mi parte, fui al suelo con moto y todo. Ella, ri\u00e9ndo; tambi\u00e9n yo.<\/p>\n\n\n\n<p class=\"has-medium-font-size\">Y ahora qu\u00e9? Decidimos regresar hacia el sur y tratar de parar en Purmamarca. Hacia all\u00e1 partimos.<\/p>\n\n\n\n<p><a href=\"http:\/\/maranghello.com.ar\/viajes\/index.php\/viajeros-temporada-2-6\/\">Cap\u00edtulo siguiente<\/a><\/p>\n","protected":false},"excerpt":{"rendered":"<p>Cap\u00edtulo 6, La ca\u00edda. Cuesta arrancar un nuevo cap\u00edtulo diciendo lo mismo; pero ten\u00edamos otro d\u00eda de lluvia por delante. Ahora deb\u00edamos dejar el hotel de Humahuaca para internarnos en La Puna. Ten\u00edamos reservado un hotel en Abra Pampa; cabe aclarar que en el planteo original, la visita a Iruya debi\u00f3 ser el \u00faltimo paseo; &hellip; <\/p>\n<p class=\"link-more\"><a href=\"https:\/\/maranghello.com.ar\/viajes\/index.php\/viajeros-temporada-2-5\/\" class=\"more-link\">Segu\u00ed leyendo<span class=\"screen-reader-text\"> &#8220;Viajeros, Temporada 2, Cap\u00edtulo 6&#8221;<\/span><\/a><\/p>\n","protected":false},"author":1,"featured_media":0,"parent":0,"menu_order":0,"comment_status":"closed","ping_status":"closed","template":"","meta":{"footnotes":""},"class_list":["post-207","page","type-page","status-publish","hentry"],"_links":{"self":[{"href":"https:\/\/maranghello.com.ar\/viajes\/index.php\/wp-json\/wp\/v2\/pages\/207","targetHints":{"allow":["GET"]}}],"collection":[{"href":"https:\/\/maranghello.com.ar\/viajes\/index.php\/wp-json\/wp\/v2\/pages"}],"about":[{"href":"https:\/\/maranghello.com.ar\/viajes\/index.php\/wp-json\/wp\/v2\/types\/page"}],"author":[{"embeddable":true,"href":"https:\/\/maranghello.com.ar\/viajes\/index.php\/wp-json\/wp\/v2\/users\/1"}],"replies":[{"embeddable":true,"href":"https:\/\/maranghello.com.ar\/viajes\/index.php\/wp-json\/wp\/v2\/comments?post=207"}],"version-history":[{"count":3,"href":"https:\/\/maranghello.com.ar\/viajes\/index.php\/wp-json\/wp\/v2\/pages\/207\/revisions"}],"predecessor-version":[{"id":411,"href":"https:\/\/maranghello.com.ar\/viajes\/index.php\/wp-json\/wp\/v2\/pages\/207\/revisions\/411"}],"wp:attachment":[{"href":"https:\/\/maranghello.com.ar\/viajes\/index.php\/wp-json\/wp\/v2\/media?parent=207"}],"curies":[{"name":"wp","href":"https:\/\/api.w.org\/{rel}","templated":true}]}}