{"id":151,"date":"2020-05-04T11:18:06","date_gmt":"2020-05-04T14:18:06","guid":{"rendered":"http:\/\/maranghello.com.ar\/viajes\/?page_id=151"},"modified":"2023-05-13T16:24:04","modified_gmt":"2023-05-13T19:24:04","slug":"viajeros-temporada-2-4","status":"publish","type":"page","link":"https:\/\/maranghello.com.ar\/viajes\/index.php\/viajeros-temporada-2-4\/","title":{"rendered":"Viajeros, Temporada 2, Cap\u00edtulo 4"},"content":{"rendered":"\n<h2 class=\"wp-block-heading\">Cap\u00edtulo 4, Iuya.<\/h2>\n\n\n\n<figure class=\"wp-block-audio\"><audio controls src=\"http:\/\/maranghello.com.ar\/viajes\/wp-content\/uploads\/2020\/05\/T2-Capitulo04.mp3\"><\/audio><\/figure>\n\n\n\n<p class=\"has-medium-font-size\">Otro d\u00eda de cielo cubierto y h\u00famedo con pron\u00f3stico de lluvias. Todo era diferente a lo que conoc\u00edamos. \u00bfD\u00f3nde estaba el sol y el cielo azul?<\/p>\n\n\n\n<p class=\"has-medium-font-size\">No import\u00f3; vinimos para conocer nuevos lugares y seguiremos intentando cumplir el recorrido.<\/p>\n\n\n\n<p class=\"has-medium-font-size\">Luego del desayuno, partimos hacia el norte. Tomamos la RN9; apareci\u00f3 otro elemento que complicaba el viaje, el viento. Transitar la ruta en este tramo es un deleite para todos los sentidos; las curvas son amplias y peraltadas; a medida que avanzamos vamos ganando altura por lo que la combinaci\u00f3n con el viento hacen que debamos circular a no m\u00e1s de 80 kil\u00f3metros por hora como m\u00e1ximo. Pasamos por Hornaditas, una comunidad originaria mayormente agr\u00edcola. M\u00e1s adelante una gran curva a la izquierda y luego a la derecha en forma de una gran ese, para cruzar un largo puente sobre un r\u00edo ancho que proviene de la Puna. La ruta va dejando la sinuosidad detr\u00e1s y vamos entrando en una meseta y los cerros se alejan.<\/p>\n\n\n\n<p class=\"has-medium-font-size\">A los 25 kil\u00f3metros encontramos el desv\u00edo hacia Iruya, tal como lo indica un cartel de vialidad; RP13. Esta vez no caeremos en esa trampa como en el a\u00f1o 2008. Si se ingresa por esa ruta a solo quinientos metros, es necesario atravesar una hondonada muy profunda para cruzar un r\u00edo mayormente seco. En aquella oportunidad and\u00e1bamos en una Ford Courier; fue un verdadero suplicio es cruce; pero aquella experiencia frustrada, ya que ten\u00edamos un problema en la suspensi\u00f3n de nuestro veh\u00edculo, tambi\u00e9n en enero, nos dej\u00f3 como lecci\u00f3n que el mejor acceso a Iruya, se encuentra continuando quinientos metros m\u00e1s por la RN9.<\/p>\n\n\n\n<p class=\"has-medium-font-size\">Tomamos la RP13; la experiencia de hacer este camino en la moto era notablemente mejor que aquella otra en la Courier, sobre todo, teniendo en cuenta que es un camino de cornisa muy angosto en la primera parte hasta llegar a Iturbe, generalmente en mal estado y con mucha piedra suelta. Recuerdo que los golpes de las piedras en la suspensi\u00f3n da\u00f1ada de la Courier nos hicieron retornar luego del cruce del ancho y caudaloso R\u00edo Grande, el mismo que atraviesa toda la extensi\u00f3n de la Quebrada de Humahuaca de norte a sur.<\/p>\n\n\n\n<p class=\"has-medium-font-size\">Volviendo a la moto, luego de descender por la cuesta que nos depositar\u00eda en Iturbe, llegamos al R\u00edo Grande. Hicimos el cruce con mucha precauci\u00f3n pero sin mayores inconvenientes. Luego el camino que sigue estaba con un poco de barro pero con buenas huellas para poder transitarlo. Una peque\u00f1a trepada y luego un camino sinuoso, van mostrando un paisaje que de a poco va cambiando a medida que vamos hacia el este. El cielo sigue amenazante. M\u00e1s adelante pasamos el paraje Chaupi Rodeo; el camino es cada vez m\u00e1s sinuoso y en ascenso. Al costado del camino vemos un peque\u00f1o cementerio, pero no nos detenemos, las fotos ser\u00e1n al regreso. Llegamos al abra que se encuentra a 4000 metros de altura y es el l\u00edmite entre las provincias de Jujuy y Salta. Ya en la provincia de Salta, el cambio del paisaje es notorio. El camino es zigzagueante con peque\u00f1as rectas y curvas de 180\u00b0 en descenso. El camino que mayormente va entre cerros bajos, sin olvidarnos que estamos a 4000 metros sobre el nivel del mar, se hace muy entretenido; en este tramo no es tan sinuoso, pero todo cambiar\u00e1 repentinamente. Una curva muy cerrada, indica que estamos entrando a una quebrada. La vista es indescriptible. Nos metemos en una especie de ca\u00f1\u00f3n; el camino nuevamente es un descenso en cuesta con peque\u00f1as rectas y las t\u00edpicas curvas a 180\u00b0. Al este se observa una de las paredes del ca\u00f1\u00f3n; desde \u00e9ste punto se observa una planicie con impresionantes campos con diferentes cultivos que se diferencian por distintos tonos de verdes con formas casi rectangulares. Un micro con turistas viene en sentido contrario; nos colocamos a un costado del camino, imposible pasar al mismo tiempo. Continuamos el descenso. Ahora vemos el r\u00edo a nuestra izquierda y al fondo el impresionante pared\u00f3n de piedra de gran altura.<\/p>\n\n\n\n<figure class=\"wp-block-image\"><img decoding=\"async\" src=\"http:\/\/maranghello.com.ar\/piloto\/wp-content\/uploads\/2020\/05\/DSC_5069-1024x681.jpg\" alt=\"\" class=\"wp-image-378\"\/><figcaption class=\"wp-element-caption\">La cuesta y al fondo los sembrados<\/figcaption><\/figure>\n\n\n\n<p class=\"has-medium-font-size\">De pronto, aparece la esperada imagen: el pueblo de Iruya con su t\u00edpica Capilla amarilla con techos rojos y c\u00fapula celeste. Nos detenemos para tomar las fotos de rigor.<\/p>\n\n\n\n<figure class=\"wp-block-image\"><img decoding=\"async\" src=\"http:\/\/maranghello.com.ar\/piloto\/wp-content\/uploads\/2020\/05\/DSC_4768-1024x681.jpg\" alt=\"\" class=\"wp-image-368\"\/><figcaption class=\"wp-element-caption\">Iruya<\/figcaption><\/figure>\n\n\n\n<p class=\"has-medium-font-size\">Montamos la moto y continuamos hacia el pueblo. No cantamos victoria; debemos realizar dos cruces por el R\u00edo Iruya. Vemos m\u00e1quinas viales trabajando; una topadora va acomodando el camino que claramente sufre el paso del r\u00edo que suele bajar con gran caudal en \u00e9sta \u00e9poca por las intensas lluvias en los cerros. Las m\u00e1quinas se detienen y nos dan paso; no fue tan complicado. Ya en el \u00faltimo tramo, sorprende la cantidad de mochileros; no es lo que esper\u00e1bamos ver. La calle que conduce a la capilla parece bastante nueva, realizada en piedra. Una baranda de seguridad de hierro sobre el lado izquierdo ya que la calle asciende a medida que avanzamos. Llegamos a la rotonda frente a la capilla y nos detenemos. Tomamos fotos. Hay mucho contraste; es extra\u00f1o; desde lejos se ve m\u00e1s pintoresco que estando all\u00ed. Construcciones nuevas en ladrillo hueco; contrastan con las casas antiguas de adobe. No es lo que esper\u00e1bamos. Detr\u00e1s de la capilla, el cementerio hist\u00f3rico, ubicado casi al borde del barranco. Debajo, el R\u00edo Iruya. Al frente los sembrad\u00edos y hacia el norte el gran ca\u00f1\u00f3n que parece angostarse. Hicimos fotos en el cementerio.<\/p>\n\n\n\n<figure class=\"wp-block-image\"><img decoding=\"async\" src=\"http:\/\/maranghello.com.ar\/piloto\/wp-content\/uploads\/2020\/05\/DSC_4785-1024x823.jpg\" alt=\"\" class=\"wp-image-373\"\/><\/figure>\n\n\n\n<p class=\"has-medium-font-size\">Luego montamos la moto e hicimos un peque\u00f1o recorrido por el pueblo; la calle es muy empinada y la subida complica el desplazarse en moto a marcha lenta; vemos pobladores caminando y algunos turistas; la gran mayor\u00eda llega en micros; solo vemos algunas pocas camionetas y algunos autos de lugare\u00f1os pero ninguna moto; solo nosotros y algunos nos miran sorprendidos.<\/p>\n\n\n\n<figure class=\"wp-block-image\"><img decoding=\"async\" src=\"http:\/\/maranghello.com.ar\/piloto\/wp-content\/uploads\/2020\/05\/DSC_4796-1024x681.jpg\" alt=\"\" class=\"wp-image-374\"\/><figcaption class=\"wp-element-caption\">Cementerio de Iruya<\/figcaption><\/figure>\n\n\n\n<figure class=\"wp-block-image\"><img decoding=\"async\" src=\"http:\/\/maranghello.com.ar\/piloto\/wp-content\/uploads\/2020\/05\/DSC_4812-1024x681.jpg\" alt=\"\" class=\"wp-image-376\"\/><\/figure>\n\n\n\n<p class=\"has-medium-font-size\">Son las 15 horas. No nos quedaremos mucho tiempo; el paisaje y la vista del pueblo fueron la gran recompensa. Montamos la moto y comenzamos el camino de regreso. Al subir la primera cuesta, el bonus track: un par de c\u00f3ndores volando dentro del ca\u00f1ad\u00f3n. Paramos a tomar fotos. Uno de ellos parece habernos detectado. Desde lo alto, comenz\u00f3 a realizar vuelos circulares descendentes. Efectivamente, nos vi\u00f3. En un momento pas\u00f3 sobre nuestras cabezas a unos 20 metros de altura; se sinti\u00f3 el zumbido de su vuelo; la sensaci\u00f3n fue indescriptible; mi mujer grit\u00f3; nos va a atacar!!!<\/p>\n\n\n\n<figure class=\"wp-block-image\"><img decoding=\"async\" src=\"http:\/\/maranghello.com.ar\/piloto\/wp-content\/uploads\/2020\/05\/DSC_4926-1024x681.jpg\" alt=\"\" class=\"wp-image-375\"\/><figcaption class=\"wp-element-caption\">El C\u00f3ndor<\/figcaption><\/figure>\n\n\n\n<figure class=\"wp-block-image\"><img decoding=\"async\" src=\"http:\/\/maranghello.com.ar\/piloto\/wp-content\/uploads\/2020\/05\/DSC_5017-1024x681.jpg\" alt=\"\" class=\"wp-image-379\"\/><\/figure>\n\n\n\n<p class=\"has-medium-font-size\">Continu\u00f3 su vuelo; nuestra posici\u00f3n era perfecta. Desde all\u00ed logramos ver sus alas desde arriba; ahora estaba volando a menor altura que nuestra ubicaci\u00f3n. Fue un espect\u00e1culo impresionante.<\/p>\n\n\n\n<figure class=\"wp-block-image\"><img decoding=\"async\" src=\"http:\/\/maranghello.com.ar\/piloto\/wp-content\/uploads\/2020\/05\/DSC_4843-1024x681.jpg\" alt=\"\" class=\"wp-image-380\"\/><figcaption class=\"wp-element-caption\">Majestuoso<\/figcaption><\/figure>\n\n\n\n<p class=\"has-medium-font-size\">Al momento de irnos, apareci\u00f3 un perro; sus ojos eran blancos con una tonalidad suave al celeste; parec\u00eda m\u00e1s un lobo que un perro.<\/p>\n\n\n\n<figure class=\"wp-block-image\"><img decoding=\"async\" src=\"http:\/\/maranghello.com.ar\/piloto\/wp-content\/uploads\/2020\/05\/DSC_5064-1024x681.jpg\" alt=\"\" class=\"wp-image-377\"\/><figcaption class=\"wp-element-caption\">El perro lobo.<\/figcaption><\/figure>\n\n\n\n<p class=\"has-medium-font-size\">Montamos la moto y continuamos el camino de regreso. Ahora deb\u00edamos parar en el Abra y luego en el cementerio que hab\u00edamos dejado para fotografiar. En el abra, comenz\u00f3 a neviscar. La temperatura era muy baja, cercana a los cero grados; quien sabe, tal vez menos. El sensor de la c\u00e1mara de mi mujer se trab\u00f3 por la baja temperatura y no disparaba. En este punto record\u00e9 que mucha gente nos dec\u00eda siempre, \u00bfno hace calor en el norte en verano?; claro que no, menos en la altura. Calor hace en invierno cuando los d\u00edas son de sol pleno y no hay una sola nube en el cielo. Pero en la altura, las temperaturas son siempre bajas, aunque cuando hay presencia de sol, todo cambia.<\/p>\n\n\n\n<p class=\"has-medium-font-size\">Cuando est\u00e1bamos llegando al cruce con la RN9, nos sorprendi\u00f3 un diluvio. Justo en el cruce, hay un refugio para que las personas puedan esperar los micros de transporte. Entramos la moto y all\u00ed nos quedamos esperando que el tiempo mejore.<\/p>\n\n\n\n<p class=\"has-medium-font-size\">En un momento baj\u00f3 la intensidad de la lluvia por lo que sin mayores esperanzas de que cesara por completo, montamos la moto y encaramos el asfalto hacia Humahuca. Nos empapamos. Mi calzado, unas botas de tracking de tela y gamuza, chorreaban agua. Los guantes estaban completamente mojados y mis dedos congelados. A mitad de camino, la lluvia ces\u00f3 y asom\u00f3 por primera vez un tibio sol. Ya cerca de Humahuaca y gracias al viento, estaba casi seco.<\/p>\n\n\n\n<p class=\"has-medium-font-size\">Llegamos al hotel. Anotamos nuestro primer recorrido cumplido seg\u00fan el plan.<\/p>\n\n\n\n<p><a href=\"http:\/\/maranghello.com.ar\/viajes\/index.php\/viajeos-temporada-2\/\">Cap\u00edtulo siguiente<\/a><\/p>\n","protected":false},"excerpt":{"rendered":"<p>Cap\u00edtulo 4, Iuya. Otro d\u00eda de cielo cubierto y h\u00famedo con pron\u00f3stico de lluvias. Todo era diferente a lo que conoc\u00edamos. \u00bfD\u00f3nde estaba el sol y el cielo azul? No import\u00f3; vinimos para conocer nuevos lugares y seguiremos intentando cumplir el recorrido. Luego del desayuno, partimos hacia el norte. Tomamos la RN9; apareci\u00f3 otro elemento &hellip; <\/p>\n<p class=\"link-more\"><a href=\"https:\/\/maranghello.com.ar\/viajes\/index.php\/viajeros-temporada-2-4\/\" class=\"more-link\">Segu\u00ed leyendo<span class=\"screen-reader-text\"> &#8220;Viajeros, Temporada 2, Cap\u00edtulo 4&#8221;<\/span><\/a><\/p>\n","protected":false},"author":1,"featured_media":0,"parent":0,"menu_order":0,"comment_status":"closed","ping_status":"closed","template":"","meta":{"footnotes":""},"class_list":["post-151","page","type-page","status-publish","hentry"],"_links":{"self":[{"href":"https:\/\/maranghello.com.ar\/viajes\/index.php\/wp-json\/wp\/v2\/pages\/151","targetHints":{"allow":["GET"]}}],"collection":[{"href":"https:\/\/maranghello.com.ar\/viajes\/index.php\/wp-json\/wp\/v2\/pages"}],"about":[{"href":"https:\/\/maranghello.com.ar\/viajes\/index.php\/wp-json\/wp\/v2\/types\/page"}],"author":[{"embeddable":true,"href":"https:\/\/maranghello.com.ar\/viajes\/index.php\/wp-json\/wp\/v2\/users\/1"}],"replies":[{"embeddable":true,"href":"https:\/\/maranghello.com.ar\/viajes\/index.php\/wp-json\/wp\/v2\/comments?post=151"}],"version-history":[{"count":5,"href":"https:\/\/maranghello.com.ar\/viajes\/index.php\/wp-json\/wp\/v2\/pages\/151\/revisions"}],"predecessor-version":[{"id":409,"href":"https:\/\/maranghello.com.ar\/viajes\/index.php\/wp-json\/wp\/v2\/pages\/151\/revisions\/409"}],"wp:attachment":[{"href":"https:\/\/maranghello.com.ar\/viajes\/index.php\/wp-json\/wp\/v2\/media?parent=151"}],"curies":[{"name":"wp","href":"https:\/\/api.w.org\/{rel}","templated":true}]}}