{"id":145,"date":"2020-05-04T11:14:00","date_gmt":"2020-05-04T14:14:00","guid":{"rendered":"http:\/\/maranghello.com.ar\/viajes\/?page_id=145"},"modified":"2023-05-13T16:15:06","modified_gmt":"2023-05-13T19:15:06","slug":"viajeros-temporada-2-3","status":"publish","type":"page","link":"https:\/\/maranghello.com.ar\/viajes\/index.php\/viajeros-temporada-2-3\/","title":{"rendered":"Viajeros, Temporada 2, Cap\u00edtulo 3"},"content":{"rendered":"\n<h2 class=\"wp-block-heading\">Cap\u00edtulo 3, Frustrado con suerte.<\/h2>\n\n\n\n<figure class=\"wp-block-audio\"><audio controls src=\"http:\/\/maranghello.com.ar\/viajes\/wp-content\/uploads\/2020\/05\/T2-Capitulo03.mp3\"><\/audio><\/figure>\n\n\n\n<p class=\"has-medium-font-size\">Luego de pasar la noche, nos levantamos temprano ya que tendr\u00edamos un d\u00eda duro por delante. Nuevamente el tiempo no acompa\u00f1aba; hab\u00eda llovido toda la noche; el cielo nuevamente se presentaba totalmente cubierto. Luego de desayunar, cargu\u00e9 el equipaje en la moto, nos abrigamos y partimos.<\/p>\n\n\n\n<p class=\"has-medium-font-size\">Tomamos la RP73 rumbo al este. El camino es de ripio con mucha piedra laja. A poco de dejar Humahuaca, debimos cruzar varios r\u00edos secos con bastante material suelto; todo marchaba bien.<\/p>\n\n\n\n<p class=\"has-medium-font-size\">A medida que ascend\u00edamos, el camino se iba angostando y se pon\u00eda m\u00e1s dif\u00edcil. El paisaje se hac\u00eda cada vez m\u00e1s bello. Los colores en diferentes tonos de rojo se mezclaban con blancos, grises, rosas y verdes de algunos sembrad\u00edos. El cielo, cada vez m\u00e1s oscuro con nubarrones negros. El ripio iba cambiando a un color tambi\u00e9n rojizo. El serpenteo por momentos se hac\u00eda intenso; trepadas y cuestas con curvas de 180\u00b0;<\/p>\n\n\n\n<figure class=\"wp-block-image\"><img decoding=\"async\" src=\"http:\/\/maranghello.com.ar\/piloto\/wp-content\/uploads\/2020\/05\/aSanFran-1024x681.jpg\" alt=\"\" class=\"wp-image-347\"\/><figcaption class=\"wp-element-caption\">El camino<\/figcaption><\/figure>\n\n\n\n<p class=\"has-medium-font-size\">Hicimos una primera parada en el paraje Pukar\u00e1. Bajamos de la moto y apenas la toqu\u00e9, cay\u00f3 al piso. Casi me muero. Entr\u00e9 en p\u00e1nico; pero r\u00e1pidamente me dispuse a levantarla. Result\u00f3 imposible con la carga; pero tambi\u00e9n por mi inexperiencia en el tema. Trat\u00e9 de tranquilizarme; pensaba que algo de la moto se podr\u00eda haber roto. En un momento, la tom\u00e9 por el manillar y la pude levantar con la ayuda de mi mujer. Todo estaba en su lugar. Ning\u00fan rasgu\u00f1o. Tanto las alforjas como el bolso, hab\u00edan hecho de defensa para que nada se rompa ni se raye.<\/p>\n\n\n\n<figure class=\"wp-block-image\"><img decoding=\"async\" src=\"http:\/\/maranghello.com.ar\/piloto\/wp-content\/uploads\/2020\/05\/DSC_4697Bis-600x1024.jpg\" alt=\"\" class=\"wp-image-348\"\/><figcaption class=\"wp-element-caption\">Cara de cansado<\/figcaption><\/figure>\n\n\n\n<p class=\"has-medium-font-size\">Pasado el momento y luego de unas fotos, continuamos viaje. Segu\u00edamos ganando altura; el paisaje continuaba ofreciendo m\u00faltiples colores; pero el camino, cada vez m\u00e1s duro. Volvimos a parar para sacar m\u00e1s fotos. Esta vez prest\u00e9 m\u00e1s atenci\u00f3n para apoyar la moto de modo que no se vuelva a caer. Mientras mi esposa hac\u00eda su tarea, me dispuse a mirar cu\u00e1ntos kil\u00f3metros hab\u00edamos realizado. No lo pod\u00eda creer. Apenas llev\u00e1bamos cuarenta kil\u00f3metros y hac\u00eda m\u00e1s de dos horas que est\u00e1bamos sobre la moto. Por delante, quedaban m\u00e1s de ciento treinta kil\u00f3metros.<\/p>\n\n\n\n<figure class=\"wp-block-image\"><img decoding=\"async\" src=\"http:\/\/maranghello.com.ar\/piloto\/wp-content\/uploads\/2020\/05\/A-SantaAna-1024x681.jpg\" alt=\"\" class=\"wp-image-349\"\/><figcaption class=\"wp-element-caption\">Los colores<\/figcaption><\/figure>\n\n\n\n<p class=\"has-medium-font-size\">Continuamos viaje; pasamos por el paraje Cianzo y luego Palca de Aparzo; estos parajes son habitados por comunidades originarias; no son lugares tur\u00edsticos y los lugare\u00f1os nos miraban con cierto asombro y muy pocas ganas de comunicarse. Al llegar a Aparzo, entend\u00ed que hab\u00edamos confundido el camino y debimos retroceder para retomar nuevamente la RP73. Hab\u00eda comenzado a llover, aunque con poca intensidad. M\u00e1s adelante una nueva trepada. Nos est\u00e1bamos acercando al Abra del Zenta. El camino se fue transformando, dejando de ser de ripio y piedra para comenzar a predominar el barro colorado.<\/p>\n\n\n\n<p class=\"has-medium-font-size\">En una subida, encontramos un cami\u00f3n detenido al costado del camino; tres personas estaban realizando una reparaci\u00f3n. Me detuve y les pregunt\u00e9 si estaban bien; respondieron que si y que se dirig\u00edan a Santa Ana. La subida era de barro y no hab\u00eda mucho espacio para pasar. Pero, sin ninguna experiencia, encar\u00e9 la subida con buena aceleraci\u00f3n. Logramos pasar, pero patinando un poco.<\/p>\n\n\n\n<figure class=\"wp-block-image\"><img decoding=\"async\" src=\"http:\/\/maranghello.com.ar\/piloto\/wp-content\/uploads\/2020\/05\/AbraZenta-1024x681.jpg\" alt=\"\" class=\"wp-image-353\"\/><figcaption class=\"wp-element-caption\">Llegando al Abra del Zenta<\/figcaption><\/figure>\n\n\n\n<p class=\"has-medium-font-size\">Aqu\u00ed empec\u00e9 a pensar que la aventura que hab\u00edamos encarado no era tan f\u00e1cil. El camino m\u00e1s adelante se transform\u00f3 en camino de cornisa. La belleza del paisaje me segu\u00eda motivando, pero la llovizna y el fr\u00edo empezaban a preocuparme. El camino cada vez m\u00e1s barroso y menos ripio. Pr\u00f3ximos al Abra del Zenta y en una curva muy cerrada, la rueda trasera de la moto patin\u00f3; la rueda delantera encar\u00f3 al precipicio; mi reacci\u00f3n fue tan r\u00e1pida como instintiva; baj\u00e9 el pi\u00e9 derecho y tras apoyarlo en el camino, enderec\u00e9 la moto, continuando por el camino. Esto que relato ocurri\u00f3 en menos de un segundo. Ahora la llovizna se hab\u00eda transformado en nevisca. Los copos ca\u00edan lentos y cada vez m\u00e1s grandes. Entend\u00ed que era hora de detenernos y pensar si val\u00eda la pena continuar cuando ya hab\u00eda puesto en riesgo nuestras vidas.<\/p>\n\n\n\n<p class=\"has-medium-font-size\">Mi mujer no dud\u00f3 y estuvo de acuerdo que era momento de abortar el viaje y regresar a Humahuaca. No me sent\u00ed frustrado; por el contrario, entend\u00ed que hab\u00edamos disfrutado de un paseo tan extraordinario como complicado y que regresar volviendo a disfrutar el paisaje, era lo mejor que pod\u00edamos hacer. Est\u00e1bamos en el segundo d\u00eda de nuestras vacaciones, no ten\u00eda ning\u00fan sentido asumir m\u00e1s riesgos.<\/p>\n\n\n\n<figure class=\"wp-block-image\"><img decoding=\"async\" src=\"http:\/\/maranghello.com.ar\/piloto\/wp-content\/uploads\/2020\/05\/Zenta-llegada-ruta-1024x478.jpg\" alt=\"\" class=\"wp-image-350\"\/><figcaption class=\"wp-element-caption\">El trayecto que llegamos a hacer.<\/figcaption><\/figure>\n\n\n\n<p class=\"has-medium-font-size\">Con mucha precauci\u00f3n, di vuelta la moto y comenzamos el descenso. Llegamos a Humahuaca y por suerte pudimos alojarnos nuevamente en el mismo j\u00f3stel donde hab\u00edamos parado. Llovi\u00f3 durante toda la noche, llegando a caer agua sobre nuestra cama.<\/p>\n\n\n\n<figure class=\"wp-block-image\"><img decoding=\"async\" src=\"http:\/\/maranghello.com.ar\/piloto\/wp-content\/uploads\/2020\/05\/Zenta-llegada.jpg\" alt=\"\" class=\"wp-image-351\"\/><figcaption class=\"wp-element-caption\">El punto de retorno.<\/figcaption><\/figure>\n\n\n\n<p class=\"has-medium-font-size\">A la ma\u00f1ana siguiente, conversamos con el due\u00f1o del lugar. Le contamos nuestra aventura y nos dio una informaci\u00f3n que nos dej\u00f3 a\u00fan m\u00e1s contentos de haber decidido regresar. Luego de Santa Ana, no hab\u00eda camino; solo un sendero Incaico de unos cinco kil\u00f3metros por donde se pasa caminando hac\u00eda Valle Colorado.<\/p>\n\n\n\n<p><a href=\"http:\/\/maranghello.com.ar\/viajes\/index.php\/viajeros-temporada-2-4\/\">Cap\u00edtulo siguiente<\/a><\/p>\n","protected":false},"excerpt":{"rendered":"<p>Cap\u00edtulo 3, Frustrado con suerte. Luego de pasar la noche, nos levantamos temprano ya que tendr\u00edamos un d\u00eda duro por delante. Nuevamente el tiempo no acompa\u00f1aba; hab\u00eda llovido toda la noche; el cielo nuevamente se presentaba totalmente cubierto. Luego de desayunar, cargu\u00e9 el equipaje en la moto, nos abrigamos y partimos. Tomamos la RP73 rumbo &hellip; <\/p>\n<p class=\"link-more\"><a href=\"https:\/\/maranghello.com.ar\/viajes\/index.php\/viajeros-temporada-2-3\/\" class=\"more-link\">Segu\u00ed leyendo<span class=\"screen-reader-text\"> &#8220;Viajeros, Temporada 2, Cap\u00edtulo 3&#8221;<\/span><\/a><\/p>\n","protected":false},"author":1,"featured_media":0,"parent":0,"menu_order":0,"comment_status":"closed","ping_status":"closed","template":"","meta":{"footnotes":""},"class_list":["post-145","page","type-page","status-publish","hentry"],"_links":{"self":[{"href":"https:\/\/maranghello.com.ar\/viajes\/index.php\/wp-json\/wp\/v2\/pages\/145","targetHints":{"allow":["GET"]}}],"collection":[{"href":"https:\/\/maranghello.com.ar\/viajes\/index.php\/wp-json\/wp\/v2\/pages"}],"about":[{"href":"https:\/\/maranghello.com.ar\/viajes\/index.php\/wp-json\/wp\/v2\/types\/page"}],"author":[{"embeddable":true,"href":"https:\/\/maranghello.com.ar\/viajes\/index.php\/wp-json\/wp\/v2\/users\/1"}],"replies":[{"embeddable":true,"href":"https:\/\/maranghello.com.ar\/viajes\/index.php\/wp-json\/wp\/v2\/comments?post=145"}],"version-history":[{"count":5,"href":"https:\/\/maranghello.com.ar\/viajes\/index.php\/wp-json\/wp\/v2\/pages\/145\/revisions"}],"predecessor-version":[{"id":407,"href":"https:\/\/maranghello.com.ar\/viajes\/index.php\/wp-json\/wp\/v2\/pages\/145\/revisions\/407"}],"wp:attachment":[{"href":"https:\/\/maranghello.com.ar\/viajes\/index.php\/wp-json\/wp\/v2\/media?parent=145"}],"curies":[{"name":"wp","href":"https:\/\/api.w.org\/{rel}","templated":true}]}}