{"id":131,"date":"2020-05-04T11:07:08","date_gmt":"2020-05-04T14:07:08","guid":{"rendered":"http:\/\/maranghello.com.ar\/viajes\/?page_id=131"},"modified":"2023-05-13T16:10:57","modified_gmt":"2023-05-13T19:10:57","slug":"viajeros-temporada-2-2","status":"publish","type":"page","link":"https:\/\/maranghello.com.ar\/viajes\/index.php\/viajeros-temporada-2-2\/","title":{"rendered":"Viajeros, Temporada 2, Cap\u00edtulo 2"},"content":{"rendered":"\n<h2 class=\"wp-block-heading\">Cap\u00edtulo 2, En Marcha<\/h2>\n\n\n\n<figure class=\"wp-block-audio\"><audio controls src=\"http:\/\/maranghello.com.ar\/viajes\/wp-content\/uploads\/2020\/05\/T2-Capitulo02.mp3\"><\/audio><\/figure>\n\n\n\n<p class=\"has-medium-font-size\">Carlos nos ofreci\u00f3 unas alforjas realizadas en lona, para ayudarnos con las cosas que deb\u00edamos llevar en la moto; nuevamente una Yamaha XTZ250. Las alforjas estaban unidas por la misma lona a modo de montura, que apoyaba en la parte trasera del asiento, donde iba sentada mi mujer. En una de las alforjas coloqu\u00e9 el bid\u00f3n de combustible y en la otra, un par de c\u00e1maras y algunas herramientas que me provey\u00f3 Carlos. En el porta equipaje, atamos el bolso. Todo listo; partimos rumbo a Jujuy con nuestra acompa\u00f1ante.<\/p>\n\n\n\n<p class=\"has-medium-font-size\">Se presentaba una situaci\u00f3n nueva; me sent\u00eda responsable de guiar una persona extra\u00f1a que hablaba poco el espa\u00f1ol, era algo m\u00e1s a lo que deber\u00eda prestar atenci\u00f3n, teniendo en cuenta que esta ser\u00eda nuestra tercera salida en moto; esta vez, con mayor carga de equipaje.<\/p>\n\n\n\n<p class=\"has-medium-font-size\">Salimos de la ciudad de Salta, luego de una breve parada en una estaci\u00f3n de servicio para llenar el bid\u00f3n que llevaba de repuesto. Encaramos para la ciudad de Vaqueros; era domingo y \u00e9sta zona es de tener mucho tr\u00e1nsito ya que es el lugar de paseo de los Salte\u00f1os durante los fines de semana.<\/p>\n\n\n\n<p class=\"has-medium-font-size\">Ya m\u00e1s al norte y donde la ruta se hace estrecha y sinuosa, el tr\u00e1nsito de autom\u00f3viles se hac\u00eda intenso. Trataba de ir pasando veh\u00edculos sin perder de vista a nuestra compa\u00f1era. Se notaba que sab\u00eda lo que hac\u00eda ya que me segu\u00eda sin mayores problemas.<\/p>\n\n\n\n<p class=\"has-medium-font-size\">El tiempo se iba poniendo cada vez m\u00e1s h\u00famedo y el cielo completamente cerrado. Ya en la parte m\u00e1s alta de el camino, la humedad junto con la baja temperatura, me hizo sentir fr\u00edo. Decid\u00ed detenerme para abrigarnos. Nuestra compa\u00f1era no tra\u00eda nada a mano, por lo que le ced\u00ed mi chaleco.<\/p>\n\n\n\n<p class=\"has-medium-font-size\">Comenzamos el descenso hacia la ciudad de San Salvador de Jujuy. Hasta ese momento, no estaba disfrutando mucho del viaje; me encontraba un poco tenso, tanto por la acompa\u00f1ante como por el mal tiempo. Debo ser franco, todo estaba en mi mente porque sinceramente no result\u00f3 un lastre ni mucho menos. Al llegar a la zona urbana, los suburbios juje\u00f1os resultaron un tanto \u00e1speros; no ten\u00eda ese recuerdo; claramente las cosas hab\u00edan cambiado despu\u00e9s de unos cinco a\u00f1os que hab\u00edan pasado desde nuestro \u00faltimo viaje por ese camino.<\/p>\n\n\n\n<p class=\"has-medium-font-size\">Luego de empalmar con la RN66, aunque sigamos transitando la RN9, la ruta se hace ancha y en la circunvalaci\u00f3n es de doble mano. Aqu\u00ed comenz\u00f3 a llover. Continuamos hasta llegar a la rotonda que conduce a las Termas de Reyes y decid\u00ed que ser\u00eda mejor parar a comer algo para esperar que pare la lluvia. Hasta donde conoc\u00edamos despu\u00e9s de tantos viajes a la quebrada, luego de pasar la Cuesta de Barcena, dejar\u00edamos la zona h\u00fameda para introducirnos en el ambiente seco de la quebrada de Humahuaca.<\/p>\n\n\n\n<p>Paramos en un peque\u00f1o comedor al paso; nos prepararon unas empanadas y comimos algo. Tratamos de &nbsp;conversar un poco con nuestra compa\u00f1era para ir rompiendo el hielo, mientras llov\u00eda cada vez con m\u00e1s intensidad. Luego de unos cuarenta minutos, la lluvia parec\u00eda haber terminado, por lo que continuamos viaje. Nos colocamos camperas livianas para lluvia y salimos.<\/p>\n\n\n\n<p class=\"has-medium-font-size\">Efectivamente, pasada la Cuesta de Barcena, la lluvia ces\u00f3 por completo aunque el cielo continuaba cubierto. Finalmente llegamos al cruce de la RN9 con la RN52 que conduce a Purmamarca; si bien deb\u00edamos seguir por la nueve, prefer\u00ed acompa\u00f1ar a nuestra compa\u00f1era hasta su destino para quedarme tranquilo.<\/p>\n\n\n\n<p class=\"has-medium-font-size\">Al llegar, nos detuvimos y nos sacamos fotos. Estaba bueno contar con alguien que nos pudiera sacar una foto. Al despedirnos, nuestra compa\u00f1era nos pregunt\u00f3 si pod\u00eda seguir con nosotros. Sorprendidos, entendimos que viajaba con total libertad y sin demasiados planes m\u00e1s que disfrutar de pasear en moto por un pa\u00eds desconocido para ella.<\/p>\n\n\n\n<figure class=\"wp-block-image\"><img decoding=\"async\" src=\"http:\/\/maranghello.com.ar\/piloto\/wp-content\/uploads\/2020\/05\/DSC_4669-1024x681.jpg\" alt=\"\" class=\"wp-image-340\"\/><figcaption class=\"wp-element-caption\">Al fin los dos en la misma foto<\/figcaption><\/figure>\n\n\n\n<p class=\"has-medium-font-size\">Continuamos hacia Humahuaca. Nos dirigimos hasta nuestro Hostel. La noruega, consigui\u00f3 hospedaje a dos cuadras de nuestro destino. All\u00ed nos despedimos, sabiendo que al d\u00eda siguiente, cruzar\u00edamos hacia Calilegua en un viaje que ser\u00eda bastante complicado. Sinceramente no quise invitarla; no conoc\u00eda el camino que deber\u00edamos hacer, pero sab\u00eda que ten\u00eda una parte muy complicada luego de pasar Santa Ana y me sent\u00eda responsable por su seguridad.<\/p>\n\n\n\n<p><a href=\"http:\/\/maranghello.com.ar\/viajes\/index.php\/viajeros-temporada-2-3\/\">Siguiente cap\u00edtulo<\/a><\/p>\n","protected":false},"excerpt":{"rendered":"<p>Cap\u00edtulo 2, En Marcha Carlos nos ofreci\u00f3 unas alforjas realizadas en lona, para ayudarnos con las cosas que deb\u00edamos llevar en la moto; nuevamente una Yamaha XTZ250. Las alforjas estaban unidas por la misma lona a modo de montura, que apoyaba en la parte trasera del asiento, donde iba sentada mi mujer. En una de &hellip; <\/p>\n<p class=\"link-more\"><a href=\"https:\/\/maranghello.com.ar\/viajes\/index.php\/viajeros-temporada-2-2\/\" class=\"more-link\">Segu\u00ed leyendo<span class=\"screen-reader-text\"> &#8220;Viajeros, Temporada 2, Cap\u00edtulo 2&#8221;<\/span><\/a><\/p>\n","protected":false},"author":1,"featured_media":0,"parent":0,"menu_order":0,"comment_status":"closed","ping_status":"closed","template":"","meta":{"footnotes":""},"class_list":["post-131","page","type-page","status-publish","hentry"],"_links":{"self":[{"href":"https:\/\/maranghello.com.ar\/viajes\/index.php\/wp-json\/wp\/v2\/pages\/131","targetHints":{"allow":["GET"]}}],"collection":[{"href":"https:\/\/maranghello.com.ar\/viajes\/index.php\/wp-json\/wp\/v2\/pages"}],"about":[{"href":"https:\/\/maranghello.com.ar\/viajes\/index.php\/wp-json\/wp\/v2\/types\/page"}],"author":[{"embeddable":true,"href":"https:\/\/maranghello.com.ar\/viajes\/index.php\/wp-json\/wp\/v2\/users\/1"}],"replies":[{"embeddable":true,"href":"https:\/\/maranghello.com.ar\/viajes\/index.php\/wp-json\/wp\/v2\/comments?post=131"}],"version-history":[{"count":7,"href":"https:\/\/maranghello.com.ar\/viajes\/index.php\/wp-json\/wp\/v2\/pages\/131\/revisions"}],"predecessor-version":[{"id":405,"href":"https:\/\/maranghello.com.ar\/viajes\/index.php\/wp-json\/wp\/v2\/pages\/131\/revisions\/405"}],"wp:attachment":[{"href":"https:\/\/maranghello.com.ar\/viajes\/index.php\/wp-json\/wp\/v2\/media?parent=131"}],"curies":[{"name":"wp","href":"https:\/\/api.w.org\/{rel}","templated":true}]}}