{"id":114,"date":"2020-05-04T10:49:02","date_gmt":"2020-05-04T13:49:02","guid":{"rendered":"http:\/\/maranghello.com.ar\/viajes\/?page_id=114"},"modified":"2023-05-13T16:08:42","modified_gmt":"2023-05-13T19:08:42","slug":"viajeros-temporada-1-6","status":"publish","type":"page","link":"https:\/\/maranghello.com.ar\/viajes\/index.php\/viajeros-temporada-1-6\/","title":{"rendered":"Viajeros, Temporada 1, Capitulo 7"},"content":{"rendered":"\n<h2 class=\"wp-block-heading\">Cap\u00edtulo 7, El Click<\/h2>\n\n\n\n<figure class=\"wp-block-audio\"><audio controls src=\"http:\/\/maranghello.com.ar\/viajes\/wp-content\/uploads\/2020\/05\/T1-Capitulo07.mp3\"><\/audio><\/figure>\n\n\n\n<p class=\"has-medium-font-size\">Hicimos muchas paradas; mientras mi mujer buscaba la foto perfecta, yo miraba la moto. \u00bfD\u00f3nde estoy? me preguntaba a cada momento. Hace menos de treinta horas estaba tomando un avi\u00f3n en Buenos Aires, a mil quinientos kil\u00f3metros de aqu\u00ed y ahora estoy montando una motocicleta que nunca vi en mi vida. La reviso, observo las partes del motor, la voy descubriendo; observo los neum\u00e1ticos, las llantas. Hasta aqu\u00ed, la moto solo era un aparato mec\u00e1nico que hab\u00edamos utilizado para cumplir una misi\u00f3n. Pero ahora, con m\u00e1s calma y en medio de un paisaje paradis\u00edaco, estaba empezando a descubrirla, sin darme cuenta, a quererla. Claro que es un objeto y se supone que uno no tiene sentimientos por los objetos. Pero algo estaba pasando. Estaba empezando a sentir algo muy diferente, algo que no hab\u00eda experimentado nunca.<\/p>\n\n\n\n<p class=\"has-medium-font-size\">Continuamos el paseo; ya cuando apuntamos nuevamente hacia el pueblo, decidimos hacer un v\u00eddeo dejando una c\u00e1mara colplix apoyada en una roca, para grabarnos pasando montados en la moto.<\/p>\n\n\n\n<figure><iframe loading=\"lazy\" width=\"752\" height=\"423\" src=\"https:\/\/www.youtube.com\/embed\/DyAJiSq_GTY?feature=oembed\" allowfullscreen=\"\"><\/iframe><\/figure>\n\n\n\n<p class=\"has-medium-font-size\">Cargamos combustible en Cachi y partimos hacia La Paya; a diez kil\u00f3metros al sur de Cachi por la RN40, tramo sinuoso y de ripio, para luego tomar un camino de piedra de tres kil\u00f3metros hacia el oeste; all\u00ed, cruzando el R\u00edo, se encuentra el sitio Arqueol\u00f3gico La Paya que ya hemos recorrido en otros viajes; \u00e9sta vez solo lo veremos de lejos, es tarde y queremos llegar a la casa de campo. All\u00ed nos esperaba Virginia con la amabilidad y calidez de siempre; la mejor comida de los Valles y un vino casero de la finca elaborado por su padre, un vino de gran cuerpo e intenso como pocos; una verdadera exquisitez. Cenamos y descansamos all\u00ed.<\/p>\n\n\n\n<figure class=\"wp-block-image\"><img decoding=\"async\" src=\"http:\/\/maranghello.com.ar\/piloto\/wp-content\/uploads\/2020\/04\/DSC_7450-1024x681.jpg\" alt=\"\" class=\"wp-image-306\"\/><figcaption class=\"wp-element-caption\">Casa de Campo Finca La Paya<\/figcaption><\/figure>\n\n\n\n<p class=\"has-medium-font-size\">A la ma\u00f1ana siguiente, el d\u00eda se volvi\u00f3 a presentar con el cielo azul y a pleno sol. As\u00ed fue en todo el recorrido, incluyendo el descenso de la Cuesta del Obispo y a hasta llegar a la ciudad de Salta; previa parada en el pueblo La Merced para almorzar unas empanadas y una gaseosa. Durante el almuerzo le suger\u00ed a mi mujer que podr\u00edamos repetir esta experiencia en las pr\u00f3ximas vacaciones.<\/p>\n\n\n\n<figure class=\"wp-block-image\"><img decoding=\"async\" src=\"http:\/\/maranghello.com.ar\/piloto\/wp-content\/uploads\/2020\/04\/VOLVIENDO-1024x698.jpg\" alt=\"\" class=\"wp-image-299\"\/><\/figure>\n\n\n\n<p class=\"has-medium-font-size\">A las 16:00 horas, tomamos el vuelo de regreso a casa. A las 21 horas est\u00e1bamos en casa. Todav\u00eda no pod\u00edamos procesar todo lo vivido. No lo sab\u00edamos, pero hab\u00edamos sido infectados por un virus, el m\u00e1s sano del mundo. Nos hab\u00edamos convertido en motoviajeros.<\/p>\n\n\n\n<figure class=\"wp-block-image\"><img decoding=\"async\" src=\"http:\/\/maranghello.com.ar\/piloto\/wp-content\/uploads\/2020\/04\/regreso.jpg\" alt=\"\" class=\"wp-image-300\"\/><\/figure>\n\n\n\n<p>Fin de la temporada<\/p>\n\n\n\n<p><a href=\"http:\/\/maranghello.com.ar\/viajes\/index.php\/viajeros-temporada-2\/\">Siguiente Temporada<\/a><\/p>\n\n\n\n<p><\/p>\n","protected":false},"excerpt":{"rendered":"<p>Cap\u00edtulo 7, El Click Hicimos muchas paradas; mientras mi mujer buscaba la foto perfecta, yo miraba la moto. \u00bfD\u00f3nde estoy? me preguntaba a cada momento. Hace menos de treinta horas estaba tomando un avi\u00f3n en Buenos Aires, a mil quinientos kil\u00f3metros de aqu\u00ed y ahora estoy montando una motocicleta que nunca vi en mi vida. &hellip; <\/p>\n<p class=\"link-more\"><a href=\"https:\/\/maranghello.com.ar\/viajes\/index.php\/viajeros-temporada-1-6\/\" class=\"more-link\">Segu\u00ed leyendo<span class=\"screen-reader-text\"> &#8220;Viajeros, Temporada 1, Capitulo 7&#8221;<\/span><\/a><\/p>\n","protected":false},"author":1,"featured_media":0,"parent":0,"menu_order":0,"comment_status":"closed","ping_status":"closed","template":"","meta":{"footnotes":""},"class_list":["post-114","page","type-page","status-publish","hentry"],"_links":{"self":[{"href":"https:\/\/maranghello.com.ar\/viajes\/index.php\/wp-json\/wp\/v2\/pages\/114","targetHints":{"allow":["GET"]}}],"collection":[{"href":"https:\/\/maranghello.com.ar\/viajes\/index.php\/wp-json\/wp\/v2\/pages"}],"about":[{"href":"https:\/\/maranghello.com.ar\/viajes\/index.php\/wp-json\/wp\/v2\/types\/page"}],"author":[{"embeddable":true,"href":"https:\/\/maranghello.com.ar\/viajes\/index.php\/wp-json\/wp\/v2\/users\/1"}],"replies":[{"embeddable":true,"href":"https:\/\/maranghello.com.ar\/viajes\/index.php\/wp-json\/wp\/v2\/comments?post=114"}],"version-history":[{"count":6,"href":"https:\/\/maranghello.com.ar\/viajes\/index.php\/wp-json\/wp\/v2\/pages\/114\/revisions"}],"predecessor-version":[{"id":403,"href":"https:\/\/maranghello.com.ar\/viajes\/index.php\/wp-json\/wp\/v2\/pages\/114\/revisions\/403"}],"wp:attachment":[{"href":"https:\/\/maranghello.com.ar\/viajes\/index.php\/wp-json\/wp\/v2\/media?parent=114"}],"curies":[{"name":"wp","href":"https:\/\/api.w.org\/{rel}","templated":true}]}}