{"id":103,"date":"2020-05-04T10:36:53","date_gmt":"2020-05-04T13:36:53","guid":{"rendered":"http:\/\/maranghello.com.ar\/viajes\/?page_id=103"},"modified":"2023-05-13T16:04:56","modified_gmt":"2023-05-13T19:04:56","slug":"viajeros-temporada-1-capitulo-5","status":"publish","type":"page","link":"https:\/\/maranghello.com.ar\/viajes\/index.php\/viajeros-temporada-1-capitulo-5\/","title":{"rendered":"Viajeros, Temporada 1, Cap\u00edtulo 5"},"content":{"rendered":"\n<h2 class=\"wp-block-heading\">Cap\u00edtulo 5, Ya que estamos, sigamos<\/h2>\n\n\n\n<figure class=\"wp-block-audio\"><audio controls src=\"http:\/\/maranghello.com.ar\/viajes\/wp-content\/uploads\/2020\/05\/T1-Capitulo05-1.mp3\"><\/audio><\/figure>\n\n\n\n<p class=\"has-medium-font-size\">A la ma\u00f1ana siguiente deb\u00edamos devolver la moto. El d\u00eda se present\u00f3 con un incre\u00edble cielo azul sin una sola nube, frio y seco. Los dolores en mi cuerpo ya no eran tan intensos. Le pregunt\u00e9 a mi mujer c\u00f3mo se sent\u00eda y dijo sentirse bien. Llam\u00e9 a Carlos y le pregunt\u00e9 si me pod\u00eda quedar con la moto hasta el d\u00eda siguiente; no tuvo problemas; llam\u00e9 a La Casa de Campo Finca La Paya, cercana a la ciudad de Cachi, distante a unos 170 kil\u00f3metros de Salta para averiguar si ten\u00edan lugar; ya hab\u00edamos estado en dos oportunidades all\u00ed, un verdadero para\u00edso en medio de los cerros. Confirmado el lugar, montamos nuevamente la moto y partimos. La idea era visitar los alrededores de Cachi donde se encuentran los campos de secado de pimientos, un espect\u00e1culo para la vista que solo puede observarse a fines de abril y principio de mayo.<\/p>\n\n\n\n<p class=\"has-medium-font-size\">Para llegar a Cachi desde Salta, se debe atravesar la pintoresca Cuesta del Obispo, tomando la RP33 en la localidad de El Carril. Los primeros cuarenta kil\u00f3metros de la RP33 son de asfalto; los cerros all\u00ed son de una exuberante vegetaci\u00f3n, la que se va perdiendo a medida de avanzar hacia el oeste, transici\u00f3n entre el ambiente de yungas a la aridez. Al pie de la Cuesta del Obispo, comienza el camino de ripio; el camino tiene curvas de 180\u00b0 t\u00edpicas de las cuestas. La altura m\u00e1xima alcanzada es de unos 3.400 metros sobre el nivel del mar en el lugar llamado Piedra del Molino y Capilla San Francisco. A medida que \u00edbamos subiendo, el tiempo se puso muy h\u00famedo y la espesa nubosidad tap\u00f3 completamente el cielo. La visibilidad fue disminuyendo a medida que ascend\u00edamos, llegando a ver solo unos 10 metros delante de nosotros. Era nuestra primera experiencia en hacer ese camino en moto, pero ya lo hab\u00edamos transitado varias veces en auto en otras oportunidades por lo que sab\u00eda qu\u00e9 nos esperaba por delante. Sentimos mucho fr\u00edo y la humedad calaba los huesos. Al llegar a la cumbre, la nubosidad qued\u00f3 debajo nuestro; el cielo de un azul \u00fanico junto con el radiante sol resultaron el premio al dif\u00edcil trayecto que dej\u00e1bamos detr\u00e1s.<\/p>\n\n\n\n<p class=\"has-medium-font-size\">Luego de pasar la Piedra del Molino y ya en asfalto, el camino se transforma en interminables rectas. Por primera vez desde el d\u00eda anterior \u00edbamos a transitar una recta larga, por lo que provech\u00e9 para acelerar la moto y llevarla a 100 kil\u00f3metros por hora y algo m\u00e1s. La temperatura del aire a esa altura era realmente helada. A pocos minutos, mi mujer comenz\u00f3 a golpear insistentemente mi hombro. Detuve la marcha al costado de la ruta. mi mujer se encontraba tiritando. Baj\u00f3 de la moto y comenz\u00f3 a caminar por la banquina a paso redoblado y con el casco colocado. Calculo que camin\u00f3 unos 100 metros y luego regres\u00f3. Ten\u00eda el visor del casco empa\u00f1ado y casi congelado. Detr\u00e1s se ve\u00eda la nube que acab\u00e1bamos de pasar. El paisaje, aunque ya conocido, se ve\u00eda muy diferente; es que viajando en autom\u00f3viles no se ve del mismo modo que desde una moto.<\/p>\n\n\n\n<p class=\"has-medium-font-size\">Reanudamos la marcha, pero ahora a menor velocidad. A poco m\u00e1s de diez kil\u00f3metros comienza el descenso hacia los Valles Calchaqu\u00edes; el camino se torna sinuoso; el camino va entre los cerros y en bajada; el calor del sol y el aire un poco m\u00e1s c\u00e1lido, transforman la experiencia en algo indescriptiblemente bello. De pronto una recta y una curva de casi 90 grados, de amplio radio, nos coloc\u00f3 en la m\u00edtica Recta del Tin Tin dentro del Parque Nacional Los Cardones; son unos doce kil\u00f3metros con un parador de descanso en medio. All\u00ed paramos a tomar algunas fotos y disfrutar del sol y la agradable temperatura ya pasado el medio d\u00eda.<\/p>\n\n\n\n<figure class=\"wp-block-image\"><img decoding=\"async\" src=\"http:\/\/maranghello.com.ar\/piloto\/wp-content\/uploads\/2020\/04\/DSC_7292-1024x681.jpg\" alt=\"\" class=\"wp-image-295\"\/><\/figure>\n\n\n\n<p class=\"has-medium-font-size\">Continuamos viaje; al finalizar la recta del Tin Tin, comienza un nuevo descenso tambi\u00e9n sinuoso y a pocos kil\u00f3metros ya se observa el Valle Calchaqu\u00ed y de fondo el impresionante Nevado de Cachi, parte de la Cordillera de los Andes, conformado por nueve cumbres, siendo la m\u00e1s alta la Cumbre del Libertador General San Mart\u00edn con 6.380 metros de altura, la m\u00e1s alta de la regi\u00f3n norte de los Andes. Y nosotros en moto.<\/p>\n\n\n\n<figure class=\"wp-block-image\"><img decoding=\"async\" src=\"http:\/\/maranghello.com.ar\/piloto\/wp-content\/uploads\/2020\/04\/DSC_7319-1024x681.jpg\" alt=\"\" class=\"wp-image-296\"\/><\/figure>\n\n\n\n<p class=\"has-medium-font-size\">Ya entrando al valle nos encontramos en el cruce con la m\u00edtica Ruta Nacional Cuarenta, (RN40) con la RP33 en el pueblo de Payogasta. La RN40 es la m\u00e1s larga de la Rep\u00fablica Argentina con sus 5.194 kil\u00f3metros, uniendo Cabo V\u00edrgenes en la Provincia de Santa Cruz bien al sur del pa\u00eds, con la ciudad de La Quiaca en el l\u00edmite norte con la Rep\u00fablica de Bolivia, siempre al pi\u00e9 de la Cordillera de los Andes.<\/p>\n\n\n\n<p class=\"has-medium-font-size\">Entrar a Payogasta por la RN40 es poner en juego muchas emociones. En los primeros cien metros, la ruta se transforma en una peque\u00f1a calle angosta surcada por casas bajas blancas; al frente la vista del Nevado y a sus pies, el Valle Calchaqu\u00ed. Solo cien metros y una curva a noventa grados para apuntar hacia el sur. Una capilla, la plaza, la municipalidad, un comedor, un caser\u00edo, un almac\u00e9n, un peque\u00f1o restaurante para viajeros, el caser\u00edo y no mucho m\u00e1s. All\u00ed almorzamos unas t\u00edpicas empanadas salte\u00f1as con una gaseosa.<\/p>\n\n\n\n<p class=\"has-medium-font-size\">Continuamos camino hacia Cachi. El camino es sinuoso; al oeste se observa el valle y el r\u00edo Calchaqu\u00ed que apenas se deja ver. Ya conoc\u00edamos este lugar pero todo se ve diferente desde una moto. La temperatura ya se torna calurosa aunque estamos entrando al \u00faltimo mes del oto\u00f1o.<\/p>\n\n\n\n<figure class=\"wp-block-image\"><img decoding=\"async\" src=\"http:\/\/maranghello.com.ar\/piloto\/wp-content\/uploads\/2020\/04\/DSC_7331-1024x681.jpg\" alt=\"\" class=\"wp-image-297\"\/><\/figure>\n\n\n\n<figure class=\"wp-block-image\"><img decoding=\"async\" src=\"http:\/\/maranghello.com.ar\/piloto\/wp-content\/uploads\/2020\/04\/DSC_7316-1024x681.jpg\" alt=\"\" class=\"wp-image-298\"\/><\/figure>\n\n\n\n<p><a href=\"http:\/\/maranghello.com.ar\/viajes\/index.php\/viajeros-temporada-1-5\/\">Cap\u00edtulo siguiente<\/a><\/p>\n","protected":false},"excerpt":{"rendered":"<p>Cap\u00edtulo 5, Ya que estamos, sigamos A la ma\u00f1ana siguiente deb\u00edamos devolver la moto. El d\u00eda se present\u00f3 con un incre\u00edble cielo azul sin una sola nube, frio y seco. Los dolores en mi cuerpo ya no eran tan intensos. Le pregunt\u00e9 a mi mujer c\u00f3mo se sent\u00eda y dijo sentirse bien. Llam\u00e9 a Carlos &hellip; <\/p>\n<p class=\"link-more\"><a href=\"https:\/\/maranghello.com.ar\/viajes\/index.php\/viajeros-temporada-1-capitulo-5\/\" class=\"more-link\">Segu\u00ed leyendo<span class=\"screen-reader-text\"> &#8220;Viajeros, Temporada 1, Cap\u00edtulo 5&#8221;<\/span><\/a><\/p>\n","protected":false},"author":1,"featured_media":0,"parent":0,"menu_order":0,"comment_status":"closed","ping_status":"closed","template":"","meta":{"footnotes":""},"class_list":["post-103","page","type-page","status-publish","hentry"],"_links":{"self":[{"href":"https:\/\/maranghello.com.ar\/viajes\/index.php\/wp-json\/wp\/v2\/pages\/103","targetHints":{"allow":["GET"]}}],"collection":[{"href":"https:\/\/maranghello.com.ar\/viajes\/index.php\/wp-json\/wp\/v2\/pages"}],"about":[{"href":"https:\/\/maranghello.com.ar\/viajes\/index.php\/wp-json\/wp\/v2\/types\/page"}],"author":[{"embeddable":true,"href":"https:\/\/maranghello.com.ar\/viajes\/index.php\/wp-json\/wp\/v2\/users\/1"}],"replies":[{"embeddable":true,"href":"https:\/\/maranghello.com.ar\/viajes\/index.php\/wp-json\/wp\/v2\/comments?post=103"}],"version-history":[{"count":6,"href":"https:\/\/maranghello.com.ar\/viajes\/index.php\/wp-json\/wp\/v2\/pages\/103\/revisions"}],"predecessor-version":[{"id":401,"href":"https:\/\/maranghello.com.ar\/viajes\/index.php\/wp-json\/wp\/v2\/pages\/103\/revisions\/401"}],"wp:attachment":[{"href":"https:\/\/maranghello.com.ar\/viajes\/index.php\/wp-json\/wp\/v2\/media?parent=103"}],"curies":[{"name":"wp","href":"https:\/\/api.w.org\/{rel}","templated":true}]}}