{"id":66,"date":"1999-02-07T11:00:00","date_gmt":"1999-02-07T14:00:00","guid":{"rendered":"http:\/\/maranghello.com.ar\/piloto\/?page_id=66"},"modified":"2025-12-04T17:07:30","modified_gmt":"2025-12-04T20:07:30","slug":"mar-de-ajo-7-febrero-1999","status":"publish","type":"page","link":"https:\/\/maranghello.com.ar\/piloto\/index.php\/tc-pista-1999\/mar-de-ajo-7-febrero-1999\/","title":{"rendered":"Mar de Aj\u00f3, 7 Febrero 1999"},"content":{"rendered":"\n<p class=\"has-medium-font-size\">Fue mi debut en el Turismo Carretera Pista.<br>No pod\u00eda creer que en la misma pista estar\u00edan corriendo pilotos como Juan Mar\u00eda Traverso, Luis Rub\u00e9n Di Palma, El Gur\u00ed Mart\u00ednez, Guillermo Ortelli\u2026<\/p>\n\n\n\n<h2 class=\"wp-block-heading\">Viernes 5<\/h2>\n\n\n\n<p class=\"has-medium-font-size\"><strong>Primer entrenamiento<\/strong><\/p>\n\n\n\n<p class=\"has-medium-font-size\">El primer contacto con la pista fue inolvidable\u2026 El d\u00eda estaba soleado y la temperatura era alta, pleno verano.<br>Comenc\u00e9 a recorrer la pista\u2026 lo hice con mucha precauci\u00f3n puesto que no la hab\u00eda recorrido nunca. En la segunda vuelta comenc\u00e9 a acelerar para empezar a buscar los l\u00edmites. Pude dar tres vueltas a velocidad lanzada. Me resultaba muy dif\u00edcil la curva tres, despu\u00e9s de un curv\u00f3n muy r\u00e1pido, esa curva ten\u00eda dos radios de giro distintos. En esas vueltas todo parec\u00eda estar perfecto y yo no sal\u00eda de mi estado de conmoci\u00f3n.. cuando apareci\u00f3 la primer bandera roja\u2026 Muchos pilotos ya hab\u00edan ido a visitar el pasto.<\/p>\n\n\n\n<figure class=\"wp-block-image alignwide size-large\"><img loading=\"lazy\" decoding=\"async\" width=\"597\" height=\"450\" src=\"https:\/\/maranghello.com.ar\/piloto\/wp-content\/uploads\/2020\/01\/tc070299.jpg\" alt=\"\" class=\"wp-image-211\" srcset=\"https:\/\/maranghello.com.ar\/piloto\/wp-content\/uploads\/2020\/01\/tc070299.jpg 597w, https:\/\/maranghello.com.ar\/piloto\/wp-content\/uploads\/2020\/01\/tc070299-300x226.jpg 300w\" sizes=\"auto, (max-width: 597px) 100vw, 597px\" \/><\/figure>\n\n\n\n<p class=\"has-medium-font-size\"> Llegu\u00e9 a boxes y me recibi\u00f3 Roberto, uno de los mec\u00e1nicos del equipo del Vaco Oyhanart. Estaba sacado  y no par\u00f3 de felicitarme por haber sido uno de los mejores hasta ese momento.<br>Se reabri\u00f3 la pista y en la segunda vuelta me qued\u00e9 sin  embrague. Di una vuelta m\u00e1s porque no quer\u00eda bajarme m\u00e1s del auto, todo era como un sue\u00f1o para mi. Pod\u00eda andar r\u00e1pido y buscar un tiempo pero mi conciencia me dijo \u00abpod\u00e9s romper la caja y te vas a quedar fuera de la carrera\u00bb. Entr\u00e9 a boxes; el Vasco revis\u00f3 y me dijo que se hab\u00eda  roto un ret\u00e9n y se hab\u00eda perdido el l\u00edquido del embrague. \u00abBajate!\u00bb sentenci\u00f3; all\u00ed termin\u00f3 mi tanda.<\/p>\n\n\n\n<h2 class=\"wp-block-heading\">Primera tanda de clasificaci\u00f3n<\/h2>\n\n\n\n<p class=\"has-medium-font-size\">Al momento de poner en marcha el motor, este no arranc\u00f3. Hicieron todo lo que pudieron pero no arranc\u00f3. La amargura se apoder\u00f3 de mi\u2026 deb\u00eda esperar al otro d\u00eda para volver a la pista desperdiciando as\u00ed la primer clasificaci\u00f3n, corriendo el riesgo de quedar fuera de la carrera. La falla la produjo el cable captor\u2026<\/p>\n\n\n\n<h2 class=\"wp-block-heading\">S\u00e1bado 6<\/h2>\n\n\n\n<p class=\"has-medium-font-size\"><strong>Primer entrenamiento<\/strong><\/p>\n\n\n\n<p class=\"has-medium-font-size\">Fue suspendido por la lluvia. Todo se me hac\u00eda eterno\u2026<\/p>\n\n\n\n<p class=\"has-medium-font-size\"><strong>Segunda tanda de clasificaci\u00f3n<\/strong><\/p>\n\n\n\n<figure class=\"wp-block-image alignwide size-large\"><img loading=\"lazy\" decoding=\"async\" width=\"590\" height=\"796\" src=\"https:\/\/maranghello.com.ar\/piloto\/wp-content\/uploads\/2020\/01\/c07029911.jpg\" alt=\"\" class=\"wp-image-170\" srcset=\"https:\/\/maranghello.com.ar\/piloto\/wp-content\/uploads\/2020\/01\/c07029911.jpg 590w, https:\/\/maranghello.com.ar\/piloto\/wp-content\/uploads\/2020\/01\/c07029911-222x300.jpg 222w\" sizes=\"auto, (max-width: 590px) 100vw, 590px\" \/><\/figure>\n\n\n\n<p class=\"has-medium-font-size\">Era a todo o nada. La foto muestra el momento previo a la salida. Esperamos m\u00e1s de media hora dentro del auto. Llov\u00eda y paraba. Dud\u00e1bamos entre poner neum\u00e1ticos para lluvia o no. En ese momento estaba muy sereno; sab\u00eda que iba a salir en alg\u00fan momento a la pista; tanta era mi serenidad que por momentos me quedaba dormido. <\/p>\n\n\n\n<p class=\"has-medium-font-size\">Finalmente se habilit\u00f3 la pista. La curva tres fue un martirio para mi. Estaba muy nervioso por poder meter un buen tiempo. Hice tres trompos en esa curva. Pude hacer una vuelta completa en la que me pase un poco al final de la recta opuesta y evit\u00e9 un trompo en la chicana de entrada a la recta principal. Con esa vuelta espantosa, clasifiqu\u00e9 d\u00e9cimo sexto, delante de mi compa\u00f1ero de equipo. <\/p>\n\n\n\n<p class=\"has-medium-font-size\">Aqu\u00ed el sonido. Tener en cuenta que se usaba caja de 4ta. en H (sin caja secuencial).<\/p>\n\n\n\n<figure class=\"wp-block-audio\"><audio controls src=\"https:\/\/maranghello.com.ar\/piloto\/wp-content\/uploads\/2020\/01\/mardeajo.mp3\"><\/audio><\/figure>\n\n\n\n<p class=\"has-medium-font-size\">Para los que tengan o\u00eddo fino, desde el minuto diez segundos y hasta el minuto quince des este archivo de sonido, podr\u00e1n apreciar que no puedo acelerar m\u00e1s debido a una barrida de trompa; al menos perd\u00ed unos 3 segundos all\u00ed. Del minuto cuarenta y tres al cuarenta y ocho se escucha el semitrompo; entr\u00e9 muy pasado all\u00ed perd\u00ed otros 3 segundos\u2026<br>Mi inexperiencia me llevo a detenerme en boxes para revisar los neum\u00e1ticos que hab\u00eda castigado en la maldita curva tres. Lamentablemente y repito, por mi inexperiencia, no me permitieron salir nuevamente a pista, el tiempo hab\u00eda terminado. Nunca deb\u00ed detenerme\u2026 El vasco revis\u00f3 y me dijo \u00abPara que paraste?!!!\u00bb;  tengo el audio de esa escena, pero me da mucha verg\u00fcenza;  lo guardo para m\u00ed.<br>En definitiva solo di unas 5 vueltas completas entre el primer entrenamiento y la \u00faltima tanda de clasificaci\u00f3n. Ahora deb\u00eda esperar la carrera.<\/p>\n\n\n\n<h2 class=\"wp-block-heading\">Domingo, La Carrera.<\/h2>\n\n\n\n<figure class=\"wp-block-image alignwide size-large\"><img loading=\"lazy\" decoding=\"async\" width=\"844\" height=\"589\" src=\"https:\/\/maranghello.com.ar\/piloto\/wp-content\/uploads\/2020\/01\/c07029910.jpg\" alt=\"\" class=\"wp-image-68\" srcset=\"https:\/\/maranghello.com.ar\/piloto\/wp-content\/uploads\/2020\/01\/c07029910.jpg 844w, https:\/\/maranghello.com.ar\/piloto\/wp-content\/uploads\/2020\/01\/c07029910-300x209.jpg 300w, https:\/\/maranghello.com.ar\/piloto\/wp-content\/uploads\/2020\/01\/c07029910-768x536.jpg 768w\" sizes=\"auto, (max-width: 844px) 100vw, 844px\" \/><\/figure>\n\n\n\n<p class=\"has-medium-font-size\">El d\u00eda era espectacular. El aut\u00f3dromo explotaba de gente. Para mi sorpresa, hab\u00eda llegado mi viejo, con mi vieja y mi hermana Aga con su familia. Me llamaron al celular. Estaban detras de un alambrado, en la \u00abpopu\u00bb\u2026 Camin\u00e9 hasta ese lugar y no pude acercarme hasta donde estaban. Separados por una zanja, mi viejo ten\u00eda una bandera que \u00e9l mismo hab\u00eda pintado. Era un \u00f3valo de Ford, que en realidad dec\u00eda FORZA! y abajo \u00abMago\u00bb (hac\u00ed me llamaban en la secundaria en alusi\u00f3n al Mago de Maranello, don Enzo Ferrari). En ese momento senti un poco de verg\u00fcenza; la gente me saludaba y otros gritaban\u2026 \u00abmago bot\u00f3n\u2026 puto\u2026\u00bb etc. Hoy quiero morirme; mi viejo all\u00ed, alent\u00e1ndome.  Viejo!!! c\u00f3mo te extra\u00f1o carajo!!! Como quisiera poder decirte que fue un gesto que no supe valorar, pero que hoy llevo en mi alma para siempre! Dar\u00eda mi vida para poder volver el tiempo atr\u00e1s y haber cruzado la zanja para abrazarte!  Luego con el tiempo pude comprender el orgullo que sent\u00edas por m\u00ed. Cuando pare de llorar sigo escribiendo.<\/p>\n\n\n\n<figure class=\"wp-block-image alignwide size-large\"><img loading=\"lazy\" decoding=\"async\" width=\"640\" height=\"480\" src=\"https:\/\/maranghello.com.ar\/piloto\/wp-content\/uploads\/2020\/01\/g070204.jpg\" alt=\"\" class=\"wp-image-173\" srcset=\"https:\/\/maranghello.com.ar\/piloto\/wp-content\/uploads\/2020\/01\/g070204.jpg 640w, https:\/\/maranghello.com.ar\/piloto\/wp-content\/uploads\/2020\/01\/g070204-300x225.jpg 300w\" sizes=\"auto, (max-width: 640px) 100vw, 640px\" \/><figcaption>Preparativos para ir a la grilla.<\/figcaption><\/figure>\n\n\n\n<p class=\"has-medium-font-size\"><br>Lleg\u00f3 la carrera. En la grilla, se acerc\u00f3 el Vasco y me dijo\u2026 \u00aband\u00e1 tranquilo que ya hay varios motores por romperse\u2026\u00bb; dicho y hecho; luego de la vuelta previa pude ver el humo azul delante de m\u00ed.<\/p>\n\n\n\n<figure class=\"wp-block-embed-youtube wp-block-embed is-type-video is-provider-youtube wp-embed-aspect-4-3 wp-has-aspect-ratio\"><div class=\"wp-block-embed__wrapper\">\n<div class=\"zak-oembed-container\"><iframe loading=\"lazy\" title=\"Largada Final TC Pista 1999 - Circuito de Mar de Aj\u00f3\" width=\"812\" height=\"609\" src=\"https:\/\/www.youtube.com\/embed\/M3L3UselXp0?feature=oembed\" frameborder=\"0\" allow=\"accelerometer; autoplay; encrypted-media; gyroscope; picture-in-picture\" allowfullscreen><\/iframe><\/div>\n<\/div><\/figure>\n\n\n\n<p class=\"has-medium-font-size\"><br>Largamos\u2026 sal\u00ed a pelear la carrera\u2026 estaba en un estado de felicidad plena. Sent\u00eda que el auto y yo \u00e9ramos una sola cosa.<br>Desde el puesto 16\u00ba trep\u00e9 al puesto 9\u00ba en tres vueltas.<\/p>\n\n\n\n<figure class=\"wp-block-embed-youtube wp-block-embed is-type-video is-provider-youtube wp-embed-aspect-4-3 wp-has-aspect-ratio\"><div class=\"wp-block-embed__wrapper\">\n<div class=\"zak-oembed-container\"><iframe loading=\"lazy\" title=\"Final TC Pista 1999 - Circuito de Mar de Aj\u00f3\" width=\"812\" height=\"609\" src=\"https:\/\/www.youtube.com\/embed\/0yAoTaZa_Bw?feature=oembed\" frameborder=\"0\" allow=\"accelerometer; autoplay; encrypted-media; gyroscope; picture-in-picture\" allowfullscreen><\/iframe><\/div>\n<\/div><\/figure>\n\n\n\n<p class=\"has-medium-font-size\">Todo marchaba perfecto. Estaba saliendo en la tele en el pelot\u00f3n de adelante, algo bueno para la b\u00fasqueda de sponsors.<\/p>\n\n\n\n<figure class=\"wp-block-embed-youtube wp-block-embed is-type-video is-provider-youtube wp-embed-aspect-4-3 wp-has-aspect-ratio\"><div class=\"wp-block-embed__wrapper\">\n<div class=\"zak-oembed-container\"><iframe loading=\"lazy\" title=\"Final TC Pista 1999 - Circuito de Mar de Aj\u00f3\" width=\"812\" height=\"609\" src=\"https:\/\/www.youtube.com\/embed\/-nera3BZIxY?feature=oembed\" frameborder=\"0\" allow=\"accelerometer; autoplay; encrypted-media; gyroscope; picture-in-picture\" allowfullscreen><\/iframe><\/div>\n<\/div><\/figure>\n\n\n\n<p class=\"has-medium-font-size\">Ve\u00eda como se despistaban otros pilotos, pas\u00e9 a varios, comenc\u00e9 a sentir que pod\u00eda ganar la carrera; esa sensaci\u00f3n que sent\u00eda en mis inicios cuando ganaba carreras en el Gol Motor Show. Me ten\u00eda toda la fe; no sent\u00eda respeto por nadie en ese momento.<br>De pronto, un toque delante m\u00edo; tres autos al pasto al final de la recta opuesta\u2026 Al salir de la curva aceler\u00e9 a pleno; un auto ven\u00eda por el pasto; la adrenalina no me permiti\u00f3 levantar el pi\u00e9 del acelerador\u2026 El auto cruz\u00f3 la pista y qued\u00f3 delante de m\u00ed; me par\u00e9 en el freno pero no pude evitar chocarlo en la cola; parec\u00eda que nada hab\u00eda pasado, segu\u00ed a fondo cuando veo que comienz\u00f3 a entrar humo azul en el habit\u00e1culo. Mi copiloto (Marisela) me hizo una se\u00f1a y no pod\u00eda respirar bien\u2026 no quise levantar; pero al llegar a la siguiente curva, el auto se puso de costado; no pude evitar el trompo completo, el aceite hab\u00eda ba\u00f1ado las ruedas derechas; quedamos montados en le piano. <\/p>\n\n\n\n<figure class=\"wp-block-embed-youtube wp-block-embed is-type-video is-provider-youtube wp-embed-aspect-4-3 wp-has-aspect-ratio\"><div class=\"wp-block-embed__wrapper\">\n<div class=\"zak-oembed-container\"><iframe loading=\"lazy\" title=\"Final TC Pista 1999 - Circuito de Mar de Aj\u00f3\" width=\"812\" height=\"609\" src=\"https:\/\/www.youtube.com\/embed\/3AT-O3OixhU?feature=oembed\" frameborder=\"0\" allow=\"accelerometer; autoplay; encrypted-media; gyroscope; picture-in-picture\" allowfullscreen><\/iframe><\/div>\n<\/div><\/figure>\n\n\n\n<p class=\"has-medium-font-size\">El auto se par\u00f3. Pero al querer arrancarlo, not\u00e9 que no ten\u00eda presi\u00f3n de aceite. Todo termin\u00f3. Estaba 6\u00ba en ese momento\u2026 Sali\u00f3 el pace car\u2026<br>Bajamos del auto y fuimos al alambrado. La gente comenz\u00f3 a acercarse. Al principio tuve miedo, pens\u00e9 que me iban a putear; pero, r\u00e1pidamente not\u00e9 que me miraban con cierta admiraci\u00f3n. \u00abFlaco, quer\u00e9s coca?\u00bb. \u00abQue te pas\u00f3?\u00bb. Todos se acercaron y escuchaban mi relato; quedaron enmudecidos. Luego comprend\u00ed que antes de ser piloto fui hincha y que para la popular no es com\u00fan estar tan cerca de un piloto; fue una experiencia inolvidable para m\u00ed. Todos se mostraban apenados y me alentaban.<br>Lleg\u00f3 el Vasco y me pregunt\u00f3 lo que hab\u00eda pasado\u2026 \u00abVenias Bien! me dijo\u2026 pero La puta MADRE!\u00bb.. Pens\u00e9 que estaba enojado conmigo\u2026<\/p>\n\n\n\n<p class=\"has-medium-font-size\">Finaliz\u00f3 la carrera. Solo llegaron 7 autos\u2026 fue una carnicer\u00eda! Se dieron por todos lados. Mi compa\u00f1ero lleg\u00f3 7\u00ba y ultimo. Me remolcaron hasta boxes. Sent\u00eda algo de culpa por lo que hab\u00eda pasado; sin embargo, para mi sorpresa, me recibieron como si hubiera ganado la carrera\u2026 no entend\u00eda nada\u2026. \u00abSaliste con el cuchillo entre los dientes!!!\u00bb dijo Roberto\u2026, \u00abAs\u00ed se corre\u2026\u00bb,  \u00abEstabas para el podio!!\u00bb dijo Zulma, la esposa el Vasco\u2026 El Vasco maldec\u00eda a un ca\u00f1o de aceite que se cort\u00f3 en el toque\u2026 \u00abPor esto quedaste a fuera!, estabas para el podio\u2026\u00bb<br><\/p>\n\n\n\n<p class=\"has-medium-font-size\">Parad\u00f3jicamente, a  mi compa\u00f1ero, que mal que mal, se llevaba un buen puesto, no le dijeron nada.<br>Me comentaron que festejaban cada sobrepaso m\u00edo, que estaban exaltados por mi actuaci\u00f3n.<\/p>\n","protected":false},"excerpt":{"rendered":"<p>Fue mi debut en el Turismo Carretera Pista.No pod\u00eda creer que en la misma pista estar\u00edan corriendo pilotos como Juan Mar\u00eda Traverso, Luis Rub\u00e9n Di Palma, El Gur\u00ed Mart\u00ednez, Guillermo Ortelli\u2026 Viernes 5 Primer entrenamiento El primer contacto con la pista fue inolvidable\u2026 El d\u00eda estaba soleado y la temperatura era alta, pleno verano.Comenc\u00e9 a [&hellip;]<\/p>\n","protected":false},"author":1,"featured_media":0,"parent":50,"menu_order":3,"comment_status":"closed","ping_status":"closed","template":"","meta":{"footnotes":""},"class_list":["post-66","page","type-page","status-publish","hentry"],"_links":{"self":[{"href":"https:\/\/maranghello.com.ar\/piloto\/index.php\/wp-json\/wp\/v2\/pages\/66","targetHints":{"allow":["GET"]}}],"collection":[{"href":"https:\/\/maranghello.com.ar\/piloto\/index.php\/wp-json\/wp\/v2\/pages"}],"about":[{"href":"https:\/\/maranghello.com.ar\/piloto\/index.php\/wp-json\/wp\/v2\/types\/page"}],"author":[{"embeddable":true,"href":"https:\/\/maranghello.com.ar\/piloto\/index.php\/wp-json\/wp\/v2\/users\/1"}],"replies":[{"embeddable":true,"href":"https:\/\/maranghello.com.ar\/piloto\/index.php\/wp-json\/wp\/v2\/comments?post=66"}],"version-history":[{"count":7,"href":"https:\/\/maranghello.com.ar\/piloto\/index.php\/wp-json\/wp\/v2\/pages\/66\/revisions"}],"predecessor-version":[{"id":220,"href":"https:\/\/maranghello.com.ar\/piloto\/index.php\/wp-json\/wp\/v2\/pages\/66\/revisions\/220"}],"up":[{"embeddable":true,"href":"https:\/\/maranghello.com.ar\/piloto\/index.php\/wp-json\/wp\/v2\/pages\/50"}],"wp:attachment":[{"href":"https:\/\/maranghello.com.ar\/piloto\/index.php\/wp-json\/wp\/v2\/media?parent=66"}],"curies":[{"name":"wp","href":"https:\/\/api.w.org\/{rel}","templated":true}]}}