{"id":227,"date":"2020-01-15T20:12:24","date_gmt":"2020-01-15T23:12:24","guid":{"rendered":"http:\/\/maranghello.com.ar\/piloto\/?page_id=227"},"modified":"2023-12-09T18:14:54","modified_gmt":"2023-12-09T21:14:54","slug":"resultados-1999","status":"publish","type":"page","link":"https:\/\/maranghello.com.ar\/piloto\/index.php\/tc-pista-1999\/resultados-1999\/","title":{"rendered":"Resultados en TC PISTA a\u00f1o 1999"},"content":{"rendered":"\n<figure class=\"wp-block-table alignwide\"><table><tbody><tr><td><strong><em>Fecha<\/em><\/strong><\/td><td><strong><em>Circuito<\/em><\/strong><\/td><td><strong><em>Clasificaci\u00f3n<\/em><\/strong><\/td><td><strong><em>Posici\u00f3n Final<\/em><\/strong><\/td><td><strong><em>Observaciones<\/em><\/strong><\/td><\/tr><tr><td><strong><a href=\"https:\/\/maranghello.com.ar\/piloto\/index.php\/tc-pista-1999\/mar-de-ajo-7-febrero-1999\/\">07\/02\/1999<\/a><\/strong><\/td><td><strong>Mar de Aj\u00f3<\/strong><\/td><td><strong>16\u00ba<\/strong><\/td><td><strong>15\u00ba<\/strong><\/td><td><strong>Abandono. Rotura de radiador de aceite en la tercer vuelta. Marchaba&nbsp;6to.<\/strong><\/td><\/tr><tr><td><strong><a href=\"https:\/\/maranghello.com.ar\/piloto\/index.php\/tc-pista-1999\/mar-de-ajo-ii-21-febrero-1999\/\">21\/02\/1999<\/a><\/strong><\/td><td><strong>Mar de Aj\u00f3<\/strong><\/td><td><strong>23\u00ba<\/strong><\/td><td><strong>11\u00ba<\/strong><\/td><td><strong>Abandono. En la \u00faltima vuelta por rotura de palier. Marchaba&nbsp;7mo.<\/strong><\/td><\/tr><tr><td><strong><a href=\"https:\/\/maranghello.com.ar\/piloto\/index.php\/9-de-julio-14-de-marzo-1999\/\">14\/03\/1999<\/a><\/strong><\/td><td><strong>Nueve de Julio<\/strong><\/td><td><strong>24\u00ba<\/strong><\/td><td><strong>11\u00ba<\/strong><\/td><td><strong>Gir\u00e9 toda la carrera con fallas en el carburador por la suciedad de la pista que entr\u00f3 por la toma din\u00e1mica en la primera vuelta.<\/strong><\/td><\/tr><tr><td><strong><a href=\"https:\/\/maranghello.com.ar\/piloto\/index.php\/la-plata-16-de-abril-1999\/\">18\/04\/1999<\/a><\/strong><\/td><td><strong>La Plata<\/strong><\/td><td><strong>25\u00ba<\/strong><\/td><td><strong>9\u00ba<\/strong><\/td><td><strong>Sin problemas.&nbsp;<\/strong><\/td><\/tr><tr><td><strong><a href=\"https:\/\/maranghello.com.ar\/piloto\/index.php\/buenos-aires-i-2-de-mayo-de-1999\/\">02\/05\/1999<\/a><\/strong><\/td><td><strong>Buenos Aires<\/strong><\/td><td><strong>27\u00ba<\/strong><\/td><td><strong>19\u00ba<\/strong><\/td><td><strong>Me retrac\u00e9 en la 5\u00ba vuelta por toque recibido en curvon. Marchaba 11\u00ba. Escal\u00e9 del puesto 34 al 19.<\/strong><\/td><\/tr><tr><td><strong><a href=\"https:\/\/maranghello.com.ar\/piloto\/index.php\/9-de-julio-ii-4-de-julio-de-1999\/\">04\/07\/1999<\/a><\/strong><\/td><td><strong>Nueve de Julio<\/strong><\/td><td><strong>28\u00ba<\/strong><\/td><td><strong>13\u00ba<\/strong><\/td><td><strong>Problemas de freno en clasificaci\u00f3n y en la final desde la 3\u00ba vuelta.<\/strong><\/td><\/tr><tr><td><strong><a href=\"https:\/\/maranghello.com.ar\/piloto\/index.php\/la-plata-ii-5-de-agosto-de-1999\/\">15\/08\/1999<\/a><\/strong><\/td><td><strong>La Plata<\/strong><\/td><td><strong>32\u00ba<\/strong><\/td><td><strong>31\u00ba<\/strong><\/td><td><strong>Abandono. Rotura de caja a 4 vueltas del final. Marchaba&nbsp;11\u00ba<\/strong><\/td><\/tr><tr><td><strong><a href=\"https:\/\/maranghello.com.ar\/piloto\/index.php\/buenos-aires-ii-5-de-septiembre-de-1999\/\">05\/09\/1999<\/a><\/strong><\/td><td><strong>Buenos Aires<\/strong><\/td><td><strong>20\u00ba<\/strong><\/td><td><strong>11\u00ba<\/strong><\/td><td><strong>Bajo torrencial lluvia.<\/strong><\/td><\/tr><tr><td><strong><a href=\"https:\/\/maranghello.com.ar\/piloto\/index.php\/rafaela-26-de-septiembre-de-1999\/\">26\/09\/1999<\/a><\/strong><\/td><td><strong>Rafaela<\/strong><\/td><td><strong>21\u00ba<\/strong><\/td><td><strong>30\u00ba<\/strong><\/td><td><strong>Abandono. En la 3\u00ba vuelta por rotura de motor. Marchaba&nbsp;15\u00ba<\/strong><\/td><\/tr><tr><td><strong><a href=\"https:\/\/maranghello.com.ar\/piloto\/index.php\/buenos-aires-iii-14-de-noviembre-de-1999\/\">14\/11\/1999<\/a><\/strong><\/td><td><strong>Buenos Aires<\/strong><\/td><td><strong>22\u00ba<\/strong><\/td><td><strong>33\u00ba<\/strong><\/td><td><strong>Abandono. Problemas de temperatura en clasificacion y abandono en la final por igual problema. Marchaba&nbsp;15\u00ba&nbsp;en la 6\u00ba vuelta.<\/strong><\/td><\/tr><\/tbody><\/table><\/figure>\n","protected":false},"excerpt":{"rendered":"<p>Fecha Circuito Clasificaci\u00f3n Posici\u00f3n Final Observaciones 07\/02\/1999 Mar de Aj\u00f3 16\u00ba 15\u00ba Abandono. Rotura de radiador de aceite en la tercer vuelta. Marchaba&nbsp;6to. 21\/02\/1999 Mar de Aj\u00f3 23\u00ba 11\u00ba Abandono. En la \u00faltima vuelta por rotura de palier. Marchaba&nbsp;7mo. 14\/03\/1999 Nueve de Julio 24\u00ba 11\u00ba Gir\u00e9 toda la carrera con fallas en el carburador por [&hellip;]<\/p>\n","protected":false},"author":1,"featured_media":159,"parent":50,"menu_order":0,"comment_status":"closed","ping_status":"closed","template":"","meta":{"footnotes":""},"class_list":["post-227","page","type-page","status-publish","has-post-thumbnail","hentry"],"_links":{"self":[{"href":"https:\/\/maranghello.com.ar\/piloto\/index.php\/wp-json\/wp\/v2\/pages\/227","targetHints":{"allow":["GET"]}}],"collection":[{"href":"https:\/\/maranghello.com.ar\/piloto\/index.php\/wp-json\/wp\/v2\/pages"}],"about":[{"href":"https:\/\/maranghello.com.ar\/piloto\/index.php\/wp-json\/wp\/v2\/types\/page"}],"author":[{"embeddable":true,"href":"https:\/\/maranghello.com.ar\/piloto\/index.php\/wp-json\/wp\/v2\/users\/1"}],"replies":[{"embeddable":true,"href":"https:\/\/maranghello.com.ar\/piloto\/index.php\/wp-json\/wp\/v2\/comments?post=227"}],"version-history":[{"count":4,"href":"https:\/\/maranghello.com.ar\/piloto\/index.php\/wp-json\/wp\/v2\/pages\/227\/revisions"}],"predecessor-version":[{"id":420,"href":"https:\/\/maranghello.com.ar\/piloto\/index.php\/wp-json\/wp\/v2\/pages\/227\/revisions\/420"}],"up":[{"embeddable":true,"href":"https:\/\/maranghello.com.ar\/piloto\/index.php\/wp-json\/wp\/v2\/pages\/50"}],"wp:featuredmedia":[{"embeddable":true,"href":"https:\/\/maranghello.com.ar\/piloto\/index.php\/wp-json\/wp\/v2\/media\/159"}],"wp:attachment":[{"href":"https:\/\/maranghello.com.ar\/piloto\/index.php\/wp-json\/wp\/v2\/media?parent=227"}],"curies":[{"name":"wp","href":"https:\/\/api.w.org\/{rel}","templated":true}]}}