{"id":141,"date":"2020-01-14T17:39:55","date_gmt":"2020-01-14T20:39:55","guid":{"rendered":"http:\/\/maranghello.com.ar\/piloto\/?page_id=141"},"modified":"2020-01-24T18:38:04","modified_gmt":"2020-01-24T21:38:04","slug":"buenos-aires-iii-14-de-noviembre-de-1999","status":"publish","type":"page","link":"https:\/\/maranghello.com.ar\/piloto\/index.php\/buenos-aires-iii-14-de-noviembre-de-1999\/","title":{"rendered":"Buenos Aires III, 14 de Noviembre de 1999"},"content":{"rendered":"\n<figure class=\"wp-block-image size-large\"><img loading=\"lazy\" decoding=\"async\" width=\"811\" height=\"565\" src=\"https:\/\/maranghello.com.ar\/piloto\/wp-content\/uploads\/2020\/01\/bsasiii-1.jpg\" alt=\"\" class=\"wp-image-142\" srcset=\"https:\/\/maranghello.com.ar\/piloto\/wp-content\/uploads\/2020\/01\/bsasiii-1.jpg 811w, https:\/\/maranghello.com.ar\/piloto\/wp-content\/uploads\/2020\/01\/bsasiii-1-300x209.jpg 300w, https:\/\/maranghello.com.ar\/piloto\/wp-content\/uploads\/2020\/01\/bsasiii-1-768x535.jpg 768w\" sizes=\"auto, (max-width: 811px) 100vw, 811px\" \/><\/figure>\n\n\n\n<figure class=\"wp-block-embed-youtube wp-block-embed is-type-video is-provider-youtube wp-embed-aspect-4-3 wp-has-aspect-ratio\"><div class=\"wp-block-embed__wrapper\">\n<div class=\"zak-oembed-container\"><iframe loading=\"lazy\" title=\"TC Pista 1999 - Aut\u00f3dromo Oscar G\u00e1lvez de Bs.As. 14 Noviembre - Vuelta Previa\" width=\"812\" height=\"609\" src=\"https:\/\/www.youtube.com\/embed\/MduPsUTX0Tk?feature=oembed\" frameborder=\"0\" allow=\"accelerometer; autoplay; encrypted-media; gyroscope; picture-in-picture\" allowfullscreen><\/iframe><\/div>\n<\/div><figcaption>Vuelta Previa y Grilla<\/figcaption><\/figure>\n\n\n\n<figure class=\"wp-block-embed-youtube wp-block-embed is-type-video is-provider-youtube wp-embed-aspect-4-3 wp-has-aspect-ratio\"><div class=\"wp-block-embed__wrapper\">\n<div class=\"zak-oembed-container\"><iframe loading=\"lazy\" title=\"TC Pista 1999 - Aut\u00f3dromo Oscar G\u00e1lvez de Bs.As. 14 Noviembre - 6ta vuelta\" width=\"812\" height=\"609\" src=\"https:\/\/www.youtube.com\/embed\/2DM9PPdvou0?feature=oembed\" frameborder=\"0\" allow=\"accelerometer; autoplay; encrypted-media; gyroscope; picture-in-picture\" allowfullscreen><\/iframe><\/div>\n<\/div><figcaption>Sexta vuelta. Accidente en el Salotto<br><\/figcaption><\/figure>\n\n\n\n<figure class=\"wp-block-embed-youtube wp-block-embed is-type-video is-provider-youtube wp-embed-aspect-4-3 wp-has-aspect-ratio\"><div class=\"wp-block-embed__wrapper\">\n<div class=\"zak-oembed-container\"><iframe loading=\"lazy\" title=\"TC Pista 1999 - Aut\u00f3dromo Oscar G\u00e1lvez de Bs.As. 14 Noviembre - 6ta vuelta, repetici\u00f3n Salotto\" width=\"812\" height=\"609\" src=\"https:\/\/www.youtube.com\/embed\/OmzeXMad8KU?feature=oembed\" frameborder=\"0\" allow=\"accelerometer; autoplay; encrypted-media; gyroscope; picture-in-picture\" allowfullscreen><\/iframe><\/div>\n<\/div><figcaption>El final.<\/figcaption><\/figure>\n","protected":false},"excerpt":{"rendered":"","protected":false},"author":1,"featured_media":0,"parent":0,"menu_order":0,"comment_status":"closed","ping_status":"closed","template":"","meta":{"footnotes":""},"class_list":["post-141","page","type-page","status-publish","hentry"],"_links":{"self":[{"href":"https:\/\/maranghello.com.ar\/piloto\/index.php\/wp-json\/wp\/v2\/pages\/141","targetHints":{"allow":["GET"]}}],"collection":[{"href":"https:\/\/maranghello.com.ar\/piloto\/index.php\/wp-json\/wp\/v2\/pages"}],"about":[{"href":"https:\/\/maranghello.com.ar\/piloto\/index.php\/wp-json\/wp\/v2\/types\/page"}],"author":[{"embeddable":true,"href":"https:\/\/maranghello.com.ar\/piloto\/index.php\/wp-json\/wp\/v2\/users\/1"}],"replies":[{"embeddable":true,"href":"https:\/\/maranghello.com.ar\/piloto\/index.php\/wp-json\/wp\/v2\/comments?post=141"}],"version-history":[{"count":2,"href":"https:\/\/maranghello.com.ar\/piloto\/index.php\/wp-json\/wp\/v2\/pages\/141\/revisions"}],"predecessor-version":[{"id":275,"href":"https:\/\/maranghello.com.ar\/piloto\/index.php\/wp-json\/wp\/v2\/pages\/141\/revisions\/275"}],"wp:attachment":[{"href":"https:\/\/maranghello.com.ar\/piloto\/index.php\/wp-json\/wp\/v2\/media?parent=141"}],"curies":[{"name":"wp","href":"https:\/\/api.w.org\/{rel}","templated":true}]}}