{"id":13,"date":"2020-01-14T12:12:50","date_gmt":"2020-01-14T15:12:50","guid":{"rendered":"http:\/\/maranghello.com.ar\/piloto\/?page_id=13"},"modified":"2020-02-14T11:53:56","modified_gmt":"2020-02-14T14:53:56","slug":"acerca-de","status":"publish","type":"page","link":"https:\/\/maranghello.com.ar\/piloto\/index.php\/acerca-de\/","title":{"rendered":"Mi pasi\u00f3n por los fierros."},"content":{"rendered":"\n<p class=\"has-medium-font-size\">Desde que era chico siempre so\u00f1aba con ser corredor de\nautos. Aprend\u00ed a manejar tractores a los 7 a\u00f1os en el campo de mis primos en\nC\u00f3rdoba y m\u00e1s tarde, a los 8 ya manejaba autos (Fiat 1500, fierro para la\n\u00e9poca) haciendo los cambios.<\/p>\n\n\n\n<p class=\"has-medium-font-size\">Ya m\u00e1s grandecito empec\u00e9 a seguir la campa\u00f1a del Lole, mi\n\u00eddolo en F1 y a la vez me imaginaba montado sobre un auto de carreras. En 1987\ncomenc\u00e9 a averiguar sobre los cursos de piloto de F\u00f3rmula Ranault pero me\nresultaban caros y no dispon\u00eda de tiempo para hacerlos.<\/p>\n\n\n\n<p class=\"has-medium-font-size\">Siempre sent\u00eda que podr\u00eda subir a un auto de carreras y ganar una carrera. En abril de 1997 me enter\u00e9 de una categor\u00eda promocional para principiantes, el Gol Motor Show.&nbsp; Por primera vez pude subirme a un auto de carreras, clasificar y correr una carrera, largando en 5to. lugar y llegando en el tercer puesto; en la segunda carrera, hacer la pole y ganar de punta a punta.&nbsp; Corr\u00ed 9 carreras obteniendo cinco triunfos, dos segundos puestos, un tercer puesto.<\/p>\n\n\n\n<p class=\"has-medium-font-size\">Luego de haber cumplido mi sue\u00f1o pas\u00e9 a una categor\u00eda superior. Se trat\u00f3 de la Monomarca Daewoo Tico . Fui invitado por pilotos de esa categor\u00eda a quienes me di el gusto de vencer en una competencia de Gol Motor. Era una categor\u00eda zonal con licencia de la CDA. Claro, mi sue\u00f1o pas\u00f3 a lograr participar en el todo el campeonato.&nbsp; Ingres\u00e9 con una competencia menos debutando con un sexto puesto, lo que me ubic\u00f3 tambi\u00e9n en sexto lugar en el campeonato. Con mucho esfuerzo logr\u00e9 completar todo el a\u00f1o, finalizando en 9\u00ba lugar en el ranking.<\/p>\n\n\n\n<p class=\"has-medium-font-size\">Pero al finalizar 1998, apareci\u00f3 algo inesperado para mi: el Turismo Carretera Pista en el equipo del Vasco Oyhanart. Fui invitado como acompa\u00f1ante pero luego de las primeras pruebas, termin\u00e9 como piloto. Click <a href=\"https:\/\/maranghello.com.ar\/piloto\/index.php\/tc-pista-1999\/\">aqu\u00ed<\/a> para conocer m\u00e1s detalles de ese momento. Fue incre\u00edble, pero durante 1999 compet\u00ed en el TC Pista arriba de un Ford de mi amigo el Vasco Oyhanart. En el 2000, tuve una aparici\u00f3n en la Top Race con el Mercedes de Emilio Satriano. No me acompa\u00f1\u00f3 el auto, se rompi\u00f3 r\u00e1pidamente pudiendo solo realizar la mitad de una carrera. Fue esa la \u00faltima vez que pude estar sobre un auto de carrera. Pasaron muchos a\u00f1os; hoy recuerdo todo con mucho orgullo y alegr\u00eda; estuve all\u00ed&#8230;<\/p>\n\n\n\n<figure class=\"wp-block-embed-youtube aligncenter wp-block-embed is-type-video is-provider-youtube wp-embed-aspect-4-3 wp-has-aspect-ratio\"><div class=\"wp-block-embed__wrapper\">\n<div class=\"zak-oembed-container\"><iframe loading=\"lazy\" title=\"Clip Participaci\u00f3n en TC Pista 1999 y Top Race 2000\" width=\"812\" height=\"609\" src=\"https:\/\/www.youtube.com\/embed\/wyrTT4Hhnsw?feature=oembed\" frameborder=\"0\" allow=\"accelerometer; autoplay; encrypted-media; gyroscope; picture-in-picture\" allowfullscreen><\/iframe><\/div>\n<\/div><figcaption>Video Clip al r\u00edtmo de Met\u00e1lica<\/figcaption><\/figure>\n","protected":false},"excerpt":{"rendered":"<p>Desde que era chico siempre so\u00f1aba con ser corredor de autos. Aprend\u00ed a manejar tractores a los 7 a\u00f1os en el campo de mis primos en C\u00f3rdoba y m\u00e1s tarde, a los 8 ya manejaba autos (Fiat 1500, fierro para la \u00e9poca) haciendo los cambios. Ya m\u00e1s grandecito empec\u00e9 a seguir la campa\u00f1a del Lole, [&hellip;]<\/p>\n","protected":false},"author":1,"featured_media":156,"parent":0,"menu_order":0,"comment_status":"open","ping_status":"closed","template":"","meta":{"footnotes":""},"class_list":["post-13","page","type-page","status-publish","has-post-thumbnail","hentry"],"_links":{"self":[{"href":"https:\/\/maranghello.com.ar\/piloto\/index.php\/wp-json\/wp\/v2\/pages\/13","targetHints":{"allow":["GET"]}}],"collection":[{"href":"https:\/\/maranghello.com.ar\/piloto\/index.php\/wp-json\/wp\/v2\/pages"}],"about":[{"href":"https:\/\/maranghello.com.ar\/piloto\/index.php\/wp-json\/wp\/v2\/types\/page"}],"author":[{"embeddable":true,"href":"https:\/\/maranghello.com.ar\/piloto\/index.php\/wp-json\/wp\/v2\/users\/1"}],"replies":[{"embeddable":true,"href":"https:\/\/maranghello.com.ar\/piloto\/index.php\/wp-json\/wp\/v2\/comments?post=13"}],"version-history":[{"count":11,"href":"https:\/\/maranghello.com.ar\/piloto\/index.php\/wp-json\/wp\/v2\/pages\/13\/revisions"}],"predecessor-version":[{"id":283,"href":"https:\/\/maranghello.com.ar\/piloto\/index.php\/wp-json\/wp\/v2\/pages\/13\/revisions\/283"}],"wp:featuredmedia":[{"embeddable":true,"href":"https:\/\/maranghello.com.ar\/piloto\/index.php\/wp-json\/wp\/v2\/media\/156"}],"wp:attachment":[{"href":"https:\/\/maranghello.com.ar\/piloto\/index.php\/wp-json\/wp\/v2\/media?parent=13"}],"curies":[{"name":"wp","href":"https:\/\/api.w.org\/{rel}","templated":true}]}}